{"id":2047,"date":"2025-04-18T06:01:26","date_gmt":"2025-04-18T04:01:26","guid":{"rendered":"https:\/\/www.regionalis.shop\/ricardart\/product\/amazonit-tuerkis-armband-serenity\/"},"modified":"2025-04-18T06:01:26","modified_gmt":"2025-04-18T04:01:26","slug":"amazonit-tuerkis-armband-serenity","status":"publish","type":"product","link":"https:\/\/www.regionalis.shop\/ricardart\/shop\/amazonit-tuerkis-armband-serenity\/","title":{"rendered":"Amazonit-T\u00fcrkis Armband *SERENITY*"},"content":{"rendered":"<p>Amazonit &#038; T\u00fcrkis &#8211; Krisenhelfer &#038; Trostspender<br \/>\nDer beruhigende Amazonit mit seiner ausgleichenden Wirkung kombiniert mit den  belebenden Eigenschaften des T\u00fcrkis, der f\u00fcr Lebenskraft, Lebensfreude &#038; Selbstvertrauen steht &#8211; Diese beiden t\u00fcrkisfarbenen Wunder der Natur ergeben zusammen den idealen Krisenhelfer. Am besten direkt am K\u00f6rper getragen sind sie dir treue &#038; wohlwollende Begleiter, Trostspender &#038; Mutmacher &#8211; ganz besonders in schwierigen &#038; herausfordernden Lebensphasen<br \/>\n~<br \/>\nKraftvolles Edelsteinarmband mit nat\u00fcrlichem Amazonit (10mm) &#038; T\u00fcrkis (6mm), von Hand gefertigt aus wasserfestem Makrameegarn (gewachst &#038; strapazierf\u00e4hig), mit kleinen, facettierten Messingperlen, 18k vergoldeten Kupferperlen &#038; l\u00e4ngenverstellbarem Schiebeverschluss zum individuellen anpassen<\/p>\n<p>Du bekommst dein Armband h\u00fcbsch verpackt in einer handbedruckten Box aus recyceltem Altpapier, mit pers\u00f6nlichem Steckbrief beigelegt auf dem du die wichtigsten Infos zu deinem neuen Begleiter nachlesen kannst<\/p>\n","protected":false},"excerpt":{"rendered":"<p>Amazonit &#038; T\u00fcrkis &#8211; Krisenhelfer &#038; Trostspender Der beruhigende Amazonit mit seiner ausgleichenden Wirkung kombiniert mit den belebenden Eigenschaften des T\u00fcrkis, der f\u00fcr Lebenskraft, Lebensfreude &#038; Selbstvertrauen steht &#8211; Diese beiden t\u00fcrkisfarbenen Wunder der Natur ergeben zusammen den idealen Krisenhelfer. Am besten direkt am K\u00f6rper getragen sind sie dir treue &#038; wohlwollende Begleiter, Trostspender &#038; &hellip; <a href=\"https:\/\/www.regionalis.shop\/ricardart\/shop\/amazonit-tuerkis-armband-serenity\/\">Continued<\/a><\/p>\n","protected":false},"featured_media":2048,"template":"","meta":{"_acf_changed":false},"product_brand":[],"product_cat":[110,70],"product_tag":[],"class_list":{"0":"post-2047","1":"product","2":"type-product","3":"status-publish","4":"has-post-thumbnail","6":"product_cat-armbaender","7":"product_cat-schmuck","9":"first","10":"instock","11":"purchasable","12":"product-type-simple"},"acf":[],"_links":{"self":[{"href":"https:\/\/www.regionalis.shop\/ricardart\/wp-json\/wp\/v2\/product\/2047","targetHints":{"allow":["GET"]}}],"collection":[{"href":"https:\/\/www.regionalis.shop\/ricardart\/wp-json\/wp\/v2\/product"}],"about":[{"href":"https:\/\/www.regionalis.shop\/ricardart\/wp-json\/wp\/v2\/types\/product"}],"wp:featuredmedia":[{"embeddable":true,"href":"https:\/\/www.regionalis.shop\/ricardart\/wp-json\/wp\/v2\/media\/2048"}],"wp:attachment":[{"href":"https:\/\/www.regionalis.shop\/ricardart\/wp-json\/wp\/v2\/media?parent=2047"}],"wp:term":[{"taxonomy":"product_brand","embeddable":true,"href":"https:\/\/www.regionalis.shop\/ricardart\/wp-json\/wp\/v2\/product_brand?post=2047"},{"taxonomy":"product_cat","embeddable":true,"href":"https:\/\/www.regionalis.shop\/ricardart\/wp-json\/wp\/v2\/product_cat?post=2047"},{"taxonomy":"product_tag","embeddable":true,"href":"https:\/\/www.regionalis.shop\/ricardart\/wp-json\/wp\/v2\/product_tag?post=2047"}],"curies":[{"name":"wp","href":"https:\/\/api.w.org\/{rel}","templated":true}]}}