{"id":2052,"date":"2025-04-18T05:57:45","date_gmt":"2025-04-18T03:57:45","guid":{"rendered":"https:\/\/www.regionalis.shop\/ricardart\/product\/lotus-makramee-mit-rosenquarz-prismakristall-natural-white\/"},"modified":"2025-04-18T05:57:45","modified_gmt":"2025-04-18T03:57:45","slug":"lotus-makramee-mit-rosenquarz-prismakristall-natural-white","status":"publish","type":"product","link":"https:\/\/www.regionalis.shop\/ricardart\/shop\/lotus-makramee-mit-rosenquarz-prismakristall-natural-white\/","title":{"rendered":"LOTUS Makramee mit Rosenquarz &#038; Prismakristall *natural white"},"content":{"rendered":"<p>Handgekn\u00fcpftes Wohnaccessoire aus  recycelter Baumwolle, mit Perlen Lotusblume aus Holz (11cm breit), nat\u00fcrlichem Rosenquarz &#038; Regenbogenkristall zur Spaltung &#038; Reflexion des Sonnenlichts<br \/>\nGeeignet sowohl f\u00fcrs Schlafzimmer \u00fcberm Bett, als auch f\u00fcr kahle W\u00e4nde &#038; Wohnr\u00e4ume. Ganz besonders gern h\u00e4ngt er an sonnigen Pl\u00e4tzchen, da der Regenbogenkristall (wie bei Sonnenf\u00e4ngern f\u00fcrs Fenster) die Sonnenstrahlen spaltet und so das wunderbare Farbenspektrun des Regenbogens an den W\u00e4nden reflektiert<br \/>\nGesamtl\u00e4nge (ohne Schlaufe) ~ 35cm<\/p>\n","protected":false},"excerpt":{"rendered":"<p>Handgekn\u00fcpftes Wohnaccessoire aus recycelter Baumwolle, mit Perlen Lotusblume aus Holz (11cm breit), nat\u00fcrlichem Rosenquarz &#038; Regenbogenkristall zur Spaltung &#038; Reflexion des Sonnenlichts Geeignet sowohl f\u00fcrs Schlafzimmer \u00fcberm Bett, als auch f\u00fcr kahle W\u00e4nde &#038; Wohnr\u00e4ume. Ganz besonders gern h\u00e4ngt er an sonnigen Pl\u00e4tzchen, da der Regenbogenkristall (wie bei Sonnenf\u00e4ngern f\u00fcrs Fenster) die Sonnenstrahlen spaltet und &hellip; <a href=\"https:\/\/www.regionalis.shop\/ricardart\/shop\/lotus-makramee-mit-rosenquarz-prismakristall-natural-white\/\">Continued<\/a><\/p>\n","protected":false},"featured_media":2053,"template":"","meta":{"_acf_changed":false},"product_brand":[],"product_cat":[174,103],"product_tag":[],"class_list":{"0":"post-2052","1":"product","2":"type-product","3":"status-publish","4":"has-post-thumbnail","6":"product_cat-wohndekoration","7":"product_cat-wohnen-deko","9":"first","10":"instock","11":"purchasable","12":"product-type-simple"},"acf":[],"_links":{"self":[{"href":"https:\/\/www.regionalis.shop\/ricardart\/wp-json\/wp\/v2\/product\/2052","targetHints":{"allow":["GET"]}}],"collection":[{"href":"https:\/\/www.regionalis.shop\/ricardart\/wp-json\/wp\/v2\/product"}],"about":[{"href":"https:\/\/www.regionalis.shop\/ricardart\/wp-json\/wp\/v2\/types\/product"}],"wp:featuredmedia":[{"embeddable":true,"href":"https:\/\/www.regionalis.shop\/ricardart\/wp-json\/wp\/v2\/media\/2053"}],"wp:attachment":[{"href":"https:\/\/www.regionalis.shop\/ricardart\/wp-json\/wp\/v2\/media?parent=2052"}],"wp:term":[{"taxonomy":"product_brand","embeddable":true,"href":"https:\/\/www.regionalis.shop\/ricardart\/wp-json\/wp\/v2\/product_brand?post=2052"},{"taxonomy":"product_cat","embeddable":true,"href":"https:\/\/www.regionalis.shop\/ricardart\/wp-json\/wp\/v2\/product_cat?post=2052"},{"taxonomy":"product_tag","embeddable":true,"href":"https:\/\/www.regionalis.shop\/ricardart\/wp-json\/wp\/v2\/product_tag?post=2052"}],"curies":[{"name":"wp","href":"https:\/\/api.w.org\/{rel}","templated":true}]}}