{"id":2056,"date":"2025-04-18T05:56:32","date_gmt":"2025-04-18T03:56:32","guid":{"rendered":"https:\/\/www.regionalis.shop\/ricardart\/product\/makramee-schluesselanhaenger-lotus-bronze\/"},"modified":"2025-04-18T05:56:32","modified_gmt":"2025-04-18T03:56:32","slug":"makramee-schluesselanhaenger-lotus-bronze","status":"publish","type":"product","link":"https:\/\/www.regionalis.shop\/ricardart\/shop\/makramee-schluesselanhaenger-lotus-bronze\/","title":{"rendered":"Makramee Schl\u00fcsselanh\u00e4nger *LOTUS bronze"},"content":{"rendered":"<p>Gekn\u00fcpfter Makramee-Schl\u00fcsselanh\u00e4nger aus recycelter Baumwolle mit Holzperle, 25mm Messingring &#038; Lotusanh\u00e4nger in bronze<br \/>\nGesamtl\u00e4nge: ~ 10cm<\/p>\n<p>* Die LOTUSBLUME symbolisiert Sch\u00f6nheit, Fruchtbarkeit, Wiedergeburt &#038; Reinheit und ist besonders im Hinduismus &#038; Buddhismus ein weit verbreitetes Symbol<\/p>\n","protected":false},"excerpt":{"rendered":"<p>Gekn\u00fcpfter Makramee-Schl\u00fcsselanh\u00e4nger aus recycelter Baumwolle mit Holzperle, 25mm Messingring &#038; Lotusanh\u00e4nger in bronze Gesamtl\u00e4nge: ~ 10cm * Die LOTUSBLUME symbolisiert Sch\u00f6nheit, Fruchtbarkeit, Wiedergeburt &#038; Reinheit und ist besonders im Hinduismus &#038; Buddhismus ein weit verbreitetes Symbol<\/p>\n","protected":false},"featured_media":2057,"template":"","meta":{"_acf_changed":false},"product_brand":[],"product_cat":[37,68],"product_tag":[],"class_list":{"0":"post-2056","1":"product","2":"type-product","3":"status-publish","4":"has-post-thumbnail","6":"product_cat-accessoires","7":"product_cat-schluesselanhaenger","9":"first","10":"instock","11":"purchasable","12":"product-type-simple"},"acf":[],"_links":{"self":[{"href":"https:\/\/www.regionalis.shop\/ricardart\/wp-json\/wp\/v2\/product\/2056","targetHints":{"allow":["GET"]}}],"collection":[{"href":"https:\/\/www.regionalis.shop\/ricardart\/wp-json\/wp\/v2\/product"}],"about":[{"href":"https:\/\/www.regionalis.shop\/ricardart\/wp-json\/wp\/v2\/types\/product"}],"wp:featuredmedia":[{"embeddable":true,"href":"https:\/\/www.regionalis.shop\/ricardart\/wp-json\/wp\/v2\/media\/2057"}],"wp:attachment":[{"href":"https:\/\/www.regionalis.shop\/ricardart\/wp-json\/wp\/v2\/media?parent=2056"}],"wp:term":[{"taxonomy":"product_brand","embeddable":true,"href":"https:\/\/www.regionalis.shop\/ricardart\/wp-json\/wp\/v2\/product_brand?post=2056"},{"taxonomy":"product_cat","embeddable":true,"href":"https:\/\/www.regionalis.shop\/ricardart\/wp-json\/wp\/v2\/product_cat?post=2056"},{"taxonomy":"product_tag","embeddable":true,"href":"https:\/\/www.regionalis.shop\/ricardart\/wp-json\/wp\/v2\/product_tag?post=2056"}],"curies":[{"name":"wp","href":"https:\/\/api.w.org\/{rel}","templated":true}]}}