{"id":2059,"date":"2025-04-18T05:55:22","date_gmt":"2025-04-18T03:55:22","guid":{"rendered":"https:\/\/www.regionalis.shop\/ricardart\/product\/wandmakramee-lotus-dusty-pink\/"},"modified":"2025-04-18T05:55:22","modified_gmt":"2025-04-18T03:55:22","slug":"wandmakramee-lotus-dusty-pink","status":"publish","type":"product","link":"https:\/\/www.regionalis.shop\/ricardart\/shop\/wandmakramee-lotus-dusty-pink\/","title":{"rendered":"Wandmakramee *LOTUS* dusty pink"},"content":{"rendered":"<p>Handgefertigtes Makrameedesign<br \/>\n12cm Holzreifen (Bambus) umkn\u00fcpft mit Makrameegarn aus recycelter Baumwolle (OEKOTEX), best\u00fcckt mit Holzperlen &#038; einem facettierten Prismaglaskristall &#8211;><br \/>\n&#8222;Sonnenf\u00e4nger-Effekt&#8220;: F\u00e4llt Licht auf ein Prisma\/ einen Prismakristall, so wird\u00a0 es gespalten &#038; in den wundersch\u00f6nen\u00a0 Farben des Regenbogens (Spektralfarben) auf deinen W\u00e4nden &#038; auf umgebenden Fl\u00e4chen reflektiert<br \/>\nGesamtl\u00e4nge (ohne Aufh\u00e4ngun): ~27cm<\/p>\n","protected":false},"excerpt":{"rendered":"<p>Handgefertigtes Makrameedesign 12cm Holzreifen (Bambus) umkn\u00fcpft mit Makrameegarn aus recycelter Baumwolle (OEKOTEX), best\u00fcckt mit Holzperlen &#038; einem facettierten Prismaglaskristall &#8211;> &#8222;Sonnenf\u00e4nger-Effekt&#8220;: F\u00e4llt Licht auf ein Prisma\/ einen Prismakristall, so wird\u00a0 es gespalten &#038; in den wundersch\u00f6nen\u00a0 Farben des Regenbogens (Spektralfarben) auf deinen W\u00e4nden &#038; auf umgebenden Fl\u00e4chen reflektiert Gesamtl\u00e4nge (ohne Aufh\u00e4ngun): ~27cm<\/p>\n","protected":false},"featured_media":2060,"template":"","meta":{"_acf_changed":false},"product_brand":[],"product_cat":[174,103],"product_tag":[],"class_list":{"0":"post-2059","1":"product","2":"type-product","3":"status-publish","4":"has-post-thumbnail","6":"product_cat-wohndekoration","7":"product_cat-wohnen-deko","9":"first","10":"instock","11":"purchasable","12":"product-type-simple"},"acf":[],"_links":{"self":[{"href":"https:\/\/www.regionalis.shop\/ricardart\/wp-json\/wp\/v2\/product\/2059","targetHints":{"allow":["GET"]}}],"collection":[{"href":"https:\/\/www.regionalis.shop\/ricardart\/wp-json\/wp\/v2\/product"}],"about":[{"href":"https:\/\/www.regionalis.shop\/ricardart\/wp-json\/wp\/v2\/types\/product"}],"wp:featuredmedia":[{"embeddable":true,"href":"https:\/\/www.regionalis.shop\/ricardart\/wp-json\/wp\/v2\/media\/2060"}],"wp:attachment":[{"href":"https:\/\/www.regionalis.shop\/ricardart\/wp-json\/wp\/v2\/media?parent=2059"}],"wp:term":[{"taxonomy":"product_brand","embeddable":true,"href":"https:\/\/www.regionalis.shop\/ricardart\/wp-json\/wp\/v2\/product_brand?post=2059"},{"taxonomy":"product_cat","embeddable":true,"href":"https:\/\/www.regionalis.shop\/ricardart\/wp-json\/wp\/v2\/product_cat?post=2059"},{"taxonomy":"product_tag","embeddable":true,"href":"https:\/\/www.regionalis.shop\/ricardart\/wp-json\/wp\/v2\/product_tag?post=2059"}],"curies":[{"name":"wp","href":"https:\/\/api.w.org\/{rel}","templated":true}]}}