{"id":2069,"date":"2025-04-18T05:53:09","date_gmt":"2025-04-18T03:53:09","guid":{"rendered":"https:\/\/www.regionalis.shop\/ricardart\/product\/tigerauge-creolen-feder-25mm-edelstahl-vergoldet\/"},"modified":"2025-04-18T05:53:09","modified_gmt":"2025-04-18T03:53:09","slug":"tigerauge-creolen-feder-25mm-edelstahl-vergoldet","status":"publish","type":"product","link":"https:\/\/www.regionalis.shop\/ricardart\/shop\/tigerauge-creolen-feder-25mm-edelstahl-vergoldet\/","title":{"rendered":"Tigerauge Creolen *FEDER 25mm Edelstahl vergoldet"},"content":{"rendered":"<p>Mit nat\u00fcrlichem Tigerauge, hochwertig echtvergoldeten Edelstahlhoops  (25mm Durchmesser) &#038; Ohrhaken aus vergoldetem Edelstahl <\/p>\n<p>*du bekommst deine Ohrringe h\u00fcbsch verpackt in einer handbedruckten Box aus recyceltem Altpapier, mit pers\u00f6nlichem Steckbrief beigelegt auf dem du die wichtigsten Infos zu deinem neuen Begleiter nachlesen kannst<\/p>\n<p>TIGERAUGE\u00a0(Solarplexuschakra\/ Manip\u016bra)<br \/>\nMut ~ Durchblick ~ Optimismus\u00a0&#8211; Entschlossenheit-<br \/>\nDer &#8218;Entscheidungs-Stein&#8216; &#8211; Mit ihm f\u00e4llt es dir leichter klare Entscheidungen zu treffen. Das Tigerauge schafft &#8218;Ordnung im Chaos&#8216;. In un\u00fcberschaubaren Situationen und wenn du dir einmal unsicher bist, unterst\u00fctzt es dabei den Durchblick zu bewahren &#038; den Fokus zu sch\u00e4rfen. Als Talisman ein wunderbarer Wegbegleiter auf Reisen und unterwegs \u2661<br \/>\nSternzeichen: Jungfrau<\/p>\n<p>*aufgrund der Einzigartigkeit der einzelnen Edelsteine wird auch jedes Schmuckst\u00fcck zu einem Unikat &#038; somit  einzigartig- so einzigartig wie du \u2661<\/p>\n","protected":false},"excerpt":{"rendered":"<p>Mit nat\u00fcrlichem Tigerauge, hochwertig echtvergoldeten Edelstahlhoops (25mm Durchmesser) &#038; Ohrhaken aus vergoldetem Edelstahl *du bekommst deine Ohrringe h\u00fcbsch verpackt in einer handbedruckten Box aus recyceltem Altpapier, mit pers\u00f6nlichem Steckbrief beigelegt auf dem du die wichtigsten Infos zu deinem neuen Begleiter nachlesen kannst TIGERAUGE\u00a0(Solarplexuschakra\/ Manip\u016bra) Mut ~ Durchblick ~ Optimismus\u00a0&#8211; Entschlossenheit- Der &#8218;Entscheidungs-Stein&#8216; &#8211; Mit ihm &hellip; <a href=\"https:\/\/www.regionalis.shop\/ricardart\/shop\/tigerauge-creolen-feder-25mm-edelstahl-vergoldet\/\">Continued<\/a><\/p>\n","protected":false},"featured_media":2070,"template":"","meta":{"_acf_changed":false},"product_brand":[],"product_cat":[163,70],"product_tag":[],"class_list":{"0":"post-2069","1":"product","2":"type-product","3":"status-publish","4":"has-post-thumbnail","6":"product_cat-ohrringe","7":"product_cat-schmuck","9":"first","10":"instock","11":"purchasable","12":"product-type-simple"},"acf":[],"_links":{"self":[{"href":"https:\/\/www.regionalis.shop\/ricardart\/wp-json\/wp\/v2\/product\/2069","targetHints":{"allow":["GET"]}}],"collection":[{"href":"https:\/\/www.regionalis.shop\/ricardart\/wp-json\/wp\/v2\/product"}],"about":[{"href":"https:\/\/www.regionalis.shop\/ricardart\/wp-json\/wp\/v2\/types\/product"}],"wp:featuredmedia":[{"embeddable":true,"href":"https:\/\/www.regionalis.shop\/ricardart\/wp-json\/wp\/v2\/media\/2070"}],"wp:attachment":[{"href":"https:\/\/www.regionalis.shop\/ricardart\/wp-json\/wp\/v2\/media?parent=2069"}],"wp:term":[{"taxonomy":"product_brand","embeddable":true,"href":"https:\/\/www.regionalis.shop\/ricardart\/wp-json\/wp\/v2\/product_brand?post=2069"},{"taxonomy":"product_cat","embeddable":true,"href":"https:\/\/www.regionalis.shop\/ricardart\/wp-json\/wp\/v2\/product_cat?post=2069"},{"taxonomy":"product_tag","embeddable":true,"href":"https:\/\/www.regionalis.shop\/ricardart\/wp-json\/wp\/v2\/product_tag?post=2069"}],"curies":[{"name":"wp","href":"https:\/\/api.w.org\/{rel}","templated":true}]}}