{"id":2072,"date":"2025-04-18T05:52:41","date_gmt":"2025-04-18T03:52:41","guid":{"rendered":"https:\/\/www.regionalis.shop\/ricardart\/product\/tassel-ohrringe-trikona\/"},"modified":"2025-04-18T05:52:41","modified_gmt":"2025-04-18T03:52:41","slug":"tassel-ohrringe-trikona","status":"publish","type":"product","link":"https:\/\/www.regionalis.shop\/ricardart\/shop\/tassel-ohrringe-trikona\/","title":{"rendered":"Tassel Ohrringe *TRIKONA"},"content":{"rendered":"<p>Von Hand gefertigte Ohrsch\u00e4tze<br \/>\nmit 30mm Messingreifen\/vergoldet,<br \/>\ndreieckigen Resinpl\u00e4ttchen in 2 Varianten &#038; 20mm Tassel in rostbraun<br \/>\nDie Ohrhaken aus vergoldetem Edelstahl sind nickel-,&#038; bleifrei und auch f\u00fcr sensible Ohren geeignet.<br \/>\nGesamtl\u00e4nge (ohne Ohrhaken): ~ 50mm<\/p>\n<p>Du bekommst deine Ohrsch\u00e4tze h\u00fcbsch verpackt in einer handbedruckten Box aus recyceltem Altpapier &#8211; individuell &#038; umweltbewusst<\/p>\n","protected":false},"excerpt":{"rendered":"<p>Von Hand gefertigte Ohrsch\u00e4tze mit 30mm Messingreifen\/vergoldet, dreieckigen Resinpl\u00e4ttchen in 2 Varianten &#038; 20mm Tassel in rostbraun Die Ohrhaken aus vergoldetem Edelstahl sind nickel-,&#038; bleifrei und auch f\u00fcr sensible Ohren geeignet. Gesamtl\u00e4nge (ohne Ohrhaken): ~ 50mm Du bekommst deine Ohrsch\u00e4tze h\u00fcbsch verpackt in einer handbedruckten Box aus recyceltem Altpapier &#8211; individuell &#038; umweltbewusst<\/p>\n","protected":false},"featured_media":2073,"template":"","meta":{"_acf_changed":false},"product_brand":[],"product_cat":[163,70],"product_tag":[],"class_list":{"0":"post-2072","1":"product","2":"type-product","3":"status-publish","4":"has-post-thumbnail","6":"product_cat-ohrringe","7":"product_cat-schmuck","9":"first","10":"instock","11":"purchasable","12":"product-type-simple"},"acf":[],"_links":{"self":[{"href":"https:\/\/www.regionalis.shop\/ricardart\/wp-json\/wp\/v2\/product\/2072","targetHints":{"allow":["GET"]}}],"collection":[{"href":"https:\/\/www.regionalis.shop\/ricardart\/wp-json\/wp\/v2\/product"}],"about":[{"href":"https:\/\/www.regionalis.shop\/ricardart\/wp-json\/wp\/v2\/types\/product"}],"wp:featuredmedia":[{"embeddable":true,"href":"https:\/\/www.regionalis.shop\/ricardart\/wp-json\/wp\/v2\/media\/2073"}],"wp:attachment":[{"href":"https:\/\/www.regionalis.shop\/ricardart\/wp-json\/wp\/v2\/media?parent=2072"}],"wp:term":[{"taxonomy":"product_brand","embeddable":true,"href":"https:\/\/www.regionalis.shop\/ricardart\/wp-json\/wp\/v2\/product_brand?post=2072"},{"taxonomy":"product_cat","embeddable":true,"href":"https:\/\/www.regionalis.shop\/ricardart\/wp-json\/wp\/v2\/product_cat?post=2072"},{"taxonomy":"product_tag","embeddable":true,"href":"https:\/\/www.regionalis.shop\/ricardart\/wp-json\/wp\/v2\/product_tag?post=2072"}],"curies":[{"name":"wp","href":"https:\/\/api.w.org\/{rel}","templated":true}]}}