{"id":2101,"date":"2025-04-18T05:40:00","date_gmt":"2025-04-18T03:40:00","guid":{"rendered":"https:\/\/www.regionalis.shop\/ricardart\/product\/aventurin-tigerauge-kette-flower-edelstahl-vergoldet\/"},"modified":"2025-04-18T05:40:00","modified_gmt":"2025-04-18T03:40:00","slug":"aventurin-tigerauge-kette-flower-edelstahl-vergoldet","status":"publish","type":"product","link":"https:\/\/www.regionalis.shop\/ricardart\/shop\/aventurin-tigerauge-kette-flower-edelstahl-vergoldet\/","title":{"rendered":"Aventurin- Tigerauge Kette *FLOWER* Edelstahl vergoldet"},"content":{"rendered":"<p>Zarte , doppelreihige Halskette aus gewachstem, wasserfestem Makrameegarn,  mit l\u00e4ngenverstellbarem Schiebeverschluss zum individuellen anpassen. Best\u00fcckt mit nat\u00fcrlichem Aventurin &#038; Tigerauge mit 4mm Durchmesser &#038; 18k vergoldeten Messingperlen. Vergoldeter Edelstahlanh\u00e4nger &#8211; antiallergen, wasserfest &#038; nickelfrei (2cm Durchmesser)<\/p>\n","protected":false},"excerpt":{"rendered":"<p>Zarte , doppelreihige Halskette aus gewachstem, wasserfestem Makrameegarn, mit l\u00e4ngenverstellbarem Schiebeverschluss zum individuellen anpassen. Best\u00fcckt mit nat\u00fcrlichem Aventurin &#038; Tigerauge mit 4mm Durchmesser &#038; 18k vergoldeten Messingperlen. Vergoldeter Edelstahlanh\u00e4nger &#8211; antiallergen, wasserfest &#038; nickelfrei (2cm Durchmesser)<\/p>\n","protected":false},"featured_media":2102,"template":"","meta":{"_acf_changed":false},"product_brand":[],"product_cat":[141,70],"product_tag":[],"class_list":{"0":"post-2101","1":"product","2":"type-product","3":"status-publish","4":"has-post-thumbnail","6":"product_cat-halsketten","7":"product_cat-schmuck","9":"first","10":"instock","11":"purchasable","12":"product-type-simple"},"acf":[],"_links":{"self":[{"href":"https:\/\/www.regionalis.shop\/ricardart\/wp-json\/wp\/v2\/product\/2101","targetHints":{"allow":["GET"]}}],"collection":[{"href":"https:\/\/www.regionalis.shop\/ricardart\/wp-json\/wp\/v2\/product"}],"about":[{"href":"https:\/\/www.regionalis.shop\/ricardart\/wp-json\/wp\/v2\/types\/product"}],"wp:featuredmedia":[{"embeddable":true,"href":"https:\/\/www.regionalis.shop\/ricardart\/wp-json\/wp\/v2\/media\/2102"}],"wp:attachment":[{"href":"https:\/\/www.regionalis.shop\/ricardart\/wp-json\/wp\/v2\/media?parent=2101"}],"wp:term":[{"taxonomy":"product_brand","embeddable":true,"href":"https:\/\/www.regionalis.shop\/ricardart\/wp-json\/wp\/v2\/product_brand?post=2101"},{"taxonomy":"product_cat","embeddable":true,"href":"https:\/\/www.regionalis.shop\/ricardart\/wp-json\/wp\/v2\/product_cat?post=2101"},{"taxonomy":"product_tag","embeddable":true,"href":"https:\/\/www.regionalis.shop\/ricardart\/wp-json\/wp\/v2\/product_tag?post=2101"}],"curies":[{"name":"wp","href":"https:\/\/api.w.org\/{rel}","templated":true}]}}