{"id":2106,"date":"2025-04-18T05:37:03","date_gmt":"2025-04-18T03:37:03","guid":{"rendered":"https:\/\/www.regionalis.shop\/ricardart\/product\/labradorit-bergkristall-dopppelarmband-baum-des-lebens\/"},"modified":"2025-04-18T05:37:03","modified_gmt":"2025-04-18T03:37:03","slug":"labradorit-bergkristall-dopppelarmband-baum-des-lebens","status":"publish","type":"product","link":"https:\/\/www.regionalis.shop\/ricardart\/shop\/labradorit-bergkristall-dopppelarmband-baum-des-lebens\/","title":{"rendered":"Labradorit \/ Bergkristall Dopppelarmband *BAUM DES LEBENS*"},"content":{"rendered":"<p>Von Hand gefertigtes Armband aus gewachstem Makrameegarn (strapazierf\u00e4hig &#038; wasserfest) mit l\u00e4ngenverstellbarem Schiebeknoten zum individuellen anpassen.<br \/>\nBergkristallperlen mit 4mm Durchmesser, facettierter Labradorit, mit seinem wundersch\u00f6nen &#038; einzigartigen Schimmern mit 8mm x 6mm, 18k vergoldete Kupferperlen und 15mm Lebensbaum aus DQ Metall.<br \/>\nDu bekommst dein Armband liebevoll verpackt, in einer handbedruckten Box aus recyceltem Altpapier, mit beigelegten Steckbrief auf dem du die wichtigsten Infos zu deinem neuen Begleiter nachlesen kannst<\/p>\n<p>BERGKRISTALL \u00a0(Kronenchakra\/Sahasr\u00e3ra)<br \/>\nKlarheit ~ Intuition ~ Geisteskraft ~ Erkenntnis\u00a0 ~ Konzentration<br \/>\nDer Bergkristall geh\u00f6rt zu den Quarzen &#038; ist einer der wichtigsten &#038; st\u00e4rksten Heilsteine \u00fcberhaupt. Er verhilft uns zu innerer Klarheit &#038; geistiger Reife und ist uns ein wertvoller Begleiter am Weg zu sich Selbst. Er wird au\u00dferdem zur Aufladung anderer Edelsteine verwendet &#038; sollte auch selbst regelm\u00e4\u00dfig gereinigt\/ ge-\/entladen werden.<br \/>\n(Sternzeichen: Steinbock)<br \/>\nEin wunderbarer Wegblegleiter \u2661<\/p>\n","protected":false},"excerpt":{"rendered":"<p>Von Hand gefertigtes Armband aus gewachstem Makrameegarn (strapazierf\u00e4hig &#038; wasserfest) mit l\u00e4ngenverstellbarem Schiebeknoten zum individuellen anpassen. Bergkristallperlen mit 4mm Durchmesser, facettierter Labradorit, mit seinem wundersch\u00f6nen &#038; einzigartigen Schimmern mit 8mm x 6mm, 18k vergoldete Kupferperlen und 15mm Lebensbaum aus DQ Metall. Du bekommst dein Armband liebevoll verpackt, in einer handbedruckten Box aus recyceltem Altpapier, mit &hellip; <a href=\"https:\/\/www.regionalis.shop\/ricardart\/shop\/labradorit-bergkristall-dopppelarmband-baum-des-lebens\/\">Continued<\/a><\/p>\n","protected":false},"featured_media":2107,"template":"","meta":{"_acf_changed":false},"product_brand":[],"product_cat":[110,70],"product_tag":[],"class_list":{"0":"post-2106","1":"product","2":"type-product","3":"status-publish","4":"has-post-thumbnail","6":"product_cat-armbaender","7":"product_cat-schmuck","9":"first","10":"instock","11":"purchasable","12":"product-type-simple"},"acf":[],"_links":{"self":[{"href":"https:\/\/www.regionalis.shop\/ricardart\/wp-json\/wp\/v2\/product\/2106","targetHints":{"allow":["GET"]}}],"collection":[{"href":"https:\/\/www.regionalis.shop\/ricardart\/wp-json\/wp\/v2\/product"}],"about":[{"href":"https:\/\/www.regionalis.shop\/ricardart\/wp-json\/wp\/v2\/types\/product"}],"wp:featuredmedia":[{"embeddable":true,"href":"https:\/\/www.regionalis.shop\/ricardart\/wp-json\/wp\/v2\/media\/2107"}],"wp:attachment":[{"href":"https:\/\/www.regionalis.shop\/ricardart\/wp-json\/wp\/v2\/media?parent=2106"}],"wp:term":[{"taxonomy":"product_brand","embeddable":true,"href":"https:\/\/www.regionalis.shop\/ricardart\/wp-json\/wp\/v2\/product_brand?post=2106"},{"taxonomy":"product_cat","embeddable":true,"href":"https:\/\/www.regionalis.shop\/ricardart\/wp-json\/wp\/v2\/product_cat?post=2106"},{"taxonomy":"product_tag","embeddable":true,"href":"https:\/\/www.regionalis.shop\/ricardart\/wp-json\/wp\/v2\/product_tag?post=2106"}],"curies":[{"name":"wp","href":"https:\/\/api.w.org\/{rel}","templated":true}]}}