{"id":2110,"date":"2025-04-18T05:36:05","date_gmt":"2025-04-18T03:36:05","guid":{"rendered":"https:\/\/www.regionalis.shop\/ricardart\/product\/amazonit-tassel-ohrringe-circle-light-brown-gold\/"},"modified":"2025-04-18T05:36:05","modified_gmt":"2025-04-18T03:36:05","slug":"amazonit-tassel-ohrringe-circle-light-brown-gold","status":"publish","type":"product","link":"https:\/\/www.regionalis.shop\/ricardart\/shop\/amazonit-tassel-ohrringe-circle-light-brown-gold\/","title":{"rendered":"Amazonit-Tassel Ohrringe *CIRCLE light brown\/gold"},"content":{"rendered":"<p>Von Hand gefertigte Ohrsch\u00e4tze mit nickelfreien, vergoldeten Edelstahlbrisuren, 18mm Baumwoll-Tassel &#038; facettiertem Amazonit (22x12mm). Die Hoops haben einen Durchmesser von 30mm und sind aus vergoldetem Edelstahl<br \/>\nGesamtl\u00e4nge (ohne Ohrhaken): ~55mm<\/p>\n<p>Du bekommst deine Ohrsch\u00e4tze liebevoll verpackt in einer handbedruckten Box aus recyceltem Altpapier, mit beigelegtem Steckbrief auf dem du die wichtigsten Infos zu deinem neuen Begleiter nachlesen kannst <\/p>\n<p> AMAZONIT \u00a0(Halschakra\/Vi\u015buddha)<br \/>\nGelassenheit ~ innere Ruhe &#038; Balance ~ Frieden ~\u00a0<br \/>\nDer ANTI-STRESS-STEIN oder auch &#8218;\u00c4rger dich nicht Stein&#8216; genannt\u00a0<br \/>\n\u00a0Im hektischen Berufsalltag der ideale Begleiter &#038; Ruhepol. Auch bei Wut, \u00c4rger &#038; Frust unterst\u00fctzt er dich dabei deinen Weg in die Gelassenheit zur\u00fcckzufinden -> mit K\u00f6rperkontakt tragen!<br \/>\nSternzeichen: Skorpion<\/p>\n","protected":false},"excerpt":{"rendered":"<p>Von Hand gefertigte Ohrsch\u00e4tze mit nickelfreien, vergoldeten Edelstahlbrisuren, 18mm Baumwoll-Tassel &#038; facettiertem Amazonit (22x12mm). Die Hoops haben einen Durchmesser von 30mm und sind aus vergoldetem Edelstahl Gesamtl\u00e4nge (ohne Ohrhaken): ~55mm Du bekommst deine Ohrsch\u00e4tze liebevoll verpackt in einer handbedruckten Box aus recyceltem Altpapier, mit beigelegtem Steckbrief auf dem du die wichtigsten Infos zu deinem neuen &hellip; <a href=\"https:\/\/www.regionalis.shop\/ricardart\/shop\/amazonit-tassel-ohrringe-circle-light-brown-gold\/\">Continued<\/a><\/p>\n","protected":false},"featured_media":2111,"template":"","meta":{"_acf_changed":false},"product_brand":[],"product_cat":[163,70],"product_tag":[],"class_list":{"0":"post-2110","1":"product","2":"type-product","3":"status-publish","4":"has-post-thumbnail","6":"product_cat-ohrringe","7":"product_cat-schmuck","9":"first","10":"instock","11":"purchasable","12":"product-type-simple"},"acf":[],"_links":{"self":[{"href":"https:\/\/www.regionalis.shop\/ricardart\/wp-json\/wp\/v2\/product\/2110","targetHints":{"allow":["GET"]}}],"collection":[{"href":"https:\/\/www.regionalis.shop\/ricardart\/wp-json\/wp\/v2\/product"}],"about":[{"href":"https:\/\/www.regionalis.shop\/ricardart\/wp-json\/wp\/v2\/types\/product"}],"wp:featuredmedia":[{"embeddable":true,"href":"https:\/\/www.regionalis.shop\/ricardart\/wp-json\/wp\/v2\/media\/2111"}],"wp:attachment":[{"href":"https:\/\/www.regionalis.shop\/ricardart\/wp-json\/wp\/v2\/media?parent=2110"}],"wp:term":[{"taxonomy":"product_brand","embeddable":true,"href":"https:\/\/www.regionalis.shop\/ricardart\/wp-json\/wp\/v2\/product_brand?post=2110"},{"taxonomy":"product_cat","embeddable":true,"href":"https:\/\/www.regionalis.shop\/ricardart\/wp-json\/wp\/v2\/product_cat?post=2110"},{"taxonomy":"product_tag","embeddable":true,"href":"https:\/\/www.regionalis.shop\/ricardart\/wp-json\/wp\/v2\/product_tag?post=2110"}],"curies":[{"name":"wp","href":"https:\/\/api.w.org\/{rel}","templated":true}]}}