{"id":2115,"date":"2025-04-18T05:33:14","date_gmt":"2025-04-18T03:33:14","guid":{"rendered":"https:\/\/www.regionalis.shop\/ricardart\/product\/traumfaenger-om-mit-prismakristall-terrakotta\/"},"modified":"2025-04-18T05:33:14","modified_gmt":"2025-04-18T03:33:14","slug":"traumfaenger-om-mit-prismakristall-terrakotta","status":"publish","type":"product","link":"https:\/\/www.regionalis.shop\/ricardart\/shop\/traumfaenger-om-mit-prismakristall-terrakotta\/","title":{"rendered":"Traumf\u00e4nger *OM* mit Prismakristall *terrakotta"},"content":{"rendered":"<p>Handgefertigter Traumf\u00e4nger\/ Wandmakramee mit Holzmandala in goldenem 19cm Metallreifen, umkn\u00fcpft mit recycelter Baumwolle in kupfer\/rostbraun. Best\u00fcckt wurde das gute St\u00fcck mit  Holzperlen &#038; einem Prismaglaskristall (reflektiert &#038; spaltet das Sonnenlicht &#038; sorgt so f\u00fcr ein zauberhaftes Farbenspiel)<br \/>\nGeeignet sowohl f\u00fcrs Schlafzimmer \u00fcberm Bett, f\u00fcr kahle W\u00e4nde &#038; Wohnr\u00e4ume, als auch f\u00fcr sonnige Pl\u00e4tzchen f\u00fcr den Sonnenf\u00e4nger-Effekt<br \/>\nGesamtl\u00e4nge (ohne Schlaufe): ~60cm<\/p>\n","protected":false},"excerpt":{"rendered":"<p>Handgefertigter Traumf\u00e4nger\/ Wandmakramee mit Holzmandala in goldenem 19cm Metallreifen, umkn\u00fcpft mit recycelter Baumwolle in kupfer\/rostbraun. Best\u00fcckt wurde das gute St\u00fcck mit Holzperlen &#038; einem Prismaglaskristall (reflektiert &#038; spaltet das Sonnenlicht &#038; sorgt so f\u00fcr ein zauberhaftes Farbenspiel) Geeignet sowohl f\u00fcrs Schlafzimmer \u00fcberm Bett, f\u00fcr kahle W\u00e4nde &#038; Wohnr\u00e4ume, als auch f\u00fcr sonnige Pl\u00e4tzchen f\u00fcr den &hellip; <a href=\"https:\/\/www.regionalis.shop\/ricardart\/shop\/traumfaenger-om-mit-prismakristall-terrakotta\/\">Continued<\/a><\/p>\n","protected":false},"featured_media":2116,"template":"","meta":{"_acf_changed":false},"product_brand":[],"product_cat":[174,103],"product_tag":[],"class_list":{"0":"post-2115","1":"product","2":"type-product","3":"status-publish","4":"has-post-thumbnail","6":"product_cat-wohndekoration","7":"product_cat-wohnen-deko","9":"first","10":"instock","11":"purchasable","12":"product-type-simple"},"acf":[],"_links":{"self":[{"href":"https:\/\/www.regionalis.shop\/ricardart\/wp-json\/wp\/v2\/product\/2115","targetHints":{"allow":["GET"]}}],"collection":[{"href":"https:\/\/www.regionalis.shop\/ricardart\/wp-json\/wp\/v2\/product"}],"about":[{"href":"https:\/\/www.regionalis.shop\/ricardart\/wp-json\/wp\/v2\/types\/product"}],"wp:featuredmedia":[{"embeddable":true,"href":"https:\/\/www.regionalis.shop\/ricardart\/wp-json\/wp\/v2\/media\/2116"}],"wp:attachment":[{"href":"https:\/\/www.regionalis.shop\/ricardart\/wp-json\/wp\/v2\/media?parent=2115"}],"wp:term":[{"taxonomy":"product_brand","embeddable":true,"href":"https:\/\/www.regionalis.shop\/ricardart\/wp-json\/wp\/v2\/product_brand?post=2115"},{"taxonomy":"product_cat","embeddable":true,"href":"https:\/\/www.regionalis.shop\/ricardart\/wp-json\/wp\/v2\/product_cat?post=2115"},{"taxonomy":"product_tag","embeddable":true,"href":"https:\/\/www.regionalis.shop\/ricardart\/wp-json\/wp\/v2\/product_tag?post=2115"}],"curies":[{"name":"wp","href":"https:\/\/api.w.org\/{rel}","templated":true}]}}