{"id":2119,"date":"2025-04-18T05:33:14","date_gmt":"2025-04-18T03:33:14","guid":{"rendered":"https:\/\/www.regionalis.shop\/ricardart\/product\/makrameedesign-traumfaenger-om-natural-duo\/"},"modified":"2025-04-18T05:33:14","modified_gmt":"2025-04-18T03:33:14","slug":"makrameedesign-traumfaenger-om-natural-duo","status":"publish","type":"product","link":"https:\/\/www.regionalis.shop\/ricardart\/shop\/makrameedesign-traumfaenger-om-natural-duo\/","title":{"rendered":"Makrameedesign\/Traumf\u00e4nger *OM* *natural duo"},"content":{"rendered":"<p>Handgefertigtes Makrameedesign\/Wandmakramee\/ Traumf\u00e4nger&#8230;.<br \/>\n&#8211; mit 20cm Metallreifen in gold, umkn\u00fcpft mit Makrameegarn aus recycelter Baumwolle (OEKOTEX) &#038; energetischen *OM-Mandala* Holz (14cm). Der Prismaglaskristall sorgt zus\u00e4tzlich f\u00fcr einen kleinen &#8222;Sonnenf\u00e4nger-Effekt&#8220;: f\u00e4llt Licht auf das Prisma, so wird es gespalten &#038; in Spektralfarben\/ Regenbogenfarben an W\u00e4nden &#038; Umgebung reflektiert. Es entsteht ein farbenfrohes &#038; harmonisches Lichterspiel<br \/>\nMit nat\u00fcrlichem Amazonit (10mm), T\u00fcrkis (6mm), kleinen, facettierten Messingperlen, 18k vergoldeten Kupferperlen &#038; H\u00e4matitperlen <\/p>\n<p>Als energetischer Blickfang im Wohnbereich oder im Schlafzimmer um b\u00f6se Tr\u00e4ume zu fangen &#8211; ein Herzensst\u00fcck, das seinen Platz findet &#038; ihn zu etwas Besonderem macht<br \/>\nGesamtl\u00e4nge (ohne Schlaufe): ~60cm<\/p>\n","protected":false},"excerpt":{"rendered":"<p>Handgefertigtes Makrameedesign\/Wandmakramee\/ Traumf\u00e4nger&#8230;. &#8211; mit 20cm Metallreifen in gold, umkn\u00fcpft mit Makrameegarn aus recycelter Baumwolle (OEKOTEX) &#038; energetischen *OM-Mandala* Holz (14cm). Der Prismaglaskristall sorgt zus\u00e4tzlich f\u00fcr einen kleinen &#8222;Sonnenf\u00e4nger-Effekt&#8220;: f\u00e4llt Licht auf das Prisma, so wird es gespalten &#038; in Spektralfarben\/ Regenbogenfarben an W\u00e4nden &#038; Umgebung reflektiert. Es entsteht ein farbenfrohes &#038; harmonisches Lichterspiel Mit &hellip; <a href=\"https:\/\/www.regionalis.shop\/ricardart\/shop\/makrameedesign-traumfaenger-om-natural-duo\/\">Continued<\/a><\/p>\n","protected":false},"featured_media":2120,"template":"","meta":{"_acf_changed":false},"product_brand":[],"product_cat":[174,103],"product_tag":[],"class_list":{"0":"post-2119","1":"product","2":"type-product","3":"status-publish","4":"has-post-thumbnail","6":"product_cat-wohndekoration","7":"product_cat-wohnen-deko","9":"first","10":"instock","11":"purchasable","12":"product-type-simple"},"acf":[],"_links":{"self":[{"href":"https:\/\/www.regionalis.shop\/ricardart\/wp-json\/wp\/v2\/product\/2119","targetHints":{"allow":["GET"]}}],"collection":[{"href":"https:\/\/www.regionalis.shop\/ricardart\/wp-json\/wp\/v2\/product"}],"about":[{"href":"https:\/\/www.regionalis.shop\/ricardart\/wp-json\/wp\/v2\/types\/product"}],"wp:featuredmedia":[{"embeddable":true,"href":"https:\/\/www.regionalis.shop\/ricardart\/wp-json\/wp\/v2\/media\/2120"}],"wp:attachment":[{"href":"https:\/\/www.regionalis.shop\/ricardart\/wp-json\/wp\/v2\/media?parent=2119"}],"wp:term":[{"taxonomy":"product_brand","embeddable":true,"href":"https:\/\/www.regionalis.shop\/ricardart\/wp-json\/wp\/v2\/product_brand?post=2119"},{"taxonomy":"product_cat","embeddable":true,"href":"https:\/\/www.regionalis.shop\/ricardart\/wp-json\/wp\/v2\/product_cat?post=2119"},{"taxonomy":"product_tag","embeddable":true,"href":"https:\/\/www.regionalis.shop\/ricardart\/wp-json\/wp\/v2\/product_tag?post=2119"}],"curies":[{"name":"wp","href":"https:\/\/api.w.org\/{rel}","templated":true}]}}