{"id":2124,"date":"2025-04-18T05:32:45","date_gmt":"2025-04-18T03:32:45","guid":{"rendered":"https:\/\/www.regionalis.shop\/ricardart\/product\/tigerauge-dopppelarmband-lebensbaum\/"},"modified":"2025-04-18T05:32:45","modified_gmt":"2025-04-18T03:32:45","slug":"tigerauge-dopppelarmband-lebensbaum","status":"publish","type":"product","link":"https:\/\/www.regionalis.shop\/ricardart\/shop\/tigerauge-dopppelarmband-lebensbaum\/","title":{"rendered":"TIGERAUGE Dopppelarmband *LEBENSBAUM"},"content":{"rendered":"<p>Handgefertigte Armb\u00e4nder aus gewachstem Makrameegarn (wasserfes und strapazierf\u00e4hig) &#038; l\u00e4ngenverstellbarem Schiebeverschluss zum individuellen anpassen.<br \/>\nLebensbaum aus nickelfreiem, vergoldeten\/versilbertem Messing (15mm Durchmesser)<\/p>\n<p>Du bekommst dein Armband liebevoll verpackt in einer handbedruckten Box aus recyceltem Altpapier, mit beigelegtem Steckbrief auf dem du die wichtigsten Infos zu deinem neuen Begleiter nachlesen kannst<\/p>\n","protected":false},"excerpt":{"rendered":"<p>Handgefertigte Armb\u00e4nder aus gewachstem Makrameegarn (wasserfes und strapazierf\u00e4hig) &#038; l\u00e4ngenverstellbarem Schiebeverschluss zum individuellen anpassen. Lebensbaum aus nickelfreiem, vergoldeten\/versilbertem Messing (15mm Durchmesser) Du bekommst dein Armband liebevoll verpackt in einer handbedruckten Box aus recyceltem Altpapier, mit beigelegtem Steckbrief auf dem du die wichtigsten Infos zu deinem neuen Begleiter nachlesen kannst<\/p>\n","protected":false},"featured_media":2125,"template":"","meta":{"_acf_changed":false},"product_brand":[],"product_cat":[110,70],"product_tag":[],"class_list":{"0":"post-2124","1":"product","2":"type-product","3":"status-publish","4":"has-post-thumbnail","6":"product_cat-armbaender","7":"product_cat-schmuck","9":"first","10":"instock","11":"purchasable","12":"product-type-simple"},"acf":[],"_links":{"self":[{"href":"https:\/\/www.regionalis.shop\/ricardart\/wp-json\/wp\/v2\/product\/2124","targetHints":{"allow":["GET"]}}],"collection":[{"href":"https:\/\/www.regionalis.shop\/ricardart\/wp-json\/wp\/v2\/product"}],"about":[{"href":"https:\/\/www.regionalis.shop\/ricardart\/wp-json\/wp\/v2\/types\/product"}],"wp:featuredmedia":[{"embeddable":true,"href":"https:\/\/www.regionalis.shop\/ricardart\/wp-json\/wp\/v2\/media\/2125"}],"wp:attachment":[{"href":"https:\/\/www.regionalis.shop\/ricardart\/wp-json\/wp\/v2\/media?parent=2124"}],"wp:term":[{"taxonomy":"product_brand","embeddable":true,"href":"https:\/\/www.regionalis.shop\/ricardart\/wp-json\/wp\/v2\/product_brand?post=2124"},{"taxonomy":"product_cat","embeddable":true,"href":"https:\/\/www.regionalis.shop\/ricardart\/wp-json\/wp\/v2\/product_cat?post=2124"},{"taxonomy":"product_tag","embeddable":true,"href":"https:\/\/www.regionalis.shop\/ricardart\/wp-json\/wp\/v2\/product_tag?post=2124"}],"curies":[{"name":"wp","href":"https:\/\/api.w.org\/{rel}","templated":true}]}}