{"id":2129,"date":"2025-04-18T05:31:31","date_gmt":"2025-04-18T03:31:31","guid":{"rendered":"https:\/\/www.regionalis.shop\/ricardart\/product\/karneol-sonnenfaenger-mandala\/"},"modified":"2025-04-18T05:31:31","modified_gmt":"2025-04-18T03:31:31","slug":"karneol-sonnenfaenger-mandala","status":"publish","type":"product","link":"https:\/\/www.regionalis.shop\/ricardart\/shop\/karneol-sonnenfaenger-mandala\/","title":{"rendered":"KARNEOL Sonnenf\u00e4nger *MANDALA*"},"content":{"rendered":"<p>Hol dir Licht ins Haus!!!<br \/>\nDer Sonnenf\u00e4nger liebt es besonders vor Fenstern zu h\u00e4ngen. Laut Fengh Shui soll so verhindert werden, dass positive Energien zu schnell wieder aus den Fenstern str\u00f6men. Au\u00dferdem reflektiert &#038; spaltet der Prismakristall das Sonnenlicht und sorgt so f\u00fcr ein angenehmes &#038; harmonisches Wohn-&#038; Wohlgef\u00fchl &#8211; f\u00e4llt n\u00e4mlich Licht auf den Kristall, so zeigt sich das wunderbare Farbenspektrum des Regenbogens, daher auch Regenbogenkristall genannt \u2661<br \/>\n-Mit nat\u00fcrlichem Karneol in seiner wundersch\u00f6nen &#038; einzigartigen Form<br \/>\n&#8211; Mandala aus Holz, Durchmesser: 7cm<br \/>\nGesamtl\u00e4nge (ohne schlaufe):~20cm<\/p>\n<p>KARNEOL\u00a0(Sakralchakra\/Sv\u00e3dhisth\u00e3na)<br \/>\nLebensfreude\u00a0 &#8211; Vitalit\u00e4t &#8211; Energie &#8211; Standfestigkeit\u00a0<br \/>\nDer Karneol mit seinen warmen sonnengelb-orange-T\u00f6nen geh\u00f6rt definitiv zu den &#8218;Energiebringern&#8216;. Vitalit\u00e4t,\u00a0 Lebenskraft &#038; Lebensfreude sind seine St\u00e4rken. M\u00f6chtest du dir selbst etwas Gutes tun, so ist der Karneol die richtige\u00a0 Wahl um positive Energien ins Leben zu rufen . Er vermittelt Lebensfreude und hilft dir dabei, deinen Fokus auf die Sch\u00f6nen Dinge im Leben zu richten<\/p>\n","protected":false},"excerpt":{"rendered":"<p>Hol dir Licht ins Haus!!! Der Sonnenf\u00e4nger liebt es besonders vor Fenstern zu h\u00e4ngen. Laut Fengh Shui soll so verhindert werden, dass positive Energien zu schnell wieder aus den Fenstern str\u00f6men. Au\u00dferdem reflektiert &#038; spaltet der Prismakristall das Sonnenlicht und sorgt so f\u00fcr ein angenehmes &#038; harmonisches Wohn-&#038; Wohlgef\u00fchl &#8211; f\u00e4llt n\u00e4mlich Licht auf den &hellip; <a href=\"https:\/\/www.regionalis.shop\/ricardart\/shop\/karneol-sonnenfaenger-mandala\/\">Continued<\/a><\/p>\n","protected":false},"featured_media":2130,"template":"","meta":{"_acf_changed":false},"product_brand":[],"product_cat":[174,103],"product_tag":[],"class_list":{"0":"post-2129","1":"product","2":"type-product","3":"status-publish","4":"has-post-thumbnail","6":"product_cat-wohndekoration","7":"product_cat-wohnen-deko","9":"first","10":"instock","11":"purchasable","12":"product-type-simple"},"acf":[],"_links":{"self":[{"href":"https:\/\/www.regionalis.shop\/ricardart\/wp-json\/wp\/v2\/product\/2129","targetHints":{"allow":["GET"]}}],"collection":[{"href":"https:\/\/www.regionalis.shop\/ricardart\/wp-json\/wp\/v2\/product"}],"about":[{"href":"https:\/\/www.regionalis.shop\/ricardart\/wp-json\/wp\/v2\/types\/product"}],"wp:featuredmedia":[{"embeddable":true,"href":"https:\/\/www.regionalis.shop\/ricardart\/wp-json\/wp\/v2\/media\/2130"}],"wp:attachment":[{"href":"https:\/\/www.regionalis.shop\/ricardart\/wp-json\/wp\/v2\/media?parent=2129"}],"wp:term":[{"taxonomy":"product_brand","embeddable":true,"href":"https:\/\/www.regionalis.shop\/ricardart\/wp-json\/wp\/v2\/product_brand?post=2129"},{"taxonomy":"product_cat","embeddable":true,"href":"https:\/\/www.regionalis.shop\/ricardart\/wp-json\/wp\/v2\/product_cat?post=2129"},{"taxonomy":"product_tag","embeddable":true,"href":"https:\/\/www.regionalis.shop\/ricardart\/wp-json\/wp\/v2\/product_tag?post=2129"}],"curies":[{"name":"wp","href":"https:\/\/api.w.org\/{rel}","templated":true}]}}