{"id":2137,"date":"2025-04-18T05:28:43","date_gmt":"2025-04-18T03:28:43","guid":{"rendered":"https:\/\/www.regionalis.shop\/ricardart\/product\/edelstein-doppelarmband-sonne\/"},"modified":"2025-04-18T05:28:43","modified_gmt":"2025-04-18T03:28:43","slug":"edelstein-doppelarmband-sonne","status":"publish","type":"product","link":"https:\/\/www.regionalis.shop\/ricardart\/shop\/edelstein-doppelarmband-sonne\/","title":{"rendered":"Edelstein Doppelarmband *SONNE*"},"content":{"rendered":"<p>Handgefertigte Doppelarmb\u00e4nder mit den Edelsteinen deiner Wahl \u2661 Von Hand gefertigt aus gewachstem, sehr strapazierf\u00e4higem Makrameegarn (wasserabweisend &#038; langlebig), mit<br \/>\nVerbindungsst\u00fcck aus nickelfreiem Messing (versilbert\/vergoldet 14mm) &#038; l\u00e4ngenverstellbarem Schiebeverschluss zum individuellen anpassen.<\/p>\n<p>\u300bDu bekommst dein Armband liebevoll im Naturleinenbeutel verpackt, mit pers\u00f6nlichem Steckbrief beigelegt auf dem du die wichtigsten Infos zu deinem neuen Begleiter nachlesen kannst<\/p>\n<p>AMAZONIT \u00a0(Halschakra\/Vi\u015buddha)<br \/>\nGelassenheit ~ innere Ruhe &#038; Balance ~ Frieden ~\u00a0<br \/>\nDer ANTI-STRESS-STEIN oder auch &#8218;\u00c4rger dich nicht Stein&#8216; genannt\u00a0<br \/>\n\u00a0Im hektischen Berufsalltag der ideale Begleiter &#038; Ruhepol. Auch bei Wut, \u00c4rger &#038; Frust unterst\u00fctzt er dich dabei deinen Weg in die Gelassenheit zur\u00fcckzufinden -> mit K\u00f6rperkontakt tragen!<br \/>\n\u00a0Sternzeichen: Skorpion<br \/>\nEin wunderbarer Wegblegleiter f\u00fcr jeden Tag\u2661<\/p>\n","protected":false},"excerpt":{"rendered":"<p>Handgefertigte Doppelarmb\u00e4nder mit den Edelsteinen deiner Wahl \u2661 Von Hand gefertigt aus gewachstem, sehr strapazierf\u00e4higem Makrameegarn (wasserabweisend &#038; langlebig), mit Verbindungsst\u00fcck aus nickelfreiem Messing (versilbert\/vergoldet 14mm) &#038; l\u00e4ngenverstellbarem Schiebeverschluss zum individuellen anpassen. \u300bDu bekommst dein Armband liebevoll im Naturleinenbeutel verpackt, mit pers\u00f6nlichem Steckbrief beigelegt auf dem du die wichtigsten Infos zu deinem neuen Begleiter nachlesen &hellip; <a href=\"https:\/\/www.regionalis.shop\/ricardart\/shop\/edelstein-doppelarmband-sonne\/\">Continued<\/a><\/p>\n","protected":false},"featured_media":2138,"template":"","meta":{"_acf_changed":false},"product_brand":[],"product_cat":[110,70],"product_tag":[],"class_list":{"0":"post-2137","1":"product","2":"type-product","3":"status-publish","4":"has-post-thumbnail","6":"product_cat-armbaender","7":"product_cat-schmuck","9":"first","10":"instock","11":"purchasable","12":"product-type-simple"},"acf":[],"_links":{"self":[{"href":"https:\/\/www.regionalis.shop\/ricardart\/wp-json\/wp\/v2\/product\/2137","targetHints":{"allow":["GET"]}}],"collection":[{"href":"https:\/\/www.regionalis.shop\/ricardart\/wp-json\/wp\/v2\/product"}],"about":[{"href":"https:\/\/www.regionalis.shop\/ricardart\/wp-json\/wp\/v2\/types\/product"}],"wp:featuredmedia":[{"embeddable":true,"href":"https:\/\/www.regionalis.shop\/ricardart\/wp-json\/wp\/v2\/media\/2138"}],"wp:attachment":[{"href":"https:\/\/www.regionalis.shop\/ricardart\/wp-json\/wp\/v2\/media?parent=2137"}],"wp:term":[{"taxonomy":"product_brand","embeddable":true,"href":"https:\/\/www.regionalis.shop\/ricardart\/wp-json\/wp\/v2\/product_brand?post=2137"},{"taxonomy":"product_cat","embeddable":true,"href":"https:\/\/www.regionalis.shop\/ricardart\/wp-json\/wp\/v2\/product_cat?post=2137"},{"taxonomy":"product_tag","embeddable":true,"href":"https:\/\/www.regionalis.shop\/ricardart\/wp-json\/wp\/v2\/product_tag?post=2137"}],"curies":[{"name":"wp","href":"https:\/\/api.w.org\/{rel}","templated":true}]}}