{"id":2142,"date":"2025-04-18T05:28:20","date_gmt":"2025-04-18T03:28:20","guid":{"rendered":"https:\/\/www.regionalis.shop\/ricardart\/product\/amethyst-sonnenfaenger-lebensblume\/"},"modified":"2025-04-18T05:28:20","modified_gmt":"2025-04-18T03:28:20","slug":"amethyst-sonnenfaenger-lebensblume","status":"publish","type":"product","link":"https:\/\/www.regionalis.shop\/ricardart\/shop\/amethyst-sonnenfaenger-lebensblume\/","title":{"rendered":"Amethyst Sonnenf\u00e4nger *LEBENSBLUME*"},"content":{"rendered":"<p>Hol dir Licht ins Haus!!!<br \/>\nDer Sonnenf\u00e4nger liebt es besonders vor Fenstern zu h\u00e4ngen. Der Prismakristall reflektiert &#038; spaltet das Sonnenlicht und sorgt so f\u00fcr ein angenehmes &#038; harmonisches Wohn-&#038; Wohlgef\u00fchl &#8211; f\u00e4llt n\u00e4mlich Licht auf die Kristalle, so zeigt sich das wunderbare Farbenspektrum des Regenbogens &#8211; darum auch Regenbogenkristall genannt \u2661<br \/>\nMaterialien: Lebensblume aus Holz (55mm Durchmesser), nat\u00fcrlicher Amethyst in unregelm\u00e4\u00dfiger &#038; einzigartiger Form (somit wird jedes St\u00fcck zu einem Unikat)<br \/>\nGesamtl\u00e4nge (ohne Schlaufe): ~15cm<br \/>\n\u2606Verleiht jedem Ort ein wenig Magie &#038; Harmonie <\/p>\n<p>*du bekommst deinen Sonnenf\u00e4nger h\u00fcbsch verpackt in einer handbedruckten Box aus recyceltem Altpapier, mit pers\u00f6nlichem Steckbrief beigelegt auf dem du die wichtigsten Infos zu deinem neuen Schatz nachlesen kannst \u2661<\/p>\n<p>AVENTURIN \u00a0(Herzchakra\/ An\u00e3hata)<br \/>\nLebensfreude ~ Selbstbestimmung ~ Gelassenheit ~ innere Ruhe~\u00a0<br \/>\nWie der Amethyst ist auch der Aventurin ein wunderbarer Helfer beim Ein-&#038;, Durchschlafen. Er schenkt dir innere Ruhe &#038; soll dir die facettenreiche Sch\u00f6nheit des Lebens immer wieder vor Augen f\u00fchren und dir so zu mehr Lebensfreude &#038; Zufriedenheit verhelfen \u2661 Gr\u00fcn beruhigt au\u00dferdem unsere Nerven \ud83d\ude42<br \/>\nSternzeichen: Krebs<\/p>\n","protected":false},"excerpt":{"rendered":"<p>Hol dir Licht ins Haus!!! Der Sonnenf\u00e4nger liebt es besonders vor Fenstern zu h\u00e4ngen. Der Prismakristall reflektiert &#038; spaltet das Sonnenlicht und sorgt so f\u00fcr ein angenehmes &#038; harmonisches Wohn-&#038; Wohlgef\u00fchl &#8211; f\u00e4llt n\u00e4mlich Licht auf die Kristalle, so zeigt sich das wunderbare Farbenspektrum des Regenbogens &#8211; darum auch Regenbogenkristall genannt \u2661 Materialien: Lebensblume aus &hellip; <a href=\"https:\/\/www.regionalis.shop\/ricardart\/shop\/amethyst-sonnenfaenger-lebensblume\/\">Continued<\/a><\/p>\n","protected":false},"featured_media":2143,"template":"","meta":{"_acf_changed":false},"product_brand":[],"product_cat":[174,103],"product_tag":[],"class_list":{"0":"post-2142","1":"product","2":"type-product","3":"status-publish","4":"has-post-thumbnail","6":"product_cat-wohndekoration","7":"product_cat-wohnen-deko","9":"first","10":"instock","11":"purchasable","12":"product-type-simple"},"acf":[],"_links":{"self":[{"href":"https:\/\/www.regionalis.shop\/ricardart\/wp-json\/wp\/v2\/product\/2142","targetHints":{"allow":["GET"]}}],"collection":[{"href":"https:\/\/www.regionalis.shop\/ricardart\/wp-json\/wp\/v2\/product"}],"about":[{"href":"https:\/\/www.regionalis.shop\/ricardart\/wp-json\/wp\/v2\/types\/product"}],"wp:featuredmedia":[{"embeddable":true,"href":"https:\/\/www.regionalis.shop\/ricardart\/wp-json\/wp\/v2\/media\/2143"}],"wp:attachment":[{"href":"https:\/\/www.regionalis.shop\/ricardart\/wp-json\/wp\/v2\/media?parent=2142"}],"wp:term":[{"taxonomy":"product_brand","embeddable":true,"href":"https:\/\/www.regionalis.shop\/ricardart\/wp-json\/wp\/v2\/product_brand?post=2142"},{"taxonomy":"product_cat","embeddable":true,"href":"https:\/\/www.regionalis.shop\/ricardart\/wp-json\/wp\/v2\/product_cat?post=2142"},{"taxonomy":"product_tag","embeddable":true,"href":"https:\/\/www.regionalis.shop\/ricardart\/wp-json\/wp\/v2\/product_tag?post=2142"}],"curies":[{"name":"wp","href":"https:\/\/api.w.org\/{rel}","templated":true}]}}