{"id":2147,"date":"2025-04-18T05:26:15","date_gmt":"2025-04-18T03:26:15","guid":{"rendered":"https:\/\/www.regionalis.shop\/ricardart\/product\/amazonit-sonnenfaenger-mandala\/"},"modified":"2025-04-18T05:26:15","modified_gmt":"2025-04-18T03:26:15","slug":"amazonit-sonnenfaenger-mandala","status":"publish","type":"product","link":"https:\/\/www.regionalis.shop\/ricardart\/shop\/amazonit-sonnenfaenger-mandala\/","title":{"rendered":"AMAZONIT Sonnenf\u00e4nger *MANDALA*"},"content":{"rendered":"<p>Hol dir Licht ins Haus!!!<br \/>\nDer Sonnenf\u00e4nger liebt es besonders im Licht, vorallem in der Sonne oder vor Fenstern zu h\u00e4ngen. Die Prismaglaskristalle sorgen mit ihrem &#8222;Sonnenf\u00e4nger-Effekt&#8220; f\u00fcr ein angenehmes &#038; harmonisches Wohn-,&#038; Wohlgef\u00fchl<br \/>\n*Sonnenf\u00e4nger-Effekt: F\u00e4llt Licht auf ein Prisma\/ einen Prismakristall, so wird\u00a0 es gespalten &#038; in den wundersch\u00f6nen  Farben des Regenbogens (Spektralfarben) auf deinen W\u00e4nden &#038; auf umgebenden Fl\u00e4chen reflektiert<br \/>\n***Laut Fengh Shui soll das Anbringen vorm Fenster verhindern, dass positive Energien zu schnell wieder hinaus str\u00f6men***<\/p>\n<p>MATERIALIEN::<br \/>\nMandals aus Holz, Durchmesser: 7cm<br \/>\nNat\u00fcrlichr Amazonit in einzigartiger Splitterform<br \/>\nGesamtl\u00e4nge (ohne schlaufe):~18cm<\/p>\n<p>AMAZONIT \u00a0(Halschakra\/Vi\u015buddha)<br \/>\nGelassenheit ~ innere Ruhe &#038; Balance ~ Frieden ~\u00a0<br \/>\nDer ANTI-STRESS-STEIN oder auch &#8218;\u00c4rger dich nicht Stein&#8216; genannt\u00a0<br \/>\n\u00a0Im hektischen Berufsalltag der ideale Begleiter &#038; Ruhepol. Auch bei Wut, \u00c4rger &#038; Frust unterst\u00fctzt er dich dabei deinen Weg in die Gelassenheit zur\u00fcckzufinden -> mit K\u00f6rperkontakt tragen! Sternzeichen: Skorpion<\/p>\n","protected":false},"excerpt":{"rendered":"<p>Hol dir Licht ins Haus!!! Der Sonnenf\u00e4nger liebt es besonders im Licht, vorallem in der Sonne oder vor Fenstern zu h\u00e4ngen. Die Prismaglaskristalle sorgen mit ihrem &#8222;Sonnenf\u00e4nger-Effekt&#8220; f\u00fcr ein angenehmes &#038; harmonisches Wohn-,&#038; Wohlgef\u00fchl *Sonnenf\u00e4nger-Effekt: F\u00e4llt Licht auf ein Prisma\/ einen Prismakristall, so wird\u00a0 es gespalten &#038; in den wundersch\u00f6nen Farben des Regenbogens (Spektralfarben) auf &hellip; <a href=\"https:\/\/www.regionalis.shop\/ricardart\/shop\/amazonit-sonnenfaenger-mandala\/\">Continued<\/a><\/p>\n","protected":false},"featured_media":2148,"template":"","meta":{"_acf_changed":false},"product_brand":[],"product_cat":[174,103],"product_tag":[],"class_list":{"0":"post-2147","1":"product","2":"type-product","3":"status-publish","4":"has-post-thumbnail","6":"product_cat-wohndekoration","7":"product_cat-wohnen-deko","9":"first","10":"instock","11":"purchasable","12":"product-type-simple"},"acf":[],"_links":{"self":[{"href":"https:\/\/www.regionalis.shop\/ricardart\/wp-json\/wp\/v2\/product\/2147","targetHints":{"allow":["GET"]}}],"collection":[{"href":"https:\/\/www.regionalis.shop\/ricardart\/wp-json\/wp\/v2\/product"}],"about":[{"href":"https:\/\/www.regionalis.shop\/ricardart\/wp-json\/wp\/v2\/types\/product"}],"wp:featuredmedia":[{"embeddable":true,"href":"https:\/\/www.regionalis.shop\/ricardart\/wp-json\/wp\/v2\/media\/2148"}],"wp:attachment":[{"href":"https:\/\/www.regionalis.shop\/ricardart\/wp-json\/wp\/v2\/media?parent=2147"}],"wp:term":[{"taxonomy":"product_brand","embeddable":true,"href":"https:\/\/www.regionalis.shop\/ricardart\/wp-json\/wp\/v2\/product_brand?post=2147"},{"taxonomy":"product_cat","embeddable":true,"href":"https:\/\/www.regionalis.shop\/ricardart\/wp-json\/wp\/v2\/product_cat?post=2147"},{"taxonomy":"product_tag","embeddable":true,"href":"https:\/\/www.regionalis.shop\/ricardart\/wp-json\/wp\/v2\/product_tag?post=2147"}],"curies":[{"name":"wp","href":"https:\/\/api.w.org\/{rel}","templated":true}]}}