{"id":2151,"date":"2025-04-18T05:25:41","date_gmt":"2025-04-18T03:25:41","guid":{"rendered":"https:\/\/www.regionalis.shop\/ricardart\/product\/sonnenfaenger-lebensbaum-nature\/"},"modified":"2025-04-18T05:25:41","modified_gmt":"2025-04-18T03:25:41","slug":"sonnenfaenger-lebensbaum-nature","status":"publish","type":"product","link":"https:\/\/www.regionalis.shop\/ricardart\/shop\/sonnenfaenger-lebensbaum-nature\/","title":{"rendered":"Sonnenf\u00e4nger *LEBENSBAUM nature*"},"content":{"rendered":"<p>Hol dir Licht ins Haus!!!<br \/>\nDer Sonnenf\u00e4nger liebt es besonders vor Fenstern azu h\u00e4ngen. Laut Fengh Shui soll so verhindert werden, dass positive Energien zu schnell wieder aus den Fenstern str\u00f6men. Au\u00dferdem reflektiert &#038; spaltet der Prismakristall das Sonnenlicht und sorgt so f\u00fcr ein angenehmes &#038; harmonisches Wohn-&#038; Wohlgef\u00fchl &#8211; f\u00e4llt n\u00e4mlich Licht auf den Kristall (auch Regenbogenkristall genannt), so zeigt sich das wunderbare Farbenspektrum des Regenbogens \u2661<br \/>\nMaterialien: Lebensbaum aus Holz (55mm Durchmesser), Granat, Tigerauge &#038; Holzperlen sowie Prismaglaskristalle<br \/>\nGesamtl\u00e4nge (ohne Schlaufe): ~17cm<br \/>\n\u2606Verleiht jedem Ort ein wenig Magie &#038; Harmonie<\/p>\n","protected":false},"excerpt":{"rendered":"<p>Hol dir Licht ins Haus!!! Der Sonnenf\u00e4nger liebt es besonders vor Fenstern azu h\u00e4ngen. Laut Fengh Shui soll so verhindert werden, dass positive Energien zu schnell wieder aus den Fenstern str\u00f6men. Au\u00dferdem reflektiert &#038; spaltet der Prismakristall das Sonnenlicht und sorgt so f\u00fcr ein angenehmes &#038; harmonisches Wohn-&#038; Wohlgef\u00fchl &#8211; f\u00e4llt n\u00e4mlich Licht auf den &hellip; <a href=\"https:\/\/www.regionalis.shop\/ricardart\/shop\/sonnenfaenger-lebensbaum-nature\/\">Continued<\/a><\/p>\n","protected":false},"featured_media":2152,"template":"","meta":{"_acf_changed":false},"product_brand":[],"product_cat":[174,103],"product_tag":[],"class_list":{"0":"post-2151","1":"product","2":"type-product","3":"status-publish","4":"has-post-thumbnail","6":"product_cat-wohndekoration","7":"product_cat-wohnen-deko","9":"first","10":"instock","11":"purchasable","12":"product-type-simple"},"acf":[],"_links":{"self":[{"href":"https:\/\/www.regionalis.shop\/ricardart\/wp-json\/wp\/v2\/product\/2151","targetHints":{"allow":["GET"]}}],"collection":[{"href":"https:\/\/www.regionalis.shop\/ricardart\/wp-json\/wp\/v2\/product"}],"about":[{"href":"https:\/\/www.regionalis.shop\/ricardart\/wp-json\/wp\/v2\/types\/product"}],"wp:featuredmedia":[{"embeddable":true,"href":"https:\/\/www.regionalis.shop\/ricardart\/wp-json\/wp\/v2\/media\/2152"}],"wp:attachment":[{"href":"https:\/\/www.regionalis.shop\/ricardart\/wp-json\/wp\/v2\/media?parent=2151"}],"wp:term":[{"taxonomy":"product_brand","embeddable":true,"href":"https:\/\/www.regionalis.shop\/ricardart\/wp-json\/wp\/v2\/product_brand?post=2151"},{"taxonomy":"product_cat","embeddable":true,"href":"https:\/\/www.regionalis.shop\/ricardart\/wp-json\/wp\/v2\/product_cat?post=2151"},{"taxonomy":"product_tag","embeddable":true,"href":"https:\/\/www.regionalis.shop\/ricardart\/wp-json\/wp\/v2\/product_tag?post=2151"}],"curies":[{"name":"wp","href":"https:\/\/api.w.org\/{rel}","templated":true}]}}