{"id":2156,"date":"2025-04-18T05:25:41","date_gmt":"2025-04-18T03:25:41","guid":{"rendered":"https:\/\/www.regionalis.shop\/ricardart\/product\/lapislazuli-doppelarmband-triangle-circle-18k-edelstahl-vergoldet\/"},"modified":"2025-04-18T05:25:41","modified_gmt":"2025-04-18T03:25:41","slug":"lapislazuli-doppelarmband-triangle-circle-18k-edelstahl-vergoldet","status":"publish","type":"product","link":"https:\/\/www.regionalis.shop\/ricardart\/shop\/lapislazuli-doppelarmband-triangle-circle-18k-edelstahl-vergoldet\/","title":{"rendered":"Lapislazuli Doppelarmband *TRIANGLE &#038; CIRCLE* 18k Edelstahl vergoldet"},"content":{"rendered":"<p>Hochwertige &#038; wasserfeste Edelsteinn\u00e4nder aus strapazierf\u00e4higem Makrameegarn, mit nat\u00fcrlichem Lapislazuli ((4-6mm), 18k vergoldeten Messingperlen (~2mm)  &#038;:hochwertigem, echtvergoldetem Edelstahlverbinder (nickelfrei, langlebig &#038; wasserfest\/~12mm)<br \/>\nDank l\u00e4ngenverstellbarem Schiebeverschluss  an jedes Handgelenk individuell anpassbar<br \/>\n\u300bDu bekommst dein Armband mit pers\u00f6nlichem Steckbrief beigelegt, auf dem du die wichtigsten Infos zu deinem neuen Begleiter nachlesen kannst &#8211; individuell &#038; umweltbewusst verpackt in einer handbedruckten Box aus recyceltem Altpapier<\/p>\n","protected":false},"excerpt":{"rendered":"<p>Hochwertige &#038; wasserfeste Edelsteinn\u00e4nder aus strapazierf\u00e4higem Makrameegarn, mit nat\u00fcrlichem Lapislazuli ((4-6mm), 18k vergoldeten Messingperlen (~2mm) &#038;:hochwertigem, echtvergoldetem Edelstahlverbinder (nickelfrei, langlebig &#038; wasserfest\/~12mm) Dank l\u00e4ngenverstellbarem Schiebeverschluss an jedes Handgelenk individuell anpassbar \u300bDu bekommst dein Armband mit pers\u00f6nlichem Steckbrief beigelegt, auf dem du die wichtigsten Infos zu deinem neuen Begleiter nachlesen kannst &#8211; individuell &#038; umweltbewusst verpackt &hellip; <a href=\"https:\/\/www.regionalis.shop\/ricardart\/shop\/lapislazuli-doppelarmband-triangle-circle-18k-edelstahl-vergoldet\/\">Continued<\/a><\/p>\n","protected":false},"featured_media":2157,"template":"","meta":{"_acf_changed":false},"product_brand":[],"product_cat":[110,70],"product_tag":[],"class_list":{"0":"post-2156","1":"product","2":"type-product","3":"status-publish","4":"has-post-thumbnail","6":"product_cat-armbaender","7":"product_cat-schmuck","9":"first","10":"instock","11":"purchasable","12":"product-type-simple"},"acf":[],"_links":{"self":[{"href":"https:\/\/www.regionalis.shop\/ricardart\/wp-json\/wp\/v2\/product\/2156","targetHints":{"allow":["GET"]}}],"collection":[{"href":"https:\/\/www.regionalis.shop\/ricardart\/wp-json\/wp\/v2\/product"}],"about":[{"href":"https:\/\/www.regionalis.shop\/ricardart\/wp-json\/wp\/v2\/types\/product"}],"wp:featuredmedia":[{"embeddable":true,"href":"https:\/\/www.regionalis.shop\/ricardart\/wp-json\/wp\/v2\/media\/2157"}],"wp:attachment":[{"href":"https:\/\/www.regionalis.shop\/ricardart\/wp-json\/wp\/v2\/media?parent=2156"}],"wp:term":[{"taxonomy":"product_brand","embeddable":true,"href":"https:\/\/www.regionalis.shop\/ricardart\/wp-json\/wp\/v2\/product_brand?post=2156"},{"taxonomy":"product_cat","embeddable":true,"href":"https:\/\/www.regionalis.shop\/ricardart\/wp-json\/wp\/v2\/product_cat?post=2156"},{"taxonomy":"product_tag","embeddable":true,"href":"https:\/\/www.regionalis.shop\/ricardart\/wp-json\/wp\/v2\/product_tag?post=2156"}],"curies":[{"name":"wp","href":"https:\/\/api.w.org\/{rel}","templated":true}]}}