{"id":2161,"date":"2025-04-18T05:23:23","date_gmt":"2025-04-18T03:23:23","guid":{"rendered":"https:\/\/www.regionalis.shop\/ricardart\/product\/tigerauge-haematit-doppelarmband-circle-18k-vergoldet\/"},"modified":"2025-04-18T05:23:23","modified_gmt":"2025-04-18T03:23:23","slug":"tigerauge-haematit-doppelarmband-circle-18k-vergoldet","status":"publish","type":"product","link":"https:\/\/www.regionalis.shop\/ricardart\/shop\/tigerauge-haematit-doppelarmband-circle-18k-vergoldet\/","title":{"rendered":"TIGERAUGE &#8211; H\u00e4matit Doppelarmband *CIRCLE* 18k vergoldet"},"content":{"rendered":"<p>Kraftvolles Armband, von Hand gefertigt aus wasserfestem, sehr widerstandsf\u00e4higem Makrameegarn (gewachst) &#8211; mit  nat\u00fcrlichem Tigerauge, goldenem H\u00e4matit &#038; 12mm Circle aus 18k vergoldetem Edelstahl<br \/>\nDank l\u00e4ngenverstellbarem Schiebeknoten an jedes Handgelenk individuell anpassbar<\/p>\n<p>\u300bDu bekommst dein Armband mit pers\u00f6nlichem Steckbrief beigelegt, auf dem du die wichtigsten Infos zu deinem neuen Begleiter nachlesen kannst &#8211; individuell &#038; umweltbewusst verpackt in einer handbedruckten Box aus recyceltem Altpapier \u300a<\/p>\n","protected":false},"excerpt":{"rendered":"<p>Kraftvolles Armband, von Hand gefertigt aus wasserfestem, sehr widerstandsf\u00e4higem Makrameegarn (gewachst) &#8211; mit nat\u00fcrlichem Tigerauge, goldenem H\u00e4matit &#038; 12mm Circle aus 18k vergoldetem Edelstahl Dank l\u00e4ngenverstellbarem Schiebeknoten an jedes Handgelenk individuell anpassbar \u300bDu bekommst dein Armband mit pers\u00f6nlichem Steckbrief beigelegt, auf dem du die wichtigsten Infos zu deinem neuen Begleiter nachlesen kannst &#8211; individuell &#038; &hellip; <a href=\"https:\/\/www.regionalis.shop\/ricardart\/shop\/tigerauge-haematit-doppelarmband-circle-18k-vergoldet\/\">Continued<\/a><\/p>\n","protected":false},"featured_media":2162,"template":"","meta":{"_acf_changed":false},"product_brand":[],"product_cat":[110,70],"product_tag":[],"class_list":{"0":"post-2161","1":"product","2":"type-product","3":"status-publish","4":"has-post-thumbnail","6":"product_cat-armbaender","7":"product_cat-schmuck","9":"first","10":"instock","11":"purchasable","12":"product-type-simple"},"acf":[],"_links":{"self":[{"href":"https:\/\/www.regionalis.shop\/ricardart\/wp-json\/wp\/v2\/product\/2161","targetHints":{"allow":["GET"]}}],"collection":[{"href":"https:\/\/www.regionalis.shop\/ricardart\/wp-json\/wp\/v2\/product"}],"about":[{"href":"https:\/\/www.regionalis.shop\/ricardart\/wp-json\/wp\/v2\/types\/product"}],"wp:featuredmedia":[{"embeddable":true,"href":"https:\/\/www.regionalis.shop\/ricardart\/wp-json\/wp\/v2\/media\/2162"}],"wp:attachment":[{"href":"https:\/\/www.regionalis.shop\/ricardart\/wp-json\/wp\/v2\/media?parent=2161"}],"wp:term":[{"taxonomy":"product_brand","embeddable":true,"href":"https:\/\/www.regionalis.shop\/ricardart\/wp-json\/wp\/v2\/product_brand?post=2161"},{"taxonomy":"product_cat","embeddable":true,"href":"https:\/\/www.regionalis.shop\/ricardart\/wp-json\/wp\/v2\/product_cat?post=2161"},{"taxonomy":"product_tag","embeddable":true,"href":"https:\/\/www.regionalis.shop\/ricardart\/wp-json\/wp\/v2\/product_tag?post=2161"}],"curies":[{"name":"wp","href":"https:\/\/api.w.org\/{rel}","templated":true}]}}