{"id":2164,"date":"2025-04-18T05:23:23","date_gmt":"2025-04-18T03:23:23","guid":{"rendered":"https:\/\/www.regionalis.shop\/ricardart\/product\/edelstein-sonnenfaenger-golden-triangle\/"},"modified":"2025-04-18T05:23:23","modified_gmt":"2025-04-18T03:23:23","slug":"edelstein-sonnenfaenger-golden-triangle","status":"publish","type":"product","link":"https:\/\/www.regionalis.shop\/ricardart\/shop\/edelstein-sonnenfaenger-golden-triangle\/","title":{"rendered":"Edelstein Sonnenf\u00e4nger *GOLDEN TRIANGLE*"},"content":{"rendered":"<p>Das goldene Dreieck<br \/>\nAmethyst, Bergkristall &#038; Rosenquarz ergeben zusammen den idealen Energiefluss f\u00fcr K\u00f6rper, Geist &#038; Seele<br \/>\nHarmonie &#038; Balance f\u00fcr Zuhause \u2661<br \/>\nDer Sonnenf\u00e4nger liebt es besonders im Licht, vorallem in der Sonne oder vor Fenstern zu h\u00e4ngen. Der Prismakristall reflektiert &#038; spaltet das Sonnenlicht und sorgt so f\u00fcr ein angenehmes &#038; harmonisches Wohn-&#038; Wohlgef\u00fchl<br \/>\nF\u00e4llt n\u00e4mlich Licht auf den Kristall, so zeigt sich das wunderbare Farbenspektrum des Regenbogens &#8211; daher auch &#8218;Regenbogenkristall genannt \u2661<br \/>\nMandals aus Holz, Durchmesser: 7cm<br \/>\nNat\u00fcrliche Edelsteine in ihrer wundersch\u00f6nen &#038; einzigartigen Rohform<br \/>\nGesamtl\u00e4nge (ohne schlaufe):~25cm<\/p>\n","protected":false},"excerpt":{"rendered":"<p>Das goldene Dreieck Amethyst, Bergkristall &#038; Rosenquarz ergeben zusammen den idealen Energiefluss f\u00fcr K\u00f6rper, Geist &#038; Seele Harmonie &#038; Balance f\u00fcr Zuhause \u2661 Der Sonnenf\u00e4nger liebt es besonders im Licht, vorallem in der Sonne oder vor Fenstern zu h\u00e4ngen. Der Prismakristall reflektiert &#038; spaltet das Sonnenlicht und sorgt so f\u00fcr ein angenehmes &#038; harmonisches Wohn-&#038; &hellip; <a href=\"https:\/\/www.regionalis.shop\/ricardart\/shop\/edelstein-sonnenfaenger-golden-triangle\/\">Continued<\/a><\/p>\n","protected":false},"featured_media":2165,"template":"","meta":{"_acf_changed":false},"product_brand":[],"product_cat":[174,103],"product_tag":[],"class_list":{"0":"post-2164","1":"product","2":"type-product","3":"status-publish","4":"has-post-thumbnail","6":"product_cat-wohndekoration","7":"product_cat-wohnen-deko","9":"first","10":"instock","11":"purchasable","12":"product-type-simple"},"acf":[],"_links":{"self":[{"href":"https:\/\/www.regionalis.shop\/ricardart\/wp-json\/wp\/v2\/product\/2164","targetHints":{"allow":["GET"]}}],"collection":[{"href":"https:\/\/www.regionalis.shop\/ricardart\/wp-json\/wp\/v2\/product"}],"about":[{"href":"https:\/\/www.regionalis.shop\/ricardart\/wp-json\/wp\/v2\/types\/product"}],"wp:featuredmedia":[{"embeddable":true,"href":"https:\/\/www.regionalis.shop\/ricardart\/wp-json\/wp\/v2\/media\/2165"}],"wp:attachment":[{"href":"https:\/\/www.regionalis.shop\/ricardart\/wp-json\/wp\/v2\/media?parent=2164"}],"wp:term":[{"taxonomy":"product_brand","embeddable":true,"href":"https:\/\/www.regionalis.shop\/ricardart\/wp-json\/wp\/v2\/product_brand?post=2164"},{"taxonomy":"product_cat","embeddable":true,"href":"https:\/\/www.regionalis.shop\/ricardart\/wp-json\/wp\/v2\/product_cat?post=2164"},{"taxonomy":"product_tag","embeddable":true,"href":"https:\/\/www.regionalis.shop\/ricardart\/wp-json\/wp\/v2\/product_tag?post=2164"}],"curies":[{"name":"wp","href":"https:\/\/api.w.org\/{rel}","templated":true}]}}