{"id":2172,"date":"2025-04-18T05:22:39","date_gmt":"2025-04-18T03:22:39","guid":{"rendered":"https:\/\/www.regionalis.shop\/ricardart\/product\/partnerset-kleeblatt\/"},"modified":"2025-04-18T05:22:39","modified_gmt":"2025-04-18T03:22:39","slug":"partnerset-kleeblatt","status":"publish","type":"product","link":"https:\/\/www.regionalis.shop\/ricardart\/shop\/partnerset-kleeblatt\/","title":{"rendered":"Partnerset *KLEEBLATT*"},"content":{"rendered":"<p>Gr\u00f6\u00dfenverstellbare Gl\u00fccksl-Armb\u00e4nder f\u00fcr DICH &#038; deinen LIEBLINGSMENSCHEN<br \/>\nVon Hand gefertigt aus wasserfestem Makrameegarn, mit 4bl\u00e4ttrigem Kleeblatt in silber &#038; gold (13mm Durchmesser\/Messing) Ideal als Talisman &#038; t\u00e4glicher Begleiter (besonders auf Reisen hab ich pers\u00f6nlich gerne meine liebsten Gl\u00fccksbringer mit dabei)<br \/>\nEine nette kleine Aufmerksamkeit f\u00fcr Freunde, Familie &#038; f\u00fcr sich selbst \ud83d\ude42<br \/>\nPerfekt auch zum Jahreswechsel &#8211; PROSIT<\/p>\n","protected":false},"excerpt":{"rendered":"<p>Gr\u00f6\u00dfenverstellbare Gl\u00fccksl-Armb\u00e4nder f\u00fcr DICH &#038; deinen LIEBLINGSMENSCHEN Von Hand gefertigt aus wasserfestem Makrameegarn, mit 4bl\u00e4ttrigem Kleeblatt in silber &#038; gold (13mm Durchmesser\/Messing) Ideal als Talisman &#038; t\u00e4glicher Begleiter (besonders auf Reisen hab ich pers\u00f6nlich gerne meine liebsten Gl\u00fccksbringer mit dabei) Eine nette kleine Aufmerksamkeit f\u00fcr Freunde, Familie &#038; f\u00fcr sich selbst \ud83d\ude42 Perfekt auch zum &hellip; <a href=\"https:\/\/www.regionalis.shop\/ricardart\/shop\/partnerset-kleeblatt\/\">Continued<\/a><\/p>\n","protected":false},"featured_media":2173,"template":"","meta":{"_acf_changed":false},"product_brand":[],"product_cat":[110,70],"product_tag":[],"class_list":{"0":"post-2172","1":"product","2":"type-product","3":"status-publish","4":"has-post-thumbnail","6":"product_cat-armbaender","7":"product_cat-schmuck","9":"first","10":"instock","11":"purchasable","12":"product-type-simple"},"acf":[],"_links":{"self":[{"href":"https:\/\/www.regionalis.shop\/ricardart\/wp-json\/wp\/v2\/product\/2172","targetHints":{"allow":["GET"]}}],"collection":[{"href":"https:\/\/www.regionalis.shop\/ricardart\/wp-json\/wp\/v2\/product"}],"about":[{"href":"https:\/\/www.regionalis.shop\/ricardart\/wp-json\/wp\/v2\/types\/product"}],"wp:featuredmedia":[{"embeddable":true,"href":"https:\/\/www.regionalis.shop\/ricardart\/wp-json\/wp\/v2\/media\/2173"}],"wp:attachment":[{"href":"https:\/\/www.regionalis.shop\/ricardart\/wp-json\/wp\/v2\/media?parent=2172"}],"wp:term":[{"taxonomy":"product_brand","embeddable":true,"href":"https:\/\/www.regionalis.shop\/ricardart\/wp-json\/wp\/v2\/product_brand?post=2172"},{"taxonomy":"product_cat","embeddable":true,"href":"https:\/\/www.regionalis.shop\/ricardart\/wp-json\/wp\/v2\/product_cat?post=2172"},{"taxonomy":"product_tag","embeddable":true,"href":"https:\/\/www.regionalis.shop\/ricardart\/wp-json\/wp\/v2\/product_tag?post=2172"}],"curies":[{"name":"wp","href":"https:\/\/api.w.org\/{rel}","templated":true}]}}