{"id":2178,"date":"2025-04-18T05:22:39","date_gmt":"2025-04-18T03:22:39","guid":{"rendered":"https:\/\/www.regionalis.shop\/ricardart\/product\/talisman-tigerauge-hamsa-hand\/"},"modified":"2025-04-18T05:22:39","modified_gmt":"2025-04-18T03:22:39","slug":"talisman-tigerauge-hamsa-hand","status":"publish","type":"product","link":"https:\/\/www.regionalis.shop\/ricardart\/shop\/talisman-tigerauge-hamsa-hand\/","title":{"rendered":"Talisman * TIGERAUGE- HAMSA HAND*"},"content":{"rendered":"<p>Die perfekte Kleinigkeit zum Beschenken, ob sich selbst oder einen lieben Menschen<br \/>\nMit Messingkarabiner in silber oder bronze.<br \/>\nDie Hams Hand oder Hand der Fatima ist ein vielerorts verbreitetes Schutzsymbol das vor dem &#8218;b\u00f6sen Blick&#8216; &#038; vor negativen Energien sch\u00fctzen soll. Das Tigerauge spendet Mut &#038; Entschlossenheit und ist die ideale Erg\u00e4nzung f\u00fcr DEINEN idealen Begleiter &#038; TALISMAN.<\/p>\n","protected":false},"excerpt":{"rendered":"<p>Die perfekte Kleinigkeit zum Beschenken, ob sich selbst oder einen lieben Menschen Mit Messingkarabiner in silber oder bronze. Die Hams Hand oder Hand der Fatima ist ein vielerorts verbreitetes Schutzsymbol das vor dem &#8218;b\u00f6sen Blick&#8216; &#038; vor negativen Energien sch\u00fctzen soll. Das Tigerauge spendet Mut &#038; Entschlossenheit und ist die ideale Erg\u00e4nzung f\u00fcr DEINEN idealen &hellip; <a href=\"https:\/\/www.regionalis.shop\/ricardart\/shop\/talisman-tigerauge-hamsa-hand\/\">Continued<\/a><\/p>\n","protected":false},"featured_media":2179,"template":"","meta":{"_acf_changed":false},"product_brand":[],"product_cat":[37,68],"product_tag":[],"class_list":{"0":"post-2178","1":"product","2":"type-product","3":"status-publish","4":"has-post-thumbnail","6":"product_cat-accessoires","7":"product_cat-schluesselanhaenger","9":"first","10":"instock","11":"purchasable","12":"product-type-simple"},"acf":[],"_links":{"self":[{"href":"https:\/\/www.regionalis.shop\/ricardart\/wp-json\/wp\/v2\/product\/2178","targetHints":{"allow":["GET"]}}],"collection":[{"href":"https:\/\/www.regionalis.shop\/ricardart\/wp-json\/wp\/v2\/product"}],"about":[{"href":"https:\/\/www.regionalis.shop\/ricardart\/wp-json\/wp\/v2\/types\/product"}],"wp:featuredmedia":[{"embeddable":true,"href":"https:\/\/www.regionalis.shop\/ricardart\/wp-json\/wp\/v2\/media\/2179"}],"wp:attachment":[{"href":"https:\/\/www.regionalis.shop\/ricardart\/wp-json\/wp\/v2\/media?parent=2178"}],"wp:term":[{"taxonomy":"product_brand","embeddable":true,"href":"https:\/\/www.regionalis.shop\/ricardart\/wp-json\/wp\/v2\/product_brand?post=2178"},{"taxonomy":"product_cat","embeddable":true,"href":"https:\/\/www.regionalis.shop\/ricardart\/wp-json\/wp\/v2\/product_cat?post=2178"},{"taxonomy":"product_tag","embeddable":true,"href":"https:\/\/www.regionalis.shop\/ricardart\/wp-json\/wp\/v2\/product_tag?post=2178"}],"curies":[{"name":"wp","href":"https:\/\/api.w.org\/{rel}","templated":true}]}}