{"id":2182,"date":"2025-04-18T05:22:39","date_gmt":"2025-04-18T03:22:39","guid":{"rendered":"https:\/\/www.regionalis.shop\/ricardart\/product\/glueckstaler-heart\/"},"modified":"2025-04-18T05:22:39","modified_gmt":"2025-04-18T03:22:39","slug":"glueckstaler-heart","status":"publish","type":"product","link":"https:\/\/www.regionalis.shop\/ricardart\/shop\/glueckstaler-heart\/","title":{"rendered":"GL\u00dcCKSTALER *HEART*"},"content":{"rendered":"<p>Von Hand gefertigte Gl\u00fccksbringer mit einer 30mm Grundplatte (&#8218;Grundpl\u00e4ttchen&#8216;) aus Holz &#8211; schwarz grundiert, handbeschrieben &#038; mit kleinen Holzherzchen best\u00fcckt  Hoffentlich bringen sie dir ganz viel Gl\u00fcck &#038; Gesundheit im neuen Jahr<\/p>\n","protected":false},"excerpt":{"rendered":"<p>Von Hand gefertigte Gl\u00fccksbringer mit einer 30mm Grundplatte (&#8218;Grundpl\u00e4ttchen&#8216;) aus Holz &#8211; schwarz grundiert, handbeschrieben &#038; mit kleinen Holzherzchen best\u00fcckt Hoffentlich bringen sie dir ganz viel Gl\u00fcck &#038; Gesundheit im neuen Jahr<\/p>\n","protected":false},"featured_media":2183,"template":"","meta":{"_acf_changed":false},"product_brand":[],"product_cat":[162,83],"product_tag":[],"class_list":{"0":"post-2182","1":"product","2":"type-product","3":"status-publish","4":"has-post-thumbnail","6":"product_cat-null","7":"product_cat-sonstiges","9":"first","10":"instock","11":"purchasable","12":"product-type-simple"},"acf":[],"_links":{"self":[{"href":"https:\/\/www.regionalis.shop\/ricardart\/wp-json\/wp\/v2\/product\/2182","targetHints":{"allow":["GET"]}}],"collection":[{"href":"https:\/\/www.regionalis.shop\/ricardart\/wp-json\/wp\/v2\/product"}],"about":[{"href":"https:\/\/www.regionalis.shop\/ricardart\/wp-json\/wp\/v2\/types\/product"}],"wp:featuredmedia":[{"embeddable":true,"href":"https:\/\/www.regionalis.shop\/ricardart\/wp-json\/wp\/v2\/media\/2183"}],"wp:attachment":[{"href":"https:\/\/www.regionalis.shop\/ricardart\/wp-json\/wp\/v2\/media?parent=2182"}],"wp:term":[{"taxonomy":"product_brand","embeddable":true,"href":"https:\/\/www.regionalis.shop\/ricardart\/wp-json\/wp\/v2\/product_brand?post=2182"},{"taxonomy":"product_cat","embeddable":true,"href":"https:\/\/www.regionalis.shop\/ricardart\/wp-json\/wp\/v2\/product_cat?post=2182"},{"taxonomy":"product_tag","embeddable":true,"href":"https:\/\/www.regionalis.shop\/ricardart\/wp-json\/wp\/v2\/product_tag?post=2182"}],"curies":[{"name":"wp","href":"https:\/\/api.w.org\/{rel}","templated":true}]}}