{"id":2209,"date":"2025-04-18T05:21:48","date_gmt":"2025-04-18T03:21:48","guid":{"rendered":"https:\/\/www.regionalis.shop\/ricardart\/product\/traumfaenger-blume-des-lebens-mit-prismakristall\/"},"modified":"2025-04-18T05:21:48","modified_gmt":"2025-04-18T03:21:48","slug":"traumfaenger-blume-des-lebens-mit-prismakristall","status":"publish","type":"product","link":"https:\/\/www.regionalis.shop\/ricardart\/shop\/traumfaenger-blume-des-lebens-mit-prismakristall\/","title":{"rendered":"Traumf\u00e4nger BLUME DES LEBENS mit Prismakristall"},"content":{"rendered":"<p>Die Blume des Lebens\u00a0<br \/>\ndas Urmuster der Sch\u00f6pfung &#038; Symbol der heiligen Geometrie.\u00a0 Mit ihren 19 gleichm\u00e4\u00dfigen Kreisen symbolisiert sie kosmische Ordnung, Vollkommenheit &#038; Harmonie. Ihr einzigartiges &#038; vollkommenes Schwingungsmuster wird weit verbreitet zur Harmonisierung negativer Energien &#038; als Schutzschild davor eingesetzt. In Wohnr\u00e4umen sorgt sie f\u00fcr ein harmonisches,\u00a0 positives Raumklima &#038; f\u00fcr ein angenehmes Wohn-&#038; Wohlgef\u00fchl\u00a0<\/p>\n<p>Handgefertigter Makramee Traumf\u00e4nger\/ Wanddeko mit vergoldetem 20cm Metallreifen, recycelter Baumwolle, mit Lebensblume aus Holz &#038; Prismaglaskristallen zur Reflexion des Sonnenlichts \u2661<br \/>\nGeeignet sowohl f\u00fcrs Schlafzimmer \u00fcberm Bett, f\u00fcr kahle W\u00e4nde &#038; Wohnr\u00e4ume, als auch f\u00fcr sonnige Pl\u00e4tzchen, da der Regenbogenkristall (wie bei Sonnenf\u00e4ngern f\u00fcrs Fenster) die Sonnenstrahlen spaltet und so das wunderbare Farbenspektrun des Regenbogens an den W\u00e4nden reflektiert \u2661<br \/>\nGesamtl\u00e4nge (ohne Schlaufe): ~60cm<\/p>\n","protected":false},"excerpt":{"rendered":"<p>Die Blume des Lebens\u00a0 das Urmuster der Sch\u00f6pfung &#038; Symbol der heiligen Geometrie.\u00a0 Mit ihren 19 gleichm\u00e4\u00dfigen Kreisen symbolisiert sie kosmische Ordnung, Vollkommenheit &#038; Harmonie. Ihr einzigartiges &#038; vollkommenes Schwingungsmuster wird weit verbreitet zur Harmonisierung negativer Energien &#038; als Schutzschild davor eingesetzt. In Wohnr\u00e4umen sorgt sie f\u00fcr ein harmonisches,\u00a0 positives Raumklima &#038; f\u00fcr ein angenehmes &hellip; <a href=\"https:\/\/www.regionalis.shop\/ricardart\/shop\/traumfaenger-blume-des-lebens-mit-prismakristall\/\">Continued<\/a><\/p>\n","protected":false},"featured_media":2210,"template":"","meta":{"_acf_changed":false},"product_brand":[],"product_cat":[174,103],"product_tag":[],"class_list":{"0":"post-2209","1":"product","2":"type-product","3":"status-publish","4":"has-post-thumbnail","6":"product_cat-wohndekoration","7":"product_cat-wohnen-deko","9":"first","10":"instock","11":"purchasable","12":"product-type-simple"},"acf":[],"_links":{"self":[{"href":"https:\/\/www.regionalis.shop\/ricardart\/wp-json\/wp\/v2\/product\/2209","targetHints":{"allow":["GET"]}}],"collection":[{"href":"https:\/\/www.regionalis.shop\/ricardart\/wp-json\/wp\/v2\/product"}],"about":[{"href":"https:\/\/www.regionalis.shop\/ricardart\/wp-json\/wp\/v2\/types\/product"}],"wp:featuredmedia":[{"embeddable":true,"href":"https:\/\/www.regionalis.shop\/ricardart\/wp-json\/wp\/v2\/media\/2210"}],"wp:attachment":[{"href":"https:\/\/www.regionalis.shop\/ricardart\/wp-json\/wp\/v2\/media?parent=2209"}],"wp:term":[{"taxonomy":"product_brand","embeddable":true,"href":"https:\/\/www.regionalis.shop\/ricardart\/wp-json\/wp\/v2\/product_brand?post=2209"},{"taxonomy":"product_cat","embeddable":true,"href":"https:\/\/www.regionalis.shop\/ricardart\/wp-json\/wp\/v2\/product_cat?post=2209"},{"taxonomy":"product_tag","embeddable":true,"href":"https:\/\/www.regionalis.shop\/ricardart\/wp-json\/wp\/v2\/product_tag?post=2209"}],"curies":[{"name":"wp","href":"https:\/\/api.w.org\/{rel}","templated":true}]}}