{"id":2214,"date":"2025-04-18T05:21:48","date_gmt":"2025-04-18T03:21:48","guid":{"rendered":"https:\/\/www.regionalis.shop\/ricardart\/product\/makramee-ohrringe-seed-of-life-circle-silber-natur\/"},"modified":"2025-04-18T05:21:48","modified_gmt":"2025-04-18T03:21:48","slug":"makramee-ohrringe-seed-of-life-circle-silber-natur","status":"publish","type":"product","link":"https:\/\/www.regionalis.shop\/ricardart\/shop\/makramee-ohrringe-seed-of-life-circle-silber-natur\/","title":{"rendered":"Makramee Ohrringe *SEED OF LIFE Circle silber\/natur"},"content":{"rendered":"<p>Von Hand gefertigte Ohrsch\u00e4tze im Boho-Stil, umkn\u00fcpft mit naturfarbenerm Makrameegarn, mit Ohrhaken aus 925 Sterlingsilber &#038; 11mm Messinganh\u00e4nger der Saat des Lebens in gold oder silber<br \/>\nDurchmesser Messing-Hoops: 30mm<\/p>\n<p>*Die Makrameefransen k\u00f6nnen bei Bedarf mit einem Kamm wieder in Form gebracht werden<\/p>\n","protected":false},"excerpt":{"rendered":"<p>Von Hand gefertigte Ohrsch\u00e4tze im Boho-Stil, umkn\u00fcpft mit naturfarbenerm Makrameegarn, mit Ohrhaken aus 925 Sterlingsilber &#038; 11mm Messinganh\u00e4nger der Saat des Lebens in gold oder silber Durchmesser Messing-Hoops: 30mm *Die Makrameefransen k\u00f6nnen bei Bedarf mit einem Kamm wieder in Form gebracht werden<\/p>\n","protected":false},"featured_media":2215,"template":"","meta":{"_acf_changed":false},"product_brand":[],"product_cat":[163,70],"product_tag":[],"class_list":{"0":"post-2214","1":"product","2":"type-product","3":"status-publish","4":"has-post-thumbnail","6":"product_cat-ohrringe","7":"product_cat-schmuck","9":"first","10":"instock","11":"purchasable","12":"product-type-simple"},"acf":[],"_links":{"self":[{"href":"https:\/\/www.regionalis.shop\/ricardart\/wp-json\/wp\/v2\/product\/2214","targetHints":{"allow":["GET"]}}],"collection":[{"href":"https:\/\/www.regionalis.shop\/ricardart\/wp-json\/wp\/v2\/product"}],"about":[{"href":"https:\/\/www.regionalis.shop\/ricardart\/wp-json\/wp\/v2\/types\/product"}],"wp:featuredmedia":[{"embeddable":true,"href":"https:\/\/www.regionalis.shop\/ricardart\/wp-json\/wp\/v2\/media\/2215"}],"wp:attachment":[{"href":"https:\/\/www.regionalis.shop\/ricardart\/wp-json\/wp\/v2\/media?parent=2214"}],"wp:term":[{"taxonomy":"product_brand","embeddable":true,"href":"https:\/\/www.regionalis.shop\/ricardart\/wp-json\/wp\/v2\/product_brand?post=2214"},{"taxonomy":"product_cat","embeddable":true,"href":"https:\/\/www.regionalis.shop\/ricardart\/wp-json\/wp\/v2\/product_cat?post=2214"},{"taxonomy":"product_tag","embeddable":true,"href":"https:\/\/www.regionalis.shop\/ricardart\/wp-json\/wp\/v2\/product_tag?post=2214"}],"curies":[{"name":"wp","href":"https:\/\/api.w.org\/{rel}","templated":true}]}}