{"id":2225,"date":"2025-04-18T05:18:02","date_gmt":"2025-04-18T03:18:02","guid":{"rendered":"https:\/\/www.regionalis.shop\/ricardart\/product\/christmas-ohrringe-snowflake-mit-rosenquarz-rhodochrosit\/"},"modified":"2025-04-18T05:18:02","modified_gmt":"2025-04-18T03:18:02","slug":"christmas-ohrringe-snowflake-mit-rosenquarz-rhodochrosit","status":"publish","type":"product","link":"https:\/\/www.regionalis.shop\/ricardart\/shop\/christmas-ohrringe-snowflake-mit-rosenquarz-rhodochrosit\/","title":{"rendered":"Christmas Ohrringe *SNOWFLAKE* mit Rosenquarz &#038; Rhodochrosit"},"content":{"rendered":"<p>Weihnachtlicher Ohrschmuck mit 4mm Rhodochrosit  &#038; nat\u00fcrlichem Rosenquarz in unregelm\u00e4\u00dfigerRohform. Die Ohrhaken aus ros\u00e9vergoldetem Edelstahl sind nickelfrei. Die wundersch\u00f6nen Schneeflocken aus ros\u00e9vergoldetem Messing (20mm) machen die Ohrringe zum perfekten Highlight deines Weihnachtsoutfits<br \/>\nGesamtl\u00e4nge (ohne Ohrhaken) ~ 35mm<\/p>\n","protected":false},"excerpt":{"rendered":"<p>Weihnachtlicher Ohrschmuck mit 4mm Rhodochrosit &#038; nat\u00fcrlichem Rosenquarz in unregelm\u00e4\u00dfigerRohform. Die Ohrhaken aus ros\u00e9vergoldetem Edelstahl sind nickelfrei. Die wundersch\u00f6nen Schneeflocken aus ros\u00e9vergoldetem Messing (20mm) machen die Ohrringe zum perfekten Highlight deines Weihnachtsoutfits Gesamtl\u00e4nge (ohne Ohrhaken) ~ 35mm<\/p>\n","protected":false},"featured_media":2226,"template":"","meta":{"_acf_changed":false},"product_brand":[],"product_cat":[163,70],"product_tag":[],"class_list":{"0":"post-2225","1":"product","2":"type-product","3":"status-publish","4":"has-post-thumbnail","6":"product_cat-ohrringe","7":"product_cat-schmuck","9":"first","10":"instock","11":"purchasable","12":"product-type-simple"},"acf":[],"_links":{"self":[{"href":"https:\/\/www.regionalis.shop\/ricardart\/wp-json\/wp\/v2\/product\/2225","targetHints":{"allow":["GET"]}}],"collection":[{"href":"https:\/\/www.regionalis.shop\/ricardart\/wp-json\/wp\/v2\/product"}],"about":[{"href":"https:\/\/www.regionalis.shop\/ricardart\/wp-json\/wp\/v2\/types\/product"}],"wp:featuredmedia":[{"embeddable":true,"href":"https:\/\/www.regionalis.shop\/ricardart\/wp-json\/wp\/v2\/media\/2226"}],"wp:attachment":[{"href":"https:\/\/www.regionalis.shop\/ricardart\/wp-json\/wp\/v2\/media?parent=2225"}],"wp:term":[{"taxonomy":"product_brand","embeddable":true,"href":"https:\/\/www.regionalis.shop\/ricardart\/wp-json\/wp\/v2\/product_brand?post=2225"},{"taxonomy":"product_cat","embeddable":true,"href":"https:\/\/www.regionalis.shop\/ricardart\/wp-json\/wp\/v2\/product_cat?post=2225"},{"taxonomy":"product_tag","embeddable":true,"href":"https:\/\/www.regionalis.shop\/ricardart\/wp-json\/wp\/v2\/product_tag?post=2225"}],"curies":[{"name":"wp","href":"https:\/\/api.w.org\/{rel}","templated":true}]}}