{"id":2234,"date":"2025-04-18T05:15:25","date_gmt":"2025-04-18T03:15:25","guid":{"rendered":"https:\/\/www.regionalis.shop\/ricardart\/product\/traum-sonnenfaenger-unalome-terra-mit-regenbogenkristall\/"},"modified":"2025-04-18T05:15:25","modified_gmt":"2025-04-18T03:15:25","slug":"traum-sonnenfaenger-unalome-terra-mit-regenbogenkristall","status":"publish","type":"product","link":"https:\/\/www.regionalis.shop\/ricardart\/shop\/traum-sonnenfaenger-unalome-terra-mit-regenbogenkristall\/","title":{"rendered":"Traum-Sonnenf\u00e4nger UNALOME TERRA mit Regenbogenkristall"},"content":{"rendered":"<p>Ein einzigartiges Wohnaccessoire von Hand gefertigt.<br \/>\nMetallreifen vergoldet (20cm Durchmesser) mit UNALOME aus Aludraht, best\u00fcckt mit einem facettiertem Regenbogenkristall zur Spaltung &#038; Reflexion des Sonnenlichts<br \/>\nMacht jeden Ort zu etwas Besonderem<br \/>\nBesonders geeignet sowohl f\u00fcrs Schlafzimmer \u00fcberm Bett, als auch f\u00fcr sonnige Pl\u00e4tzchen, da der Regenbogenkristall (wie bei Sonnenf\u00e4ngern f\u00fcrs Fenster) die Sonnenstrahlen spaltet und so das wunderbare Farbenspektrun des Regenbogens an den W\u00e4nden reflektiert<br \/>\nGesamtl\u00e4nge (ohne Schlaufe) ~ 70cm<\/p>\n","protected":false},"excerpt":{"rendered":"<p>Ein einzigartiges Wohnaccessoire von Hand gefertigt. Metallreifen vergoldet (20cm Durchmesser) mit UNALOME aus Aludraht, best\u00fcckt mit einem facettiertem Regenbogenkristall zur Spaltung &#038; Reflexion des Sonnenlichts Macht jeden Ort zu etwas Besonderem Besonders geeignet sowohl f\u00fcrs Schlafzimmer \u00fcberm Bett, als auch f\u00fcr sonnige Pl\u00e4tzchen, da der Regenbogenkristall (wie bei Sonnenf\u00e4ngern f\u00fcrs Fenster) die Sonnenstrahlen spaltet und &hellip; <a href=\"https:\/\/www.regionalis.shop\/ricardart\/shop\/traum-sonnenfaenger-unalome-terra-mit-regenbogenkristall\/\">Continued<\/a><\/p>\n","protected":false},"featured_media":2235,"template":"","meta":{"_acf_changed":false},"product_brand":[],"product_cat":[174,103],"product_tag":[],"class_list":{"0":"post-2234","1":"product","2":"type-product","3":"status-publish","4":"has-post-thumbnail","6":"product_cat-wohndekoration","7":"product_cat-wohnen-deko","9":"first","10":"instock","11":"purchasable","12":"product-type-simple"},"acf":[],"_links":{"self":[{"href":"https:\/\/www.regionalis.shop\/ricardart\/wp-json\/wp\/v2\/product\/2234","targetHints":{"allow":["GET"]}}],"collection":[{"href":"https:\/\/www.regionalis.shop\/ricardart\/wp-json\/wp\/v2\/product"}],"about":[{"href":"https:\/\/www.regionalis.shop\/ricardart\/wp-json\/wp\/v2\/types\/product"}],"wp:featuredmedia":[{"embeddable":true,"href":"https:\/\/www.regionalis.shop\/ricardart\/wp-json\/wp\/v2\/media\/2235"}],"wp:attachment":[{"href":"https:\/\/www.regionalis.shop\/ricardart\/wp-json\/wp\/v2\/media?parent=2234"}],"wp:term":[{"taxonomy":"product_brand","embeddable":true,"href":"https:\/\/www.regionalis.shop\/ricardart\/wp-json\/wp\/v2\/product_brand?post=2234"},{"taxonomy":"product_cat","embeddable":true,"href":"https:\/\/www.regionalis.shop\/ricardart\/wp-json\/wp\/v2\/product_cat?post=2234"},{"taxonomy":"product_tag","embeddable":true,"href":"https:\/\/www.regionalis.shop\/ricardart\/wp-json\/wp\/v2\/product_tag?post=2234"}],"curies":[{"name":"wp","href":"https:\/\/api.w.org\/{rel}","templated":true}]}}