{"id":2244,"date":"2025-04-18T05:14:43","date_gmt":"2025-04-18T03:14:43","guid":{"rendered":"https:\/\/www.regionalis.shop\/ricardart\/product\/tuerkranz-stern\/"},"modified":"2025-04-18T05:14:43","modified_gmt":"2025-04-18T03:14:43","slug":"tuerkranz-stern","status":"publish","type":"product","link":"https:\/\/www.regionalis.shop\/ricardart\/shop\/tuerkranz-stern\/","title":{"rendered":"T\u00fcrkranz *STERN*"},"content":{"rendered":"<p>Handgefertigte Wanddeko \/T\u00fcrkranz mit geh\u00e4keltem Weihnachtsstern in einem 20cm Metallreifen. Best\u00fcckt mit nat\u00fcrlicher Citrinperle <\/p>\n<p>*du bekommst dein Herzensst\u00fcck liebevoll verpackt in handbedrucktem, recyceltem Altpapier- individuell &#038; umweltfreundlich<\/p>\n","protected":false},"excerpt":{"rendered":"<p>Handgefertigte Wanddeko \/T\u00fcrkranz mit geh\u00e4keltem Weihnachtsstern in einem 20cm Metallreifen. Best\u00fcckt mit nat\u00fcrlicher Citrinperle *du bekommst dein Herzensst\u00fcck liebevoll verpackt in handbedrucktem, recyceltem Altpapier- individuell &#038; umweltfreundlich<\/p>\n","protected":false},"featured_media":2245,"template":"","meta":{"_acf_changed":false},"product_brand":[],"product_cat":[174,103],"product_tag":[],"class_list":{"0":"post-2244","1":"product","2":"type-product","3":"status-publish","4":"has-post-thumbnail","6":"product_cat-wohndekoration","7":"product_cat-wohnen-deko","9":"first","10":"instock","11":"purchasable","12":"product-type-simple"},"acf":[],"_links":{"self":[{"href":"https:\/\/www.regionalis.shop\/ricardart\/wp-json\/wp\/v2\/product\/2244","targetHints":{"allow":["GET"]}}],"collection":[{"href":"https:\/\/www.regionalis.shop\/ricardart\/wp-json\/wp\/v2\/product"}],"about":[{"href":"https:\/\/www.regionalis.shop\/ricardart\/wp-json\/wp\/v2\/types\/product"}],"wp:featuredmedia":[{"embeddable":true,"href":"https:\/\/www.regionalis.shop\/ricardart\/wp-json\/wp\/v2\/media\/2245"}],"wp:attachment":[{"href":"https:\/\/www.regionalis.shop\/ricardart\/wp-json\/wp\/v2\/media?parent=2244"}],"wp:term":[{"taxonomy":"product_brand","embeddable":true,"href":"https:\/\/www.regionalis.shop\/ricardart\/wp-json\/wp\/v2\/product_brand?post=2244"},{"taxonomy":"product_cat","embeddable":true,"href":"https:\/\/www.regionalis.shop\/ricardart\/wp-json\/wp\/v2\/product_cat?post=2244"},{"taxonomy":"product_tag","embeddable":true,"href":"https:\/\/www.regionalis.shop\/ricardart\/wp-json\/wp\/v2\/product_tag?post=2244"}],"curies":[{"name":"wp","href":"https:\/\/api.w.org\/{rel}","templated":true}]}}