{"id":2258,"date":"2025-04-18T05:06:20","date_gmt":"2025-04-18T03:06:20","guid":{"rendered":"https:\/\/www.regionalis.shop\/ricardart\/product\/chakra-geschenkbox-mandalastern\/"},"modified":"2025-04-18T05:06:20","modified_gmt":"2025-04-18T03:06:20","slug":"chakra-geschenkbox-mandalastern","status":"publish","type":"product","link":"https:\/\/www.regionalis.shop\/ricardart\/shop\/chakra-geschenkbox-mandalastern\/","title":{"rendered":"Chakra Geschenkbox *MANDALASTERN*"},"content":{"rendered":"<p>Liebevolle Geschenkidee f\u00fcr eine\/n deiner Lieben<br \/>\nGeschenkbox bestehend aus:<br \/>\n&#8211; *Stern*- Armband aus gewachstem, wasserfestem Makrameegarn, mit 13mm Verbinder aus Messing\/Legierung &#038; l\u00e4ngenverstellbarem Schiebeknoten zum individuellen anpassen<br \/>\n&#8211; Chakra Sonnenf\u00e4nger:<br \/>\nDer Sonnenf\u00e4nger liebt es besonders vor Fenstern zu h\u00e4ngen. Laut Fengh Shui soll so verhindert werden, dass positive Energien zu schnell wieder aus den Fenstern str\u00f6men. Au\u00dferdem reflektiert &#038; spaltet der Prismakristall das Sonnenlicht und sorgt so f\u00fcr ein angenehmes &#038; harmonisches Wohn-&#038; Wohlgef\u00fchl &#8211; f\u00e4llt n\u00e4mlich Licht auf den Kristall (auch Regenbogenkristall genannt), so zeigt sich das wunderbare Farbenspektrum des Regenbogens<br \/>\nMaterialien: Mandalastern aus Holz (50mm Durchmesser), 7 nat\u00fcrliche Edelsteine in nat\u00fcrlicher, unregelm\u00e4\u00dfiger Rohform (somit wird jedes St\u00fcck zu einem Unikat \ud83d\ude42<br \/>\nGesamtl\u00e4nge (ohne Schlaufe): ~13cm<br \/>\nVerleiht jedem Ort ein wenig Magie &#038; Harmonie<br \/>\n passt auch ideal als Christbaumschmuck &#038; Weihnachtsdeko<\/p>\n","protected":false},"excerpt":{"rendered":"<p>Liebevolle Geschenkidee f\u00fcr eine\/n deiner Lieben Geschenkbox bestehend aus: &#8211; *Stern*- Armband aus gewachstem, wasserfestem Makrameegarn, mit 13mm Verbinder aus Messing\/Legierung &#038; l\u00e4ngenverstellbarem Schiebeknoten zum individuellen anpassen &#8211; Chakra Sonnenf\u00e4nger: Der Sonnenf\u00e4nger liebt es besonders vor Fenstern zu h\u00e4ngen. Laut Fengh Shui soll so verhindert werden, dass positive Energien zu schnell wieder aus den Fenstern &hellip; <a href=\"https:\/\/www.regionalis.shop\/ricardart\/shop\/chakra-geschenkbox-mandalastern\/\">Continued<\/a><\/p>\n","protected":false},"featured_media":2259,"template":"","meta":{"_acf_changed":false},"product_brand":[],"product_cat":[173,103],"product_tag":[],"class_list":{"0":"post-2258","1":"product","2":"type-product","3":"status-publish","4":"has-post-thumbnail","6":"product_cat-weihnachten","7":"product_cat-wohnen-deko","9":"first","10":"instock","11":"purchasable","12":"product-type-simple"},"acf":[],"_links":{"self":[{"href":"https:\/\/www.regionalis.shop\/ricardart\/wp-json\/wp\/v2\/product\/2258","targetHints":{"allow":["GET"]}}],"collection":[{"href":"https:\/\/www.regionalis.shop\/ricardart\/wp-json\/wp\/v2\/product"}],"about":[{"href":"https:\/\/www.regionalis.shop\/ricardart\/wp-json\/wp\/v2\/types\/product"}],"wp:featuredmedia":[{"embeddable":true,"href":"https:\/\/www.regionalis.shop\/ricardart\/wp-json\/wp\/v2\/media\/2259"}],"wp:attachment":[{"href":"https:\/\/www.regionalis.shop\/ricardart\/wp-json\/wp\/v2\/media?parent=2258"}],"wp:term":[{"taxonomy":"product_brand","embeddable":true,"href":"https:\/\/www.regionalis.shop\/ricardart\/wp-json\/wp\/v2\/product_brand?post=2258"},{"taxonomy":"product_cat","embeddable":true,"href":"https:\/\/www.regionalis.shop\/ricardart\/wp-json\/wp\/v2\/product_cat?post=2258"},{"taxonomy":"product_tag","embeddable":true,"href":"https:\/\/www.regionalis.shop\/ricardart\/wp-json\/wp\/v2\/product_tag?post=2258"}],"curies":[{"name":"wp","href":"https:\/\/api.w.org\/{rel}","templated":true}]}}