{"id":2271,"date":"2025-04-18T04:56:12","date_gmt":"2025-04-18T02:56:12","guid":{"rendered":"https:\/\/www.regionalis.shop\/ricardart\/product\/chakra-armband-18k-vergoldet-4mm\/"},"modified":"2025-04-18T04:56:12","modified_gmt":"2025-04-18T02:56:12","slug":"chakra-armband-18k-vergoldet-4mm","status":"publish","type":"product","link":"https:\/\/www.regionalis.shop\/ricardart\/shop\/chakra-armband-18k-vergoldet-4mm\/","title":{"rendered":"CHAKRA Armband 18K vergoldet\/4mm"},"content":{"rendered":"<p>Kraftvolles Armband mit 7 sorgf\u00e4ltig ausgew\u00e4hlten Edelsteinen zur Harmonisierung &#038; Stabilisierung unserer Chakren &#038; f\u00fcr innere Balance.<br \/>\nVon Hand gefertigt aus gewachstem Makrameegarn (strapazierf\u00e4hig &#038; wasserfest), mit 7 Edelsteinperlen mit 4mm Durchmesser &#038; Zwischenperlen aus18k vergoldetem Kupfer.<br \/>\nEdelsteine: (Amethyst, Lapislazuli, Aquamarin\/Amazonit, Aventurin\/Malachit, Citrin, Karneol\/Sonnenstein, Achat<br \/>\n*Du bekommst dein Armband h\u00fcbsch verpackt &#038; mit pers\u00f6nlichem Steckbrief beigelegt auf dem du die wichtigsten Infos zu deinem neuen Begleiter nachlesen<\/p>\n","protected":false},"excerpt":{"rendered":"<p>Kraftvolles Armband mit 7 sorgf\u00e4ltig ausgew\u00e4hlten Edelsteinen zur Harmonisierung &#038; Stabilisierung unserer Chakren &#038; f\u00fcr innere Balance. Von Hand gefertigt aus gewachstem Makrameegarn (strapazierf\u00e4hig &#038; wasserfest), mit 7 Edelsteinperlen mit 4mm Durchmesser &#038; Zwischenperlen aus18k vergoldetem Kupfer. Edelsteine: (Amethyst, Lapislazuli, Aquamarin\/Amazonit, Aventurin\/Malachit, Citrin, Karneol\/Sonnenstein, Achat *Du bekommst dein Armband h\u00fcbsch verpackt &#038; mit pers\u00f6nlichem Steckbrief &hellip; <a href=\"https:\/\/www.regionalis.shop\/ricardart\/shop\/chakra-armband-18k-vergoldet-4mm\/\">Continued<\/a><\/p>\n","protected":false},"featured_media":2272,"template":"","meta":{"_acf_changed":false},"product_brand":[],"product_cat":[110,70],"product_tag":[],"class_list":{"0":"post-2271","1":"product","2":"type-product","3":"status-publish","4":"has-post-thumbnail","6":"product_cat-armbaender","7":"product_cat-schmuck","9":"first","10":"instock","11":"purchasable","12":"product-type-simple"},"acf":[],"_links":{"self":[{"href":"https:\/\/www.regionalis.shop\/ricardart\/wp-json\/wp\/v2\/product\/2271","targetHints":{"allow":["GET"]}}],"collection":[{"href":"https:\/\/www.regionalis.shop\/ricardart\/wp-json\/wp\/v2\/product"}],"about":[{"href":"https:\/\/www.regionalis.shop\/ricardart\/wp-json\/wp\/v2\/types\/product"}],"wp:featuredmedia":[{"embeddable":true,"href":"https:\/\/www.regionalis.shop\/ricardart\/wp-json\/wp\/v2\/media\/2272"}],"wp:attachment":[{"href":"https:\/\/www.regionalis.shop\/ricardart\/wp-json\/wp\/v2\/media?parent=2271"}],"wp:term":[{"taxonomy":"product_brand","embeddable":true,"href":"https:\/\/www.regionalis.shop\/ricardart\/wp-json\/wp\/v2\/product_brand?post=2271"},{"taxonomy":"product_cat","embeddable":true,"href":"https:\/\/www.regionalis.shop\/ricardart\/wp-json\/wp\/v2\/product_cat?post=2271"},{"taxonomy":"product_tag","embeddable":true,"href":"https:\/\/www.regionalis.shop\/ricardart\/wp-json\/wp\/v2\/product_tag?post=2271"}],"curies":[{"name":"wp","href":"https:\/\/api.w.org\/{rel}","templated":true}]}}