{"id":2276,"date":"2025-04-18T04:50:13","date_gmt":"2025-04-18T02:50:13","guid":{"rendered":"https:\/\/www.regionalis.shop\/ricardart\/product\/mondstein-ohrringe-mandala\/"},"modified":"2025-04-18T04:50:13","modified_gmt":"2025-04-18T02:50:13","slug":"mondstein-ohrringe-mandala","status":"publish","type":"product","link":"https:\/\/www.regionalis.shop\/ricardart\/shop\/mondstein-ohrringe-mandala\/","title":{"rendered":"MONDSTEIN Ohrringe *MANDALA"},"content":{"rendered":"<p>Strahlende Mondstein &#8211; Ohrringe mit Ohrhaken aus 925 Sterlingsilber oder vergoldetem Edelstahl, nat\u00fcrlichem Mondstein in unregelm\u00e4\u00dfiger Rohform  &#038; Mandala Pendants (30mm) aus hochwertigem, nickelfreiem Messing (versilbert\/vergoldet)<br \/>\nGesamtl\u00e4nge: ~5cm<\/p>\n<p>MONDSTEIN\u00a0(Sakralchakra\/Sv\u00e3dhisth\u00e3na)<br \/>\nIntuition ~ Sch\u00f6pferkraft &#8211; Weiblichkeit &#8211; Fruchtbarkeit\u00a0<br \/>\nDer Mondstein f\u00f6rdert die Empathie dir selbst gegen\u00fcber.<br \/>\nGanz besonders unterst\u00fctzt dich der Mondstein in allen Aspekten deiner wunderbaren Weiblichkeit und hilft dir, deine Yin-Energie zu entdecken und in Balance zu bringen. Er ist dir auch bei Kinderwunsch, in der Schwangerschaft und als Mama ein wunderbarer &#038; unterst\u00fctzenden Begleiter\u00a0<\/p>\n","protected":false},"excerpt":{"rendered":"<p>Strahlende Mondstein &#8211; Ohrringe mit Ohrhaken aus 925 Sterlingsilber oder vergoldetem Edelstahl, nat\u00fcrlichem Mondstein in unregelm\u00e4\u00dfiger Rohform &#038; Mandala Pendants (30mm) aus hochwertigem, nickelfreiem Messing (versilbert\/vergoldet) Gesamtl\u00e4nge: ~5cm MONDSTEIN\u00a0(Sakralchakra\/Sv\u00e3dhisth\u00e3na) Intuition ~ Sch\u00f6pferkraft &#8211; Weiblichkeit &#8211; Fruchtbarkeit\u00a0 Der Mondstein f\u00f6rdert die Empathie dir selbst gegen\u00fcber. Ganz besonders unterst\u00fctzt dich der Mondstein in allen Aspekten deiner wunderbaren &hellip; <a href=\"https:\/\/www.regionalis.shop\/ricardart\/shop\/mondstein-ohrringe-mandala\/\">Continued<\/a><\/p>\n","protected":false},"featured_media":2277,"template":"","meta":{"_acf_changed":false},"product_brand":[],"product_cat":[163,70],"product_tag":[],"class_list":{"0":"post-2276","1":"product","2":"type-product","3":"status-publish","4":"has-post-thumbnail","6":"product_cat-ohrringe","7":"product_cat-schmuck","9":"first","10":"instock","11":"purchasable","12":"product-type-simple"},"acf":[],"_links":{"self":[{"href":"https:\/\/www.regionalis.shop\/ricardart\/wp-json\/wp\/v2\/product\/2276","targetHints":{"allow":["GET"]}}],"collection":[{"href":"https:\/\/www.regionalis.shop\/ricardart\/wp-json\/wp\/v2\/product"}],"about":[{"href":"https:\/\/www.regionalis.shop\/ricardart\/wp-json\/wp\/v2\/types\/product"}],"wp:featuredmedia":[{"embeddable":true,"href":"https:\/\/www.regionalis.shop\/ricardart\/wp-json\/wp\/v2\/media\/2277"}],"wp:attachment":[{"href":"https:\/\/www.regionalis.shop\/ricardart\/wp-json\/wp\/v2\/media?parent=2276"}],"wp:term":[{"taxonomy":"product_brand","embeddable":true,"href":"https:\/\/www.regionalis.shop\/ricardart\/wp-json\/wp\/v2\/product_brand?post=2276"},{"taxonomy":"product_cat","embeddable":true,"href":"https:\/\/www.regionalis.shop\/ricardart\/wp-json\/wp\/v2\/product_cat?post=2276"},{"taxonomy":"product_tag","embeddable":true,"href":"https:\/\/www.regionalis.shop\/ricardart\/wp-json\/wp\/v2\/product_tag?post=2276"}],"curies":[{"name":"wp","href":"https:\/\/api.w.org\/{rel}","templated":true}]}}