{"id":2286,"date":"2025-04-18T04:48:21","date_gmt":"2025-04-18T02:48:21","guid":{"rendered":"https:\/\/www.regionalis.shop\/ricardart\/product\/lebensbaum-dopppelarmband-granat-amethyst\/"},"modified":"2025-04-18T04:48:21","modified_gmt":"2025-04-18T02:48:21","slug":"lebensbaum-dopppelarmband-granat-amethyst","status":"publish","type":"product","link":"https:\/\/www.regionalis.shop\/ricardart\/shop\/lebensbaum-dopppelarmband-granat-amethyst\/","title":{"rendered":"LEBENSBAUM Dopppelarmband Granat\/Amethyst"},"content":{"rendered":"<p>Handgefertigtes Doppelarmband aus gewachstem Makrameegarn, mit nat\u00fcrlichen Edelsteinen &#038; l\u00e4ngenverstellbarem Schiebeknoten zum individuellen anpassen.<br \/>\nLebensbaum aus nickelfreiem, ros\u00e9vergoldeten\/verdilbertem Messing (15mm Durchmesser)<\/p>\n<p>Du bekommst dein Armband liebevoll verpackt in einer handbedruckten Box aus recyceltem Altpapier, mit beigelegtem Steckbrief auf dem du die wichtigsten Infos zu deinem neuen Begleiter nachlesen kannst<\/p>\n","protected":false},"excerpt":{"rendered":"<p>Handgefertigtes Doppelarmband aus gewachstem Makrameegarn, mit nat\u00fcrlichen Edelsteinen &#038; l\u00e4ngenverstellbarem Schiebeknoten zum individuellen anpassen. Lebensbaum aus nickelfreiem, ros\u00e9vergoldeten\/verdilbertem Messing (15mm Durchmesser) Du bekommst dein Armband liebevoll verpackt in einer handbedruckten Box aus recyceltem Altpapier, mit beigelegtem Steckbrief auf dem du die wichtigsten Infos zu deinem neuen Begleiter nachlesen kannst<\/p>\n","protected":false},"featured_media":2287,"template":"","meta":{"_acf_changed":false},"product_brand":[],"product_cat":[110,70],"product_tag":[],"class_list":{"0":"post-2286","1":"product","2":"type-product","3":"status-publish","4":"has-post-thumbnail","6":"product_cat-armbaender","7":"product_cat-schmuck","9":"first","10":"instock","11":"purchasable","12":"product-type-simple"},"acf":[],"_links":{"self":[{"href":"https:\/\/www.regionalis.shop\/ricardart\/wp-json\/wp\/v2\/product\/2286","targetHints":{"allow":["GET"]}}],"collection":[{"href":"https:\/\/www.regionalis.shop\/ricardart\/wp-json\/wp\/v2\/product"}],"about":[{"href":"https:\/\/www.regionalis.shop\/ricardart\/wp-json\/wp\/v2\/types\/product"}],"wp:featuredmedia":[{"embeddable":true,"href":"https:\/\/www.regionalis.shop\/ricardart\/wp-json\/wp\/v2\/media\/2287"}],"wp:attachment":[{"href":"https:\/\/www.regionalis.shop\/ricardart\/wp-json\/wp\/v2\/media?parent=2286"}],"wp:term":[{"taxonomy":"product_brand","embeddable":true,"href":"https:\/\/www.regionalis.shop\/ricardart\/wp-json\/wp\/v2\/product_brand?post=2286"},{"taxonomy":"product_cat","embeddable":true,"href":"https:\/\/www.regionalis.shop\/ricardart\/wp-json\/wp\/v2\/product_cat?post=2286"},{"taxonomy":"product_tag","embeddable":true,"href":"https:\/\/www.regionalis.shop\/ricardart\/wp-json\/wp\/v2\/product_tag?post=2286"}],"curies":[{"name":"wp","href":"https:\/\/api.w.org\/{rel}","templated":true}]}}