{"id":2304,"date":"2025-04-18T04:45:36","date_gmt":"2025-04-18T02:45:36","guid":{"rendered":"https:\/\/www.regionalis.shop\/ricardart\/product\/crystal-circle-erdbeerquarz\/"},"modified":"2025-04-18T04:45:36","modified_gmt":"2025-04-18T02:45:36","slug":"crystal-circle-erdbeerquarz","status":"publish","type":"product","link":"https:\/\/www.regionalis.shop\/ricardart\/shop\/crystal-circle-erdbeerquarz\/","title":{"rendered":"Crystal Circle *ERDBEERQUARZ*"},"content":{"rendered":"<p>Hol dir Licht &#038; positive Energie ins Haus!!!<br \/>\nDie &#8218;Crystal Circles&#8216; sind ganz besondere Sch\u00e4tze in meinem Sortiment &#038; jeder Circle ist aufgrund der individuellen Beschaffenheit der einzelnen Rohsteine absolut einzigartig &#8211; so einzigartig wie DU <\/p>\n<p>Die Crystal Circles lieben es besonders im Licht, vorallem in der Sonne oder vor Fenstern zu h\u00e4ngen. Die Prismaglaskristalle sorgen mit ihrem &#8222;Sonnenf\u00e4nger-Effekt&#8220; f\u00fcr ein angenehmes &#038; harmonisches Wohn-,&#038; Wohlgef\u00fchl<br \/>\n*Sonnenf\u00e4nger-Effekt: F\u00e4llt Licht auf ein Prisma\/ einen Prismakristall, so wird\u00a0 es gespalten &#038; in den wundersch\u00f6nen\u00a0 Farben des Regenbogens (Spektralfarben) auf deinen W\u00e4nden &#038; auf umgebenden Fl\u00e4chen reflektiert <\/p>\n<p>***Laut Fengh Shui soll das Anbringen vorm Fenster verhindern, dass positive Energien zu schnell wieder hinaus str\u00f6men***<\/p>\n<p>MATERIALIEN:<br \/>\n&#8211; mit nat\u00fcrlichen Edelsteinen in ihrer wundersch\u00f6nen &#038; einzigartigen Form (Erdbeerquarz &#038; Rosenquarz)<br \/>\n&#8211; Metallreifen mit 16cm \u00e4u\u00dferem Durchmesser,<br \/>\n&#8211; vergoldete Zwischenelemente &#038;<br \/>\n&#8211; facettiert geschliffene Prismaglaskristalle zur Reflexion des Sonnenlichts <\/p>\n<p>*du bekommst deinen Circle h\u00fcbsch verpackt in handbedrucktem, recyceltem Altpapier, mit pers\u00f6nlichem Steckbrief beigelegt auf dem du die wichtigsten Infos zu deinem neuen Herzst\u00fcck nachlesen kannst<\/p>\n<p>ERDBEERQUARZ (Wurzel-&#038; Sakralchakra)<br \/>\nHumor &#8211; Selbstreflexion &#8211; Einsicht &#8211; Selbstlosigkeit &#8211; G\u00fcte<br \/>\nDer rosafarbene Erdbeerquarz unterst\u00fctzt uns dabei auf uns selbst zu blicken &#038; eigene Fehler zu erknennen. Er bringt Humor in unser Denken und erm\u00f6glicht es so, auch \u00fcber sich selbst lachen zu k\u00f6nnen.  Er \u00f6ffnet unsere Augen uns l\u00e4sst uns so die Folgen unseres eigenen Handelns erkennen. Au\u00dferdem wird ihm eine positive Wirkung auf unser Herz nachgesagt.<\/p>\n","protected":false},"excerpt":{"rendered":"<p>Hol dir Licht &#038; positive Energie ins Haus!!! Die &#8218;Crystal Circles&#8216; sind ganz besondere Sch\u00e4tze in meinem Sortiment &#038; jeder Circle ist aufgrund der individuellen Beschaffenheit der einzelnen Rohsteine absolut einzigartig &#8211; so einzigartig wie DU Die Crystal Circles lieben es besonders im Licht, vorallem in der Sonne oder vor Fenstern zu h\u00e4ngen. Die Prismaglaskristalle &hellip; <a href=\"https:\/\/www.regionalis.shop\/ricardart\/shop\/crystal-circle-erdbeerquarz\/\">Continued<\/a><\/p>\n","protected":false},"featured_media":2305,"template":"","meta":{"_acf_changed":false},"product_brand":[],"product_cat":[174,103],"product_tag":[],"class_list":{"0":"post-2304","1":"product","2":"type-product","3":"status-publish","4":"has-post-thumbnail","6":"product_cat-wohndekoration","7":"product_cat-wohnen-deko","9":"first","10":"instock","11":"purchasable","12":"product-type-simple"},"acf":[],"_links":{"self":[{"href":"https:\/\/www.regionalis.shop\/ricardart\/wp-json\/wp\/v2\/product\/2304","targetHints":{"allow":["GET"]}}],"collection":[{"href":"https:\/\/www.regionalis.shop\/ricardart\/wp-json\/wp\/v2\/product"}],"about":[{"href":"https:\/\/www.regionalis.shop\/ricardart\/wp-json\/wp\/v2\/types\/product"}],"wp:featuredmedia":[{"embeddable":true,"href":"https:\/\/www.regionalis.shop\/ricardart\/wp-json\/wp\/v2\/media\/2305"}],"wp:attachment":[{"href":"https:\/\/www.regionalis.shop\/ricardart\/wp-json\/wp\/v2\/media?parent=2304"}],"wp:term":[{"taxonomy":"product_brand","embeddable":true,"href":"https:\/\/www.regionalis.shop\/ricardart\/wp-json\/wp\/v2\/product_brand?post=2304"},{"taxonomy":"product_cat","embeddable":true,"href":"https:\/\/www.regionalis.shop\/ricardart\/wp-json\/wp\/v2\/product_cat?post=2304"},{"taxonomy":"product_tag","embeddable":true,"href":"https:\/\/www.regionalis.shop\/ricardart\/wp-json\/wp\/v2\/product_tag?post=2304"}],"curies":[{"name":"wp","href":"https:\/\/api.w.org\/{rel}","templated":true}]}}