{"id":2309,"date":"2025-04-18T04:44:52","date_gmt":"2025-04-18T02:44:52","guid":{"rendered":"https:\/\/www.regionalis.shop\/ricardart\/product\/mondstein-granat-chakraarmband-18k-vergoldet\/"},"modified":"2025-04-18T04:44:52","modified_gmt":"2025-04-18T02:44:52","slug":"mondstein-granat-chakraarmband-18k-vergoldet","status":"publish","type":"product","link":"https:\/\/www.regionalis.shop\/ricardart\/shop\/mondstein-granat-chakraarmband-18k-vergoldet\/","title":{"rendered":"MONDSTEIN\/GRANAT Chakraarmband *18k vergoldet"},"content":{"rendered":"<p>Zartes Chakraarmband mit nat\u00fcrlichem Mondstein oder Granat &#038; 18k vergoldeten Messingperlen.<br \/>\nDas Armband l\u00e4sst sich durch den l\u00e4ngenverstellbaren Schiebeknoten individuell an jedes Handgelenk anpassen.<br \/>\n~ Ein kraftvoller Wegbegleiter, ob f\u00fcr dich oder eine\/n deiner Lieben \u2661<br \/>\nDu bekommst dein Armband h\u00fcbsch verpackt im Naturleinenbeutel, mit beigelegtem Steckbrief aufdem du die wichtigsten Infos zu deinem neuen Begleiter nachlesen kannst<\/p>\n","protected":false},"excerpt":{"rendered":"<p>Zartes Chakraarmband mit nat\u00fcrlichem Mondstein oder Granat &#038; 18k vergoldeten Messingperlen. Das Armband l\u00e4sst sich durch den l\u00e4ngenverstellbaren Schiebeknoten individuell an jedes Handgelenk anpassen. ~ Ein kraftvoller Wegbegleiter, ob f\u00fcr dich oder eine\/n deiner Lieben \u2661 Du bekommst dein Armband h\u00fcbsch verpackt im Naturleinenbeutel, mit beigelegtem Steckbrief aufdem du die wichtigsten Infos zu deinem neuen &hellip; <a href=\"https:\/\/www.regionalis.shop\/ricardart\/shop\/mondstein-granat-chakraarmband-18k-vergoldet\/\">Continued<\/a><\/p>\n","protected":false},"featured_media":2310,"template":"","meta":{"_acf_changed":false},"product_brand":[],"product_cat":[110,70],"product_tag":[],"class_list":{"0":"post-2309","1":"product","2":"type-product","3":"status-publish","4":"has-post-thumbnail","6":"product_cat-armbaender","7":"product_cat-schmuck","9":"first","10":"instock","11":"purchasable","12":"product-type-simple"},"acf":[],"_links":{"self":[{"href":"https:\/\/www.regionalis.shop\/ricardart\/wp-json\/wp\/v2\/product\/2309","targetHints":{"allow":["GET"]}}],"collection":[{"href":"https:\/\/www.regionalis.shop\/ricardart\/wp-json\/wp\/v2\/product"}],"about":[{"href":"https:\/\/www.regionalis.shop\/ricardart\/wp-json\/wp\/v2\/types\/product"}],"wp:featuredmedia":[{"embeddable":true,"href":"https:\/\/www.regionalis.shop\/ricardart\/wp-json\/wp\/v2\/media\/2310"}],"wp:attachment":[{"href":"https:\/\/www.regionalis.shop\/ricardart\/wp-json\/wp\/v2\/media?parent=2309"}],"wp:term":[{"taxonomy":"product_brand","embeddable":true,"href":"https:\/\/www.regionalis.shop\/ricardart\/wp-json\/wp\/v2\/product_brand?post=2309"},{"taxonomy":"product_cat","embeddable":true,"href":"https:\/\/www.regionalis.shop\/ricardart\/wp-json\/wp\/v2\/product_cat?post=2309"},{"taxonomy":"product_tag","embeddable":true,"href":"https:\/\/www.regionalis.shop\/ricardart\/wp-json\/wp\/v2\/product_tag?post=2309"}],"curies":[{"name":"wp","href":"https:\/\/api.w.org\/{rel}","templated":true}]}}