{"id":2318,"date":"2025-04-18T04:44:52","date_gmt":"2025-04-18T02:44:52","guid":{"rendered":"https:\/\/www.regionalis.shop\/ricardart\/product\/citrin-doppelarmband-seed-of-life-silber\/"},"modified":"2025-04-18T04:44:52","modified_gmt":"2025-04-18T02:44:52","slug":"citrin-doppelarmband-seed-of-life-silber","status":"publish","type":"product","link":"https:\/\/www.regionalis.shop\/ricardart\/shop\/citrin-doppelarmband-seed-of-life-silber\/","title":{"rendered":"CITRIN Doppelarmband *SEED OF LIFE* silber"},"content":{"rendered":"<p>Doppelreihiges Armband aus gewachstem Makrameegarn (strapazierf\u00e4hig &#038; wasserfest), mit 14mm &#8222;Lebenssaat-Verbinder&#8220; (nickelfrei), 18k vergoldeten Kupferperlen &#038; nat\u00fcrlichem Citrin (4&#038;6mm)<\/p>\n<p>*du bekommst dein Schmuckst\u00fcck h\u00fcbsch verpackt in einer handbedruckten Box aus recyceltem Altpapier, mit pers\u00f6nlichem Steckbrief beigelegt auf dem du die wichtigsten Infos zu deinem neuen Begleiter nachlesen kannst <\/p>\n<p>CITRIN (Solarplexuschakra\/ Manip\u016bra)<br \/>\nLebensfreude ~ Energie ~ Lebensmut ~<br \/>\nEin Powerstein &#038; Energiespender \u00a0<br \/>\nDer Citrin bringt deine inneres Licht zum Strahlen  Er schenkt dir Lebensfreude und ist ein wahrer Sonnenspender<\/p>\n","protected":false},"excerpt":{"rendered":"<p>Doppelreihiges Armband aus gewachstem Makrameegarn (strapazierf\u00e4hig &#038; wasserfest), mit 14mm &#8222;Lebenssaat-Verbinder&#8220; (nickelfrei), 18k vergoldeten Kupferperlen &#038; nat\u00fcrlichem Citrin (4&#038;6mm) *du bekommst dein Schmuckst\u00fcck h\u00fcbsch verpackt in einer handbedruckten Box aus recyceltem Altpapier, mit pers\u00f6nlichem Steckbrief beigelegt auf dem du die wichtigsten Infos zu deinem neuen Begleiter nachlesen kannst CITRIN (Solarplexuschakra\/ Manip\u016bra) Lebensfreude ~ Energie ~ &hellip; <a href=\"https:\/\/www.regionalis.shop\/ricardart\/shop\/citrin-doppelarmband-seed-of-life-silber\/\">Continued<\/a><\/p>\n","protected":false},"featured_media":2319,"template":"","meta":{"_acf_changed":false},"product_brand":[],"product_cat":[110,70],"product_tag":[],"class_list":{"0":"post-2318","1":"product","2":"type-product","3":"status-publish","4":"has-post-thumbnail","6":"product_cat-armbaender","7":"product_cat-schmuck","9":"first","10":"instock","11":"purchasable","12":"product-type-simple"},"acf":[],"_links":{"self":[{"href":"https:\/\/www.regionalis.shop\/ricardart\/wp-json\/wp\/v2\/product\/2318","targetHints":{"allow":["GET"]}}],"collection":[{"href":"https:\/\/www.regionalis.shop\/ricardart\/wp-json\/wp\/v2\/product"}],"about":[{"href":"https:\/\/www.regionalis.shop\/ricardart\/wp-json\/wp\/v2\/types\/product"}],"wp:featuredmedia":[{"embeddable":true,"href":"https:\/\/www.regionalis.shop\/ricardart\/wp-json\/wp\/v2\/media\/2319"}],"wp:attachment":[{"href":"https:\/\/www.regionalis.shop\/ricardart\/wp-json\/wp\/v2\/media?parent=2318"}],"wp:term":[{"taxonomy":"product_brand","embeddable":true,"href":"https:\/\/www.regionalis.shop\/ricardart\/wp-json\/wp\/v2\/product_brand?post=2318"},{"taxonomy":"product_cat","embeddable":true,"href":"https:\/\/www.regionalis.shop\/ricardart\/wp-json\/wp\/v2\/product_cat?post=2318"},{"taxonomy":"product_tag","embeddable":true,"href":"https:\/\/www.regionalis.shop\/ricardart\/wp-json\/wp\/v2\/product_tag?post=2318"}],"curies":[{"name":"wp","href":"https:\/\/api.w.org\/{rel}","templated":true}]}}