{"id":2331,"date":"2025-04-18T04:33:43","date_gmt":"2025-04-18T02:33:43","guid":{"rendered":"https:\/\/www.regionalis.shop\/ricardart\/product\/sonnenfaenger-mandalastern-labradorit\/"},"modified":"2025-04-18T04:33:43","modified_gmt":"2025-04-18T02:33:43","slug":"sonnenfaenger-mandalastern-labradorit","status":"publish","type":"product","link":"https:\/\/www.regionalis.shop\/ricardart\/shop\/sonnenfaenger-mandalastern-labradorit\/","title":{"rendered":"Sonnenf\u00e4nger *MANDALASTERN &#8211; LABRADORIT*"},"content":{"rendered":"<p>Diese h\u00fcbschen Weihnachtsanh\u00e4nger haben eine ganz besondere &#038; wunderbare Eigenschaft: F\u00e4llt Licht auf die facettierten Glaskristalle (Prismakristalle) reflektieren &#038; spalten diese das Sonnenlicht &#038; es zeigt sich das wunderbare Farbenspektrum des Regenbogens &#8211;  f\u00fcr ein zauberhaftes &#038; harmonisches Wohn-&#038; Wohlgef\u00fchl<br \/>\nMaterialien: Mandalastern aus Holz (55mm Durchmesser), 80mm Metallring (vergoldetes Eisen), facettierter Labradorit (6-8mm), Prismaglaskristalle<br \/>\nGesamtl\u00e4nge (ohne Schlaufe): ~14cm<\/p>\n<p>\u300bVerleiht jedem Ort ein wenig Magie &#038; Harmonie<br \/>\n\u300bpasst auch ideal als christbaumschmuck oder Weihnachtsdeko \u300a<\/p>\n","protected":false},"excerpt":{"rendered":"<p>Diese h\u00fcbschen Weihnachtsanh\u00e4nger haben eine ganz besondere &#038; wunderbare Eigenschaft: F\u00e4llt Licht auf die facettierten Glaskristalle (Prismakristalle) reflektieren &#038; spalten diese das Sonnenlicht &#038; es zeigt sich das wunderbare Farbenspektrum des Regenbogens &#8211; f\u00fcr ein zauberhaftes &#038; harmonisches Wohn-&#038; Wohlgef\u00fchl Materialien: Mandalastern aus Holz (55mm Durchmesser), 80mm Metallring (vergoldetes Eisen), facettierter Labradorit (6-8mm), Prismaglaskristalle Gesamtl\u00e4nge &hellip; <a href=\"https:\/\/www.regionalis.shop\/ricardart\/shop\/sonnenfaenger-mandalastern-labradorit\/\">Continued<\/a><\/p>\n","protected":false},"featured_media":2332,"template":"","meta":{"_acf_changed":false},"product_brand":[],"product_cat":[173,103],"product_tag":[],"class_list":{"0":"post-2331","1":"product","2":"type-product","3":"status-publish","4":"has-post-thumbnail","6":"product_cat-weihnachten","7":"product_cat-wohnen-deko","9":"first","10":"instock","11":"purchasable","12":"product-type-simple"},"acf":[],"_links":{"self":[{"href":"https:\/\/www.regionalis.shop\/ricardart\/wp-json\/wp\/v2\/product\/2331","targetHints":{"allow":["GET"]}}],"collection":[{"href":"https:\/\/www.regionalis.shop\/ricardart\/wp-json\/wp\/v2\/product"}],"about":[{"href":"https:\/\/www.regionalis.shop\/ricardart\/wp-json\/wp\/v2\/types\/product"}],"wp:featuredmedia":[{"embeddable":true,"href":"https:\/\/www.regionalis.shop\/ricardart\/wp-json\/wp\/v2\/media\/2332"}],"wp:attachment":[{"href":"https:\/\/www.regionalis.shop\/ricardart\/wp-json\/wp\/v2\/media?parent=2331"}],"wp:term":[{"taxonomy":"product_brand","embeddable":true,"href":"https:\/\/www.regionalis.shop\/ricardart\/wp-json\/wp\/v2\/product_brand?post=2331"},{"taxonomy":"product_cat","embeddable":true,"href":"https:\/\/www.regionalis.shop\/ricardart\/wp-json\/wp\/v2\/product_cat?post=2331"},{"taxonomy":"product_tag","embeddable":true,"href":"https:\/\/www.regionalis.shop\/ricardart\/wp-json\/wp\/v2\/product_tag?post=2331"}],"curies":[{"name":"wp","href":"https:\/\/api.w.org\/{rel}","templated":true}]}}