{"id":2340,"date":"2025-04-18T04:25:57","date_gmt":"2025-04-18T02:25:57","guid":{"rendered":"https:\/\/www.regionalis.shop\/ricardart\/product\/mondstein-wunschkristall-armband\/"},"modified":"2025-04-18T04:25:57","modified_gmt":"2025-04-18T02:25:57","slug":"mondstein-wunschkristall-armband","status":"publish","type":"product","link":"https:\/\/www.regionalis.shop\/ricardart\/shop\/mondstein-wunschkristall-armband\/","title":{"rendered":"MONDSTEIN Wunschkristall-Armband"},"content":{"rendered":"<p>Das Wunschkristallarmband soll dich darin st\u00e4rken, deinen Tr\u00e4umen und Zielen n\u00e4her zu kommen &#038; sie mit Hilfe des Armbands zu manifestieren &#038; zu visualisieren<br \/>\n*Denke daf\u00fcr beim Anlegen des Armbands ganz fest an deinen Wunsch\/ dein Ziel  &#8211; Wenn es von alleine abf\u00e4llt, so sagt man, solltest du deinem Ziel schon etwas n\u00e4her sein\/es erreicht haben<br \/>\n&#8222;Put the bracelet arround your wrist, close your eyes and make a wish&#8220;<br \/>\nEine nette M\u00f6glichkeit seine Ziele &#038; Tr\u00e4ume zu visualisieren und sich darin zu best\u00e4rken<br \/>\nMaterial: gewachstes Makrameegarn (strapazierf\u00e4hig &#038; wasserabweisend), nat\u00fcrlicher Mondstein in seiner wundersch\u00f6nen &#038; einzigartigen Form<br \/>\nMONDSTEIN\u00a0(Sakralchakra\/Sv\u00e3dhisth\u00e3na)<br \/>\nIntuition ~ Sch\u00f6pferkraft &#8211; Weiblichkeit &#8211; Fruchtbarkeit\u00a0<br \/>\nDer Mondstein f\u00f6rdert die Empathie dir selbst gegen\u00fcber. Ganz besonders unterst\u00fctzt er dich in allen Aspekten deiner wunderbaren Weiblichkeit und hilft dir deine Yin-Energie zu entdecken und in Balance zu bringen. Er ist dir auch bei Kinderwunsch, in der Schwangerschaft und als Mama ein wunderbarer &#038; unterst\u00fctzenden Begleiter\u00a0<br \/>\nDu bekommst dein Armband liebevoll &#038; umweltfreundlich verpackt, mit beigelegtem Steckbrief, auf dem du die wichtigsten Infos zu deinem neuen Begleiter nachlesen kannst<\/p>\n","protected":false},"excerpt":{"rendered":"<p>Das Wunschkristallarmband soll dich darin st\u00e4rken, deinen Tr\u00e4umen und Zielen n\u00e4her zu kommen &#038; sie mit Hilfe des Armbands zu manifestieren &#038; zu visualisieren *Denke daf\u00fcr beim Anlegen des Armbands ganz fest an deinen Wunsch\/ dein Ziel &#8211; Wenn es von alleine abf\u00e4llt, so sagt man, solltest du deinem Ziel schon etwas n\u00e4her sein\/es erreicht &hellip; <a href=\"https:\/\/www.regionalis.shop\/ricardart\/shop\/mondstein-wunschkristall-armband\/\">Continued<\/a><\/p>\n","protected":false},"featured_media":2341,"template":"","meta":{"_acf_changed":false},"product_brand":[],"product_cat":[110,70],"product_tag":[],"class_list":{"0":"post-2340","1":"product","2":"type-product","3":"status-publish","4":"has-post-thumbnail","6":"product_cat-armbaender","7":"product_cat-schmuck","9":"first","10":"instock","11":"purchasable","12":"product-type-simple"},"acf":[],"_links":{"self":[{"href":"https:\/\/www.regionalis.shop\/ricardart\/wp-json\/wp\/v2\/product\/2340","targetHints":{"allow":["GET"]}}],"collection":[{"href":"https:\/\/www.regionalis.shop\/ricardart\/wp-json\/wp\/v2\/product"}],"about":[{"href":"https:\/\/www.regionalis.shop\/ricardart\/wp-json\/wp\/v2\/types\/product"}],"wp:featuredmedia":[{"embeddable":true,"href":"https:\/\/www.regionalis.shop\/ricardart\/wp-json\/wp\/v2\/media\/2341"}],"wp:attachment":[{"href":"https:\/\/www.regionalis.shop\/ricardart\/wp-json\/wp\/v2\/media?parent=2340"}],"wp:term":[{"taxonomy":"product_brand","embeddable":true,"href":"https:\/\/www.regionalis.shop\/ricardart\/wp-json\/wp\/v2\/product_brand?post=2340"},{"taxonomy":"product_cat","embeddable":true,"href":"https:\/\/www.regionalis.shop\/ricardart\/wp-json\/wp\/v2\/product_cat?post=2340"},{"taxonomy":"product_tag","embeddable":true,"href":"https:\/\/www.regionalis.shop\/ricardart\/wp-json\/wp\/v2\/product_tag?post=2340"}],"curies":[{"name":"wp","href":"https:\/\/api.w.org\/{rel}","templated":true}]}}