{"id":2350,"date":"2025-04-18T04:23:45","date_gmt":"2025-04-18T02:23:45","guid":{"rendered":"https:\/\/www.regionalis.shop\/ricardart\/product\/weihnachtsbaeumchen-makramee-nature\/"},"modified":"2025-04-18T04:23:45","modified_gmt":"2025-04-18T02:23:45","slug":"weihnachtsbaeumchen-makramee-nature","status":"publish","type":"product","link":"https:\/\/www.regionalis.shop\/ricardart\/shop\/weihnachtsbaeumchen-makramee-nature\/","title":{"rendered":"Weihnachtsb\u00e4umchen *MAKRAMEE nature"},"content":{"rendered":"<p>Von Hand gefertigtes Wohnaccessoire &#8211;  f\u00fcrs ganze Jahr  sowohl vorm Fenster, Spiegel oder an der Wand, im auto oder \u00fcberm Kinderbett.. das B\u00e4umchen findet seinen perfekten Platz<br \/>\nLebensbaum aus Holz (5cm Durchmesser), von Hand umkn\u00fcpft mit 100%iger Baumwolle, mit Holzperlen &#038; vergoldeten Metallperlen best\u00fcckt.<br \/>\nGesamtl\u00e4nge (ohne Schlaufe &#8211; ab der 1.Perle): ~ 12cm<\/p>\n","protected":false},"excerpt":{"rendered":"<p>Von Hand gefertigtes Wohnaccessoire &#8211; f\u00fcrs ganze Jahr sowohl vorm Fenster, Spiegel oder an der Wand, im auto oder \u00fcberm Kinderbett.. das B\u00e4umchen findet seinen perfekten Platz Lebensbaum aus Holz (5cm Durchmesser), von Hand umkn\u00fcpft mit 100%iger Baumwolle, mit Holzperlen &#038; vergoldeten Metallperlen best\u00fcckt. Gesamtl\u00e4nge (ohne Schlaufe &#8211; ab der 1.Perle): ~ 12cm<\/p>\n","protected":false},"featured_media":2351,"template":"","meta":{"_acf_changed":false},"product_brand":[],"product_cat":[173,103],"product_tag":[],"class_list":{"0":"post-2350","1":"product","2":"type-product","3":"status-publish","4":"has-post-thumbnail","6":"product_cat-weihnachten","7":"product_cat-wohnen-deko","9":"first","10":"instock","11":"purchasable","12":"product-type-simple"},"acf":[],"_links":{"self":[{"href":"https:\/\/www.regionalis.shop\/ricardart\/wp-json\/wp\/v2\/product\/2350","targetHints":{"allow":["GET"]}}],"collection":[{"href":"https:\/\/www.regionalis.shop\/ricardart\/wp-json\/wp\/v2\/product"}],"about":[{"href":"https:\/\/www.regionalis.shop\/ricardart\/wp-json\/wp\/v2\/types\/product"}],"wp:featuredmedia":[{"embeddable":true,"href":"https:\/\/www.regionalis.shop\/ricardart\/wp-json\/wp\/v2\/media\/2351"}],"wp:attachment":[{"href":"https:\/\/www.regionalis.shop\/ricardart\/wp-json\/wp\/v2\/media?parent=2350"}],"wp:term":[{"taxonomy":"product_brand","embeddable":true,"href":"https:\/\/www.regionalis.shop\/ricardart\/wp-json\/wp\/v2\/product_brand?post=2350"},{"taxonomy":"product_cat","embeddable":true,"href":"https:\/\/www.regionalis.shop\/ricardart\/wp-json\/wp\/v2\/product_cat?post=2350"},{"taxonomy":"product_tag","embeddable":true,"href":"https:\/\/www.regionalis.shop\/ricardart\/wp-json\/wp\/v2\/product_tag?post=2350"}],"curies":[{"name":"wp","href":"https:\/\/api.w.org\/{rel}","templated":true}]}}