{"id":2355,"date":"2025-04-18T04:16:21","date_gmt":"2025-04-18T02:16:21","guid":{"rendered":"https:\/\/www.regionalis.shop\/ricardart\/product\/weihnachts-sonnenfaenger-snowflake-mit-natuerlichen-edelsteinen\/"},"modified":"2025-04-18T04:16:21","modified_gmt":"2025-04-18T02:16:21","slug":"weihnachts-sonnenfaenger-snowflake-mit-natuerlichen-edelsteinen","status":"publish","type":"product","link":"https:\/\/www.regionalis.shop\/ricardart\/shop\/weihnachts-sonnenfaenger-snowflake-mit-natuerlichen-edelsteinen\/","title":{"rendered":"Weihnachts-Sonnenf\u00e4nger *SNOWFLAKE* mit nat\u00fcrlichen Edelsteinen"},"content":{"rendered":"<p>Harmonie &#038; Balance f\u00fcr Zuhause<br \/>\nDer Sonnenf\u00e4nger liebt es besonders im Licht, vorallem in der Sonne oder vor Fenstern zu h\u00e4ngen. Der Prismakristall reflektiert &#038; spaltet das Sonnenlicht und sorgt so f\u00fcr ein angenehmes &#038; harmonisches Wohn-&#038; Wohlgef\u00fchl<br \/>\nF\u00e4llt n\u00e4mlich Licht auf den Kristall, so zeigt sich das wunderbare Farbenspektrum des Regenbogens &#8211; daher auch &#8218;Regenbogenkristall genannt<br \/>\nMaterialien: Schneerlocke aus Holz (45mm Durchmesser), sorgf\u00e4ltig ausgew\u00e4hlte Edelsteine zur Harmonisierung der Umgebung &#038; des Raumklimas, 2cm Prismaglaskristall.<br \/>\nGesamtl\u00e4nge (ohne Schlaufe): ~14cm<\/p>\n<p>\u300bVerleiht jedem Ort ein wenig Magie &#038; Harmonie<br \/>\n\u300bpasst auch ideal als christbaumschmuck oder Weihnachtsdeko \u300a<\/p>\n","protected":false},"excerpt":{"rendered":"<p>Harmonie &#038; Balance f\u00fcr Zuhause Der Sonnenf\u00e4nger liebt es besonders im Licht, vorallem in der Sonne oder vor Fenstern zu h\u00e4ngen. Der Prismakristall reflektiert &#038; spaltet das Sonnenlicht und sorgt so f\u00fcr ein angenehmes &#038; harmonisches Wohn-&#038; Wohlgef\u00fchl F\u00e4llt n\u00e4mlich Licht auf den Kristall, so zeigt sich das wunderbare Farbenspektrum des Regenbogens &#8211; daher auch &hellip; <a href=\"https:\/\/www.regionalis.shop\/ricardart\/shop\/weihnachts-sonnenfaenger-snowflake-mit-natuerlichen-edelsteinen\/\">Continued<\/a><\/p>\n","protected":false},"featured_media":2356,"template":"","meta":{"_acf_changed":false},"product_brand":[],"product_cat":[173,103],"product_tag":[],"class_list":{"0":"post-2355","1":"product","2":"type-product","3":"status-publish","4":"has-post-thumbnail","6":"product_cat-weihnachten","7":"product_cat-wohnen-deko","9":"first","10":"instock","11":"purchasable","12":"product-type-simple"},"acf":[],"_links":{"self":[{"href":"https:\/\/www.regionalis.shop\/ricardart\/wp-json\/wp\/v2\/product\/2355","targetHints":{"allow":["GET"]}}],"collection":[{"href":"https:\/\/www.regionalis.shop\/ricardart\/wp-json\/wp\/v2\/product"}],"about":[{"href":"https:\/\/www.regionalis.shop\/ricardart\/wp-json\/wp\/v2\/types\/product"}],"wp:featuredmedia":[{"embeddable":true,"href":"https:\/\/www.regionalis.shop\/ricardart\/wp-json\/wp\/v2\/media\/2356"}],"wp:attachment":[{"href":"https:\/\/www.regionalis.shop\/ricardart\/wp-json\/wp\/v2\/media?parent=2355"}],"wp:term":[{"taxonomy":"product_brand","embeddable":true,"href":"https:\/\/www.regionalis.shop\/ricardart\/wp-json\/wp\/v2\/product_brand?post=2355"},{"taxonomy":"product_cat","embeddable":true,"href":"https:\/\/www.regionalis.shop\/ricardart\/wp-json\/wp\/v2\/product_cat?post=2355"},{"taxonomy":"product_tag","embeddable":true,"href":"https:\/\/www.regionalis.shop\/ricardart\/wp-json\/wp\/v2\/product_tag?post=2355"}],"curies":[{"name":"wp","href":"https:\/\/api.w.org\/{rel}","templated":true}]}}