{"id":2359,"date":"2025-04-18T04:14:16","date_gmt":"2025-04-18T02:14:16","guid":{"rendered":"https:\/\/www.regionalis.shop\/ricardart\/product\/bergkristall-doppelarmband-seed-of-life-rose\/"},"modified":"2025-04-18T04:14:16","modified_gmt":"2025-04-18T02:14:16","slug":"bergkristall-doppelarmband-seed-of-life-rose","status":"publish","type":"product","link":"https:\/\/www.regionalis.shop\/ricardart\/shop\/bergkristall-doppelarmband-seed-of-life-rose\/","title":{"rendered":"Bergkristall Doppelarmband *SEED OF LIFE ros\u00e9*"},"content":{"rendered":"<p>Ein wunderbarer Begleiter in zartem ros\u00e9<br \/>\nMit 6mm Bergkristallperle,18k vergoldeten Messingperlen &#038; Verbindungsst\u00fcck aus nickelfreiem, ros\u00e9vergoldetem Messing.<br \/>\nDas Armband wurde aus gewachstem, sehr strapazierf\u00e4higem Makrameegarn von Hand gefertigt. Mit seinem l\u00e4ngenverstellbaren Schiebeverschluss l\u00e4sst es sich individuell an jedes Handgelenk anpassen.<br \/>\n*Du bekommst dein Armband h\u00fcbsch verpackt &#038; mit pers\u00f6nlichem Steckbrief beigelegt, auf dem du die wichtigsten Infos zu deinem neuen Begleiter nachlesen kannst  <\/p>\n<p>BERGKRISTALL \u00a0(Kronenchakra\/Sahasr\u00e3ra)<br \/>\nKlarheit ~ Intuition ~ Geisteskraft ~ Erkenntnis\u00a0 ~ Konzentration<br \/>\nDer Bergkristall geh\u00f6rt zu den Quarzen &#038; ist einer der wichtigsten &#038; st\u00e4rksten Heilsteine \u00fcberhaupt. Er verhilft uns zu innerer Klarheit &#038; geistiger Reife und ist uns ein wertvoller Begleiter am Weg zu sich Selbst. Er wird au\u00dferdem zur Aufladung anderer Edelsteine verwendet &#038; sollte auch selbst regelm\u00e4\u00dfig gereinigt\/ ge-\/entladen werden.<br \/>\n(Sternzeichen: Steinbock)<\/p>\n","protected":false},"excerpt":{"rendered":"<p>Ein wunderbarer Begleiter in zartem ros\u00e9 Mit 6mm Bergkristallperle,18k vergoldeten Messingperlen &#038; Verbindungsst\u00fcck aus nickelfreiem, ros\u00e9vergoldetem Messing. Das Armband wurde aus gewachstem, sehr strapazierf\u00e4higem Makrameegarn von Hand gefertigt. Mit seinem l\u00e4ngenverstellbaren Schiebeverschluss l\u00e4sst es sich individuell an jedes Handgelenk anpassen. *Du bekommst dein Armband h\u00fcbsch verpackt &#038; mit pers\u00f6nlichem Steckbrief beigelegt, auf dem du die &hellip; <a href=\"https:\/\/www.regionalis.shop\/ricardart\/shop\/bergkristall-doppelarmband-seed-of-life-rose\/\">Continued<\/a><\/p>\n","protected":false},"featured_media":2360,"template":"","meta":{"_acf_changed":false},"product_brand":[],"product_cat":[110,70],"product_tag":[],"class_list":{"0":"post-2359","1":"product","2":"type-product","3":"status-publish","4":"has-post-thumbnail","6":"product_cat-armbaender","7":"product_cat-schmuck","9":"first","10":"instock","11":"purchasable","12":"product-type-simple"},"acf":[],"_links":{"self":[{"href":"https:\/\/www.regionalis.shop\/ricardart\/wp-json\/wp\/v2\/product\/2359","targetHints":{"allow":["GET"]}}],"collection":[{"href":"https:\/\/www.regionalis.shop\/ricardart\/wp-json\/wp\/v2\/product"}],"about":[{"href":"https:\/\/www.regionalis.shop\/ricardart\/wp-json\/wp\/v2\/types\/product"}],"wp:featuredmedia":[{"embeddable":true,"href":"https:\/\/www.regionalis.shop\/ricardart\/wp-json\/wp\/v2\/media\/2360"}],"wp:attachment":[{"href":"https:\/\/www.regionalis.shop\/ricardart\/wp-json\/wp\/v2\/media?parent=2359"}],"wp:term":[{"taxonomy":"product_brand","embeddable":true,"href":"https:\/\/www.regionalis.shop\/ricardart\/wp-json\/wp\/v2\/product_brand?post=2359"},{"taxonomy":"product_cat","embeddable":true,"href":"https:\/\/www.regionalis.shop\/ricardart\/wp-json\/wp\/v2\/product_cat?post=2359"},{"taxonomy":"product_tag","embeddable":true,"href":"https:\/\/www.regionalis.shop\/ricardart\/wp-json\/wp\/v2\/product_tag?post=2359"}],"curies":[{"name":"wp","href":"https:\/\/api.w.org\/{rel}","templated":true}]}}