{"id":2368,"date":"2025-04-18T04:13:49","date_gmt":"2025-04-18T02:13:49","guid":{"rendered":"https:\/\/www.regionalis.shop\/ricardart\/product\/edelstein-partnerarmband-6mm\/"},"modified":"2025-04-18T04:13:49","modified_gmt":"2025-04-18T02:13:49","slug":"edelstein-partnerarmband-6mm","status":"publish","type":"product","link":"https:\/\/www.regionalis.shop\/ricardart\/shop\/edelstein-partnerarmband-6mm\/","title":{"rendered":"Edelstein Partnerarmband *6mm"},"content":{"rendered":"<p>F\u00fcr DICH &#038; deinen LIEBLINGSMENSCHEN<br \/>\nArmb\u00e4nder aus gewachstem Makrameegarn (wasserfest &#038; strapazierf\u00e4hig) mit nat\u00fcrlicher Edelsteinen (6mm), 18k vergoldeten Kupferperlen &#038; l\u00e4ngenverstellbarem Schiebeverschluss zum individuellen anpassen<br \/>\n(wahlweise mit Amethyst, T\u00fcrkis, Tigerauge, Aventurin oder rotem Jaspis &#8211; bitte beim Bestellvorgang angeben)<\/p>\n<p>*du bekommst dein Set liebevoll im Naturleinenbeutel verpackt, mit pers\u00f6nlichem Steckbrief beigelegt, aufdem du die wichtigsten Infos zu deinem neuen Begleiter nachlesen kannst<\/p>\n","protected":false},"excerpt":{"rendered":"<p>F\u00fcr DICH &#038; deinen LIEBLINGSMENSCHEN Armb\u00e4nder aus gewachstem Makrameegarn (wasserfest &#038; strapazierf\u00e4hig) mit nat\u00fcrlicher Edelsteinen (6mm), 18k vergoldeten Kupferperlen &#038; l\u00e4ngenverstellbarem Schiebeverschluss zum individuellen anpassen (wahlweise mit Amethyst, T\u00fcrkis, Tigerauge, Aventurin oder rotem Jaspis &#8211; bitte beim Bestellvorgang angeben) *du bekommst dein Set liebevoll im Naturleinenbeutel verpackt, mit pers\u00f6nlichem Steckbrief beigelegt, aufdem du die wichtigsten &hellip; <a href=\"https:\/\/www.regionalis.shop\/ricardart\/shop\/edelstein-partnerarmband-6mm\/\">Continued<\/a><\/p>\n","protected":false},"featured_media":2369,"template":"","meta":{"_acf_changed":false},"product_brand":[],"product_cat":[110,70],"product_tag":[],"class_list":{"0":"post-2368","1":"product","2":"type-product","3":"status-publish","4":"has-post-thumbnail","6":"product_cat-armbaender","7":"product_cat-schmuck","9":"first","10":"instock","11":"purchasable","12":"product-type-simple"},"acf":[],"_links":{"self":[{"href":"https:\/\/www.regionalis.shop\/ricardart\/wp-json\/wp\/v2\/product\/2368","targetHints":{"allow":["GET"]}}],"collection":[{"href":"https:\/\/www.regionalis.shop\/ricardart\/wp-json\/wp\/v2\/product"}],"about":[{"href":"https:\/\/www.regionalis.shop\/ricardart\/wp-json\/wp\/v2\/types\/product"}],"wp:featuredmedia":[{"embeddable":true,"href":"https:\/\/www.regionalis.shop\/ricardart\/wp-json\/wp\/v2\/media\/2369"}],"wp:attachment":[{"href":"https:\/\/www.regionalis.shop\/ricardart\/wp-json\/wp\/v2\/media?parent=2368"}],"wp:term":[{"taxonomy":"product_brand","embeddable":true,"href":"https:\/\/www.regionalis.shop\/ricardart\/wp-json\/wp\/v2\/product_brand?post=2368"},{"taxonomy":"product_cat","embeddable":true,"href":"https:\/\/www.regionalis.shop\/ricardart\/wp-json\/wp\/v2\/product_cat?post=2368"},{"taxonomy":"product_tag","embeddable":true,"href":"https:\/\/www.regionalis.shop\/ricardart\/wp-json\/wp\/v2\/product_tag?post=2368"}],"curies":[{"name":"wp","href":"https:\/\/api.w.org\/{rel}","templated":true}]}}