{"id":2373,"date":"2025-04-18T04:13:49","date_gmt":"2025-04-18T02:13:49","guid":{"rendered":"https:\/\/www.regionalis.shop\/ricardart\/product\/sonnenfaenger-tigerauge-mandalastern\/"},"modified":"2025-04-18T04:13:49","modified_gmt":"2025-04-18T02:13:49","slug":"sonnenfaenger-tigerauge-mandalastern","status":"publish","type":"product","link":"https:\/\/www.regionalis.shop\/ricardart\/shop\/sonnenfaenger-tigerauge-mandalastern\/","title":{"rendered":"Sonnenf\u00e4nger *TIGERAUGE\/MANDALASTERN"},"content":{"rendered":"<p>*Der Sonnenf\u00e4nger liebt es besonders im Licht, vorallem in der Sonne oder vor Fenstern zu h\u00e4ngen. Die Prismaglaskristalle sorgen mit ihrem &#8222;Sonnenf\u00e4nger-Effekt&#8220; f\u00fcr ein angenehmes &#038; harmonisches Wohn-,&#038; Wohlgef\u00fchl<br \/>\n*Sonnenf\u00e4nger-Effekt: F\u00e4llt Licht auf ein Prisma\/ einen Prismakristall, so wird\u00a0 es gespalten &#038; in den wundersch\u00f6nen\u00a0 Farben des Regenbogens (Spektralfarben) auf deinen W\u00e4nden &#038; auf umgebenden Fl\u00e4chen reflektiert<br \/>\n***Laut Fengh Shui soll das Anbringen vorm Fenster verhindern, dass positive Energien zu schnell wieder hinaus str\u00f6men<\/p>\n<p>MATERIALIEN:: Stern aus Holz (50mm Durchmesser), nat\u00fcrliche Tigeraugeperlen\/chips, Prismaglaskristall mit 22mm Durchmesser<br \/>\nGesamtl\u00e4nge (ohne Schlaufe): ~14cm<\/p>\n<p>Verleiht jedem Ort ein wenig Magie &#038; Harmonie<br \/>\n ideal auch als Christbaumschmuck &#038; Weihnachtsdeko <\/p>\n<p>TIGERAUGE\u00a0(Solarplexuschakra\/ Manip\u016bra)<br \/>\nMut ~ Durchblick ~ Optimismus\u00a0&#8211; Entschlossenheit-<br \/>\nDer &#8218;Entscheidungs-Stein&#8216; .<br \/>\nMit ihm f\u00e4llt es dir leichter klare Entscheidungen zu treffen.<br \/>\nDas Tigerauge schafft &#8218;Ordnung im Chaos&#8216;. In un\u00fcberschaubaren Situationen und wenn du dir einmal unsicher bist, unterst\u00fctzt es dabei den Durchblick zu bewahren &#038; den Fokus zu sch\u00e4rfen. Als Talisman ein wunderbarer Wegbegleiter auf Reisen und unterwegs<br \/>\nSternzeichen: Jungfrau<\/p>\n","protected":false},"excerpt":{"rendered":"<p>*Der Sonnenf\u00e4nger liebt es besonders im Licht, vorallem in der Sonne oder vor Fenstern zu h\u00e4ngen. Die Prismaglaskristalle sorgen mit ihrem &#8222;Sonnenf\u00e4nger-Effekt&#8220; f\u00fcr ein angenehmes &#038; harmonisches Wohn-,&#038; Wohlgef\u00fchl *Sonnenf\u00e4nger-Effekt: F\u00e4llt Licht auf ein Prisma\/ einen Prismakristall, so wird\u00a0 es gespalten &#038; in den wundersch\u00f6nen\u00a0 Farben des Regenbogens (Spektralfarben) auf deinen W\u00e4nden &#038; auf umgebenden &hellip; <a href=\"https:\/\/www.regionalis.shop\/ricardart\/shop\/sonnenfaenger-tigerauge-mandalastern\/\">Continued<\/a><\/p>\n","protected":false},"featured_media":2374,"template":"","meta":{"_acf_changed":false},"product_brand":[],"product_cat":[173,103],"product_tag":[],"class_list":{"0":"post-2373","1":"product","2":"type-product","3":"status-publish","4":"has-post-thumbnail","6":"product_cat-weihnachten","7":"product_cat-wohnen-deko","9":"first","10":"instock","11":"purchasable","12":"product-type-simple"},"acf":[],"_links":{"self":[{"href":"https:\/\/www.regionalis.shop\/ricardart\/wp-json\/wp\/v2\/product\/2373","targetHints":{"allow":["GET"]}}],"collection":[{"href":"https:\/\/www.regionalis.shop\/ricardart\/wp-json\/wp\/v2\/product"}],"about":[{"href":"https:\/\/www.regionalis.shop\/ricardart\/wp-json\/wp\/v2\/types\/product"}],"wp:featuredmedia":[{"embeddable":true,"href":"https:\/\/www.regionalis.shop\/ricardart\/wp-json\/wp\/v2\/media\/2374"}],"wp:attachment":[{"href":"https:\/\/www.regionalis.shop\/ricardart\/wp-json\/wp\/v2\/media?parent=2373"}],"wp:term":[{"taxonomy":"product_brand","embeddable":true,"href":"https:\/\/www.regionalis.shop\/ricardart\/wp-json\/wp\/v2\/product_brand?post=2373"},{"taxonomy":"product_cat","embeddable":true,"href":"https:\/\/www.regionalis.shop\/ricardart\/wp-json\/wp\/v2\/product_cat?post=2373"},{"taxonomy":"product_tag","embeddable":true,"href":"https:\/\/www.regionalis.shop\/ricardart\/wp-json\/wp\/v2\/product_tag?post=2373"}],"curies":[{"name":"wp","href":"https:\/\/api.w.org\/{rel}","templated":true}]}}