{"id":2382,"date":"2025-04-18T04:11:11","date_gmt":"2025-04-18T02:11:11","guid":{"rendered":"https:\/\/www.regionalis.shop\/ricardart\/product\/chakra-sonnenfaenger-mandalastern\/"},"modified":"2025-04-18T04:11:11","modified_gmt":"2025-04-18T02:11:11","slug":"chakra-sonnenfaenger-mandalastern","status":"publish","type":"product","link":"https:\/\/www.regionalis.shop\/ricardart\/shop\/chakra-sonnenfaenger-mandalastern\/","title":{"rendered":"CHAKRA-Sonnenf\u00e4nger *MANDALASTERN*"},"content":{"rendered":"<p>Hol dir Licht ins Haus!!!<br \/>\nDer Sonnenf\u00e4nger liebt es besonders vor Fenstern zu h\u00e4ngen. Laut Fengh Shui soll so verhindert werden, dass positive Energien zu schnell wieder aus den Fenstern str\u00f6men. Der Prismakristall reflektiert &#038; spaltet das Sonnenlicht und sorgt so f\u00fcr ein angenehmes &#038; harmonisches Wohn-&#038; Wohlgef\u00fchl &#8211; f\u00e4llt n\u00e4mlich Licht auf den Kristall (Prismaglas\/Regenbogenkristall), so zeigt sich das wunderbare Farbenspektrun des Regenbogens \u2661<br \/>\nMaterialien: Stern aus Holz (45mm Durchmesser), 7 sorgf\u00e4ltig ausgew\u00e4hlte Edelsteine zur Harmonisierung unserer 7 Hauptchakren &#038; der Umgebung, Prismaglaskristall.<br \/>\nGesamtl\u00e4nge (ohne Schlaufe): ~14cm<\/p>\n<p>\u300bVerleiht jedem Ort ein wenig Magie &#038; Harmonie \u2661<br \/>\n\u300bpasst auch ideal als christbaumschmuck oder Weihnachtsdeko \u300a<\/p>\n","protected":false},"excerpt":{"rendered":"<p>Hol dir Licht ins Haus!!! Der Sonnenf\u00e4nger liebt es besonders vor Fenstern zu h\u00e4ngen. Laut Fengh Shui soll so verhindert werden, dass positive Energien zu schnell wieder aus den Fenstern str\u00f6men. Der Prismakristall reflektiert &#038; spaltet das Sonnenlicht und sorgt so f\u00fcr ein angenehmes &#038; harmonisches Wohn-&#038; Wohlgef\u00fchl &#8211; f\u00e4llt n\u00e4mlich Licht auf den Kristall &hellip; <a href=\"https:\/\/www.regionalis.shop\/ricardart\/shop\/chakra-sonnenfaenger-mandalastern\/\">Continued<\/a><\/p>\n","protected":false},"featured_media":2383,"template":"","meta":{"_acf_changed":false},"product_brand":[],"product_cat":[173,103],"product_tag":[],"class_list":{"0":"post-2382","1":"product","2":"type-product","3":"status-publish","4":"has-post-thumbnail","6":"product_cat-weihnachten","7":"product_cat-wohnen-deko","9":"first","10":"instock","11":"purchasable","12":"product-type-simple"},"acf":[],"_links":{"self":[{"href":"https:\/\/www.regionalis.shop\/ricardart\/wp-json\/wp\/v2\/product\/2382","targetHints":{"allow":["GET"]}}],"collection":[{"href":"https:\/\/www.regionalis.shop\/ricardart\/wp-json\/wp\/v2\/product"}],"about":[{"href":"https:\/\/www.regionalis.shop\/ricardart\/wp-json\/wp\/v2\/types\/product"}],"wp:featuredmedia":[{"embeddable":true,"href":"https:\/\/www.regionalis.shop\/ricardart\/wp-json\/wp\/v2\/media\/2383"}],"wp:attachment":[{"href":"https:\/\/www.regionalis.shop\/ricardart\/wp-json\/wp\/v2\/media?parent=2382"}],"wp:term":[{"taxonomy":"product_brand","embeddable":true,"href":"https:\/\/www.regionalis.shop\/ricardart\/wp-json\/wp\/v2\/product_brand?post=2382"},{"taxonomy":"product_cat","embeddable":true,"href":"https:\/\/www.regionalis.shop\/ricardart\/wp-json\/wp\/v2\/product_cat?post=2382"},{"taxonomy":"product_tag","embeddable":true,"href":"https:\/\/www.regionalis.shop\/ricardart\/wp-json\/wp\/v2\/product_tag?post=2382"}],"curies":[{"name":"wp","href":"https:\/\/api.w.org\/{rel}","templated":true}]}}