{"id":2391,"date":"2025-04-18T04:08:54","date_gmt":"2025-04-18T02:08:54","guid":{"rendered":"https:\/\/www.regionalis.shop\/ricardart\/product\/tigerauge-tassel-ohrringe-oliv-gold\/"},"modified":"2025-04-18T04:08:54","modified_gmt":"2025-04-18T02:08:54","slug":"tigerauge-tassel-ohrringe-oliv-gold","status":"publish","type":"product","link":"https:\/\/www.regionalis.shop\/ricardart\/shop\/tigerauge-tassel-ohrringe-oliv-gold\/","title":{"rendered":"Tigerauge-Tassel Ohrringe *oliv\/gold"},"content":{"rendered":"<p>Von Hand gefertigte Ohrsch\u00e4tze mit nickelfreien Ohrhaken aus vergoldetem Edelstahl. 25mm Messinghoops mit 18mm Baumwolltassel &#038; facettiertem Tigerauge (22x12mm)<br \/>\nGesamtl\u00e4nge (ohne Ohrhaken): ~55mm<\/p>\n<p>Du bekommst deine Sch\u00e4tze h\u00fcbsch verpackt in einer handbedruckten Box aus recyceltem Altpapier, mit pers\u00f6nlichem Steckbrief beigelegt, auf dem du die wichtigsten Infos zu deinem neuen Begleiter nachlesen kannst <\/p>\n<p> TIGERAUGE\u00a0(Solarplexuschakra\/ Manip\u016bra)<br \/>\nMut ~ Durchblick ~ Optimismus\u00a0&#8211; Entschlossenheit-<br \/>\nDer &#8218;Entscheidungs-Stein&#8216; .<br \/>\nMit ihm f\u00e4llt es dir leichter klare Entscheidungen zu treffen.<br \/>\nDas Tigerauge schafft &#8218;Ordnung im Chaos&#8216;. In un\u00fcberschaubaren Situationen und wenn du dir einmal unsicher bist, unterst\u00fctzt es dabei den Durchblick zu bewahren &#038; den Fokus zu sch\u00e4rfen. Als Talisman ein wunderbarer Wegbegleiter auf Reisen und unterwegs<br \/>\nSternzeichen: Jungfrau<\/p>\n","protected":false},"excerpt":{"rendered":"<p>Von Hand gefertigte Ohrsch\u00e4tze mit nickelfreien Ohrhaken aus vergoldetem Edelstahl. 25mm Messinghoops mit 18mm Baumwolltassel &#038; facettiertem Tigerauge (22x12mm) Gesamtl\u00e4nge (ohne Ohrhaken): ~55mm Du bekommst deine Sch\u00e4tze h\u00fcbsch verpackt in einer handbedruckten Box aus recyceltem Altpapier, mit pers\u00f6nlichem Steckbrief beigelegt, auf dem du die wichtigsten Infos zu deinem neuen Begleiter nachlesen kannst TIGERAUGE\u00a0(Solarplexuschakra\/ Manip\u016bra) Mut &hellip; <a href=\"https:\/\/www.regionalis.shop\/ricardart\/shop\/tigerauge-tassel-ohrringe-oliv-gold\/\">Continued<\/a><\/p>\n","protected":false},"featured_media":2392,"template":"","meta":{"_acf_changed":false},"product_brand":[],"product_cat":[163,70],"product_tag":[],"class_list":{"0":"post-2391","1":"product","2":"type-product","3":"status-publish","4":"has-post-thumbnail","6":"product_cat-ohrringe","7":"product_cat-schmuck","9":"first","10":"instock","11":"purchasable","12":"product-type-simple"},"acf":[],"_links":{"self":[{"href":"https:\/\/www.regionalis.shop\/ricardart\/wp-json\/wp\/v2\/product\/2391","targetHints":{"allow":["GET"]}}],"collection":[{"href":"https:\/\/www.regionalis.shop\/ricardart\/wp-json\/wp\/v2\/product"}],"about":[{"href":"https:\/\/www.regionalis.shop\/ricardart\/wp-json\/wp\/v2\/types\/product"}],"wp:featuredmedia":[{"embeddable":true,"href":"https:\/\/www.regionalis.shop\/ricardart\/wp-json\/wp\/v2\/media\/2392"}],"wp:attachment":[{"href":"https:\/\/www.regionalis.shop\/ricardart\/wp-json\/wp\/v2\/media?parent=2391"}],"wp:term":[{"taxonomy":"product_brand","embeddable":true,"href":"https:\/\/www.regionalis.shop\/ricardart\/wp-json\/wp\/v2\/product_brand?post=2391"},{"taxonomy":"product_cat","embeddable":true,"href":"https:\/\/www.regionalis.shop\/ricardart\/wp-json\/wp\/v2\/product_cat?post=2391"},{"taxonomy":"product_tag","embeddable":true,"href":"https:\/\/www.regionalis.shop\/ricardart\/wp-json\/wp\/v2\/product_tag?post=2391"}],"curies":[{"name":"wp","href":"https:\/\/api.w.org\/{rel}","templated":true}]}}