{"id":2396,"date":"2025-04-18T04:08:27","date_gmt":"2025-04-18T02:08:27","guid":{"rendered":"https:\/\/www.regionalis.shop\/ricardart\/product\/armband-schneeflocke\/"},"modified":"2025-04-18T04:08:27","modified_gmt":"2025-04-18T02:08:27","slug":"armband-schneeflocke","status":"publish","type":"product","link":"https:\/\/www.regionalis.shop\/ricardart\/shop\/armband-schneeflocke\/","title":{"rendered":"Armband *Schneeflocke*"},"content":{"rendered":"<p>Winterliche Armb\u00e4nder aus gewachstem Makrameegarn (strapazierf\u00e4hig &#038; wasserfest), mit nickelfreien Messingverbindern in silber oder ros\u00e9gold &#038; l\u00e4ngenverstellbarem Schiebeverschluss zum individuellen Anpassen<\/p>\n","protected":false},"excerpt":{"rendered":"<p>Winterliche Armb\u00e4nder aus gewachstem Makrameegarn (strapazierf\u00e4hig &#038; wasserfest), mit nickelfreien Messingverbindern in silber oder ros\u00e9gold &#038; l\u00e4ngenverstellbarem Schiebeverschluss zum individuellen Anpassen<\/p>\n","protected":false},"featured_media":2397,"template":"","meta":{"_acf_changed":false},"product_brand":[],"product_cat":[110,70],"product_tag":[],"class_list":{"0":"post-2396","1":"product","2":"type-product","3":"status-publish","4":"has-post-thumbnail","6":"product_cat-armbaender","7":"product_cat-schmuck","9":"first","10":"instock","11":"purchasable","12":"product-type-simple"},"acf":[],"_links":{"self":[{"href":"https:\/\/www.regionalis.shop\/ricardart\/wp-json\/wp\/v2\/product\/2396","targetHints":{"allow":["GET"]}}],"collection":[{"href":"https:\/\/www.regionalis.shop\/ricardart\/wp-json\/wp\/v2\/product"}],"about":[{"href":"https:\/\/www.regionalis.shop\/ricardart\/wp-json\/wp\/v2\/types\/product"}],"wp:featuredmedia":[{"embeddable":true,"href":"https:\/\/www.regionalis.shop\/ricardart\/wp-json\/wp\/v2\/media\/2397"}],"wp:attachment":[{"href":"https:\/\/www.regionalis.shop\/ricardart\/wp-json\/wp\/v2\/media?parent=2396"}],"wp:term":[{"taxonomy":"product_brand","embeddable":true,"href":"https:\/\/www.regionalis.shop\/ricardart\/wp-json\/wp\/v2\/product_brand?post=2396"},{"taxonomy":"product_cat","embeddable":true,"href":"https:\/\/www.regionalis.shop\/ricardart\/wp-json\/wp\/v2\/product_cat?post=2396"},{"taxonomy":"product_tag","embeddable":true,"href":"https:\/\/www.regionalis.shop\/ricardart\/wp-json\/wp\/v2\/product_tag?post=2396"}],"curies":[{"name":"wp","href":"https:\/\/api.w.org\/{rel}","templated":true}]}}