{"id":2428,"date":"2025-04-18T03:56:24","date_gmt":"2025-04-18T01:56:24","guid":{"rendered":"https:\/\/www.regionalis.shop\/ricardart\/product\/doppelarmband-sonne-amazonit-rosenquarz\/"},"modified":"2025-04-18T03:56:24","modified_gmt":"2025-04-18T01:56:24","slug":"doppelarmband-sonne-amazonit-rosenquarz","status":"publish","type":"product","link":"https:\/\/www.regionalis.shop\/ricardart\/shop\/doppelarmband-sonne-amazonit-rosenquarz\/","title":{"rendered":"Doppelarmband *SONNE* Amazonit\/Rosenquarz"},"content":{"rendered":"<p>Armband aus gewachstem, sehr strapazierf\u00e4higem Makrameegarn (wasserabweisend &#038; langlebig).<br \/>\nVerbindungsst\u00fcck aus  Messing\/versilbert<br \/>\nMit l\u00e4ngenverstellbarem Schiebeverschluss zum individuellen anpassen\u00a0<\/p>\n<p>\u300bDu bekommst dein Armband liebevoll im Naturleinenbeutel verpackt, mit beigelegten Steckbrief aufdem du die wichtigsten Infos zu deinem neuen Begleiter nachlesen kannst<\/p>\n<p>AMAZONIT \u00a0(Halschakra\/Vi\u015buddha)<br \/>\nGelassenheit ~ innere Ruhe &#038; Balance ~ Frieden ~\u00a0<br \/>\nDer ANTI-STRESS-STEIN oder auch &#8218;\u00c4rger dich nicht Stein&#8216; genannt\u00a0<br \/>\n\u00a0Im hektischen Berufsalltag der ideale Begleiter &#038; Ruhepol. Auch bei Wut, \u00c4rger &#038; Frust unterst\u00fctzt er dich dabei deinen Weg in die Gelassenheit zur\u00fcckzufinden -> mit K\u00f6rperkontakt tragen!<br \/>\n\u00a0Sternzeichen: Skorpion<br \/>\nEin wunderbarer Wegblegleiter f\u00fcr jeden Tag\u2661<\/p>\n","protected":false},"excerpt":{"rendered":"<p>Armband aus gewachstem, sehr strapazierf\u00e4higem Makrameegarn (wasserabweisend &#038; langlebig). Verbindungsst\u00fcck aus Messing\/versilbert Mit l\u00e4ngenverstellbarem Schiebeverschluss zum individuellen anpassen\u00a0 \u300bDu bekommst dein Armband liebevoll im Naturleinenbeutel verpackt, mit beigelegten Steckbrief aufdem du die wichtigsten Infos zu deinem neuen Begleiter nachlesen kannst AMAZONIT \u00a0(Halschakra\/Vi\u015buddha) Gelassenheit ~ innere Ruhe &#038; Balance ~ Frieden ~\u00a0 Der ANTI-STRESS-STEIN oder auch &hellip; <a href=\"https:\/\/www.regionalis.shop\/ricardart\/shop\/doppelarmband-sonne-amazonit-rosenquarz\/\">Continued<\/a><\/p>\n","protected":false},"featured_media":2429,"template":"","meta":{"_acf_changed":false},"product_brand":[],"product_cat":[110,70],"product_tag":[],"class_list":{"0":"post-2428","1":"product","2":"type-product","3":"status-publish","4":"has-post-thumbnail","6":"product_cat-armbaender","7":"product_cat-schmuck","9":"first","10":"instock","11":"purchasable","12":"product-type-simple"},"acf":[],"_links":{"self":[{"href":"https:\/\/www.regionalis.shop\/ricardart\/wp-json\/wp\/v2\/product\/2428","targetHints":{"allow":["GET"]}}],"collection":[{"href":"https:\/\/www.regionalis.shop\/ricardart\/wp-json\/wp\/v2\/product"}],"about":[{"href":"https:\/\/www.regionalis.shop\/ricardart\/wp-json\/wp\/v2\/types\/product"}],"wp:featuredmedia":[{"embeddable":true,"href":"https:\/\/www.regionalis.shop\/ricardart\/wp-json\/wp\/v2\/media\/2429"}],"wp:attachment":[{"href":"https:\/\/www.regionalis.shop\/ricardart\/wp-json\/wp\/v2\/media?parent=2428"}],"wp:term":[{"taxonomy":"product_brand","embeddable":true,"href":"https:\/\/www.regionalis.shop\/ricardart\/wp-json\/wp\/v2\/product_brand?post=2428"},{"taxonomy":"product_cat","embeddable":true,"href":"https:\/\/www.regionalis.shop\/ricardart\/wp-json\/wp\/v2\/product_cat?post=2428"},{"taxonomy":"product_tag","embeddable":true,"href":"https:\/\/www.regionalis.shop\/ricardart\/wp-json\/wp\/v2\/product_tag?post=2428"}],"curies":[{"name":"wp","href":"https:\/\/api.w.org\/{rel}","templated":true}]}}