{"id":2446,"date":"2025-04-18T03:32:42","date_gmt":"2025-04-18T01:32:42","guid":{"rendered":"https:\/\/www.regionalis.shop\/ricardart\/product\/edelstein-doppelarmband-circle-18k-verg-amazonit-bergkristall-lapislazuli\/"},"modified":"2025-04-18T03:32:42","modified_gmt":"2025-04-18T01:32:42","slug":"edelstein-doppelarmband-circle-18k-verg-amazonit-bergkristall-lapislazuli","status":"publish","type":"product","link":"https:\/\/www.regionalis.shop\/ricardart\/shop\/edelstein-doppelarmband-circle-18k-verg-amazonit-bergkristall-lapislazuli\/","title":{"rendered":"Edelstein Doppelarmband *CIRCLE 18k verg.\/Amazonit\/Bergkristall\/Lapislazuli"},"content":{"rendered":"<p>Echtvergoldete Edelsteinarmb\u00e4nder wahlweise mit  Amazonit, Bergkristall oder Lapislazuli.<br \/>\nVerbindungsst\u00fcck aus 18k vergoldetem Edelstahl (10-12mm Durchmesser\/ nickel-&#038; bleifrei) &#038; 18k vergoldeten Kupferperlen.<br \/>\nVon Hand gefertigt aus wasserfestem &#038; strapazierf\u00e4higem Makrameegarn (gewachst), mit l\u00e4ngenverstellbarem Schiebeverschluss zum individuellen anpassen<\/p>\n<p>*Du bekommst dein Armband h\u00fcbsch verpackt in einer handbedruckten Box aus recyceltem Altpapier, mit pers\u00f6nlichem Steckbrief beigelegt, auf dem du  die wichtigsten Infos zu deinem neuen Begleiter nachlesen kannst<\/p>\n","protected":false},"excerpt":{"rendered":"<p>Echtvergoldete Edelsteinarmb\u00e4nder wahlweise mit Amazonit, Bergkristall oder Lapislazuli. Verbindungsst\u00fcck aus 18k vergoldetem Edelstahl (10-12mm Durchmesser\/ nickel-&#038; bleifrei) &#038; 18k vergoldeten Kupferperlen. Von Hand gefertigt aus wasserfestem &#038; strapazierf\u00e4higem Makrameegarn (gewachst), mit l\u00e4ngenverstellbarem Schiebeverschluss zum individuellen anpassen *Du bekommst dein Armband h\u00fcbsch verpackt in einer handbedruckten Box aus recyceltem Altpapier, mit pers\u00f6nlichem Steckbrief beigelegt, auf dem &hellip; <a href=\"https:\/\/www.regionalis.shop\/ricardart\/shop\/edelstein-doppelarmband-circle-18k-verg-amazonit-bergkristall-lapislazuli\/\">Continued<\/a><\/p>\n","protected":false},"featured_media":2447,"template":"","meta":{"_acf_changed":false},"product_brand":[],"product_cat":[110,70],"product_tag":[],"class_list":{"0":"post-2446","1":"product","2":"type-product","3":"status-publish","4":"has-post-thumbnail","6":"product_cat-armbaender","7":"product_cat-schmuck","9":"first","10":"instock","11":"purchasable","12":"product-type-simple"},"acf":[],"_links":{"self":[{"href":"https:\/\/www.regionalis.shop\/ricardart\/wp-json\/wp\/v2\/product\/2446","targetHints":{"allow":["GET"]}}],"collection":[{"href":"https:\/\/www.regionalis.shop\/ricardart\/wp-json\/wp\/v2\/product"}],"about":[{"href":"https:\/\/www.regionalis.shop\/ricardart\/wp-json\/wp\/v2\/types\/product"}],"wp:featuredmedia":[{"embeddable":true,"href":"https:\/\/www.regionalis.shop\/ricardart\/wp-json\/wp\/v2\/media\/2447"}],"wp:attachment":[{"href":"https:\/\/www.regionalis.shop\/ricardart\/wp-json\/wp\/v2\/media?parent=2446"}],"wp:term":[{"taxonomy":"product_brand","embeddable":true,"href":"https:\/\/www.regionalis.shop\/ricardart\/wp-json\/wp\/v2\/product_brand?post=2446"},{"taxonomy":"product_cat","embeddable":true,"href":"https:\/\/www.regionalis.shop\/ricardart\/wp-json\/wp\/v2\/product_cat?post=2446"},{"taxonomy":"product_tag","embeddable":true,"href":"https:\/\/www.regionalis.shop\/ricardart\/wp-json\/wp\/v2\/product_tag?post=2446"}],"curies":[{"name":"wp","href":"https:\/\/api.w.org\/{rel}","templated":true}]}}