{"id":2451,"date":"2025-04-18T03:32:42","date_gmt":"2025-04-18T01:32:42","guid":{"rendered":"https:\/\/www.regionalis.shop\/ricardart\/product\/tassel-ohrringe-seashell-nature-30mm\/"},"modified":"2025-04-18T03:32:42","modified_gmt":"2025-04-18T01:32:42","slug":"tassel-ohrringe-seashell-nature-30mm","status":"publish","type":"product","link":"https:\/\/www.regionalis.shop\/ricardart\/shop\/tassel-ohrringe-seashell-nature-30mm\/","title":{"rendered":"Tassel Ohrringe *SEASHELL NATURE* 30mm"},"content":{"rendered":"<p>Von Hand gefertigte Tassel Ohrsch\u00e4tze mit nickelfreien Edelstahlohrhaken, 35mm Tassel aus Baumwolle &#038; nat\u00fcrlichen Muschel Pl\u00e4ttchen in 30mm Hoops aus Messing <\/p>\n<p>Gesamtl\u00e4nge: ~ 70mm (ohne Ohrhaken)<\/p>\n<p>*du bekommst deine Ohrringe h\u00fcbsch verpackt in einer handbedruckten Box aus recyceltem Altpapier- individuell &#038; umweltfreundlich<\/p>\n","protected":false},"excerpt":{"rendered":"<p>Von Hand gefertigte Tassel Ohrsch\u00e4tze mit nickelfreien Edelstahlohrhaken, 35mm Tassel aus Baumwolle &#038; nat\u00fcrlichen Muschel Pl\u00e4ttchen in 30mm Hoops aus Messing Gesamtl\u00e4nge: ~ 70mm (ohne Ohrhaken) *du bekommst deine Ohrringe h\u00fcbsch verpackt in einer handbedruckten Box aus recyceltem Altpapier- individuell &#038; umweltfreundlich<\/p>\n","protected":false},"featured_media":2452,"template":"","meta":{"_acf_changed":false},"product_brand":[],"product_cat":[163,70],"product_tag":[],"class_list":{"0":"post-2451","1":"product","2":"type-product","3":"status-publish","4":"has-post-thumbnail","6":"product_cat-ohrringe","7":"product_cat-schmuck","9":"first","10":"instock","11":"purchasable","12":"product-type-simple"},"acf":[],"_links":{"self":[{"href":"https:\/\/www.regionalis.shop\/ricardart\/wp-json\/wp\/v2\/product\/2451","targetHints":{"allow":["GET"]}}],"collection":[{"href":"https:\/\/www.regionalis.shop\/ricardart\/wp-json\/wp\/v2\/product"}],"about":[{"href":"https:\/\/www.regionalis.shop\/ricardart\/wp-json\/wp\/v2\/types\/product"}],"wp:featuredmedia":[{"embeddable":true,"href":"https:\/\/www.regionalis.shop\/ricardart\/wp-json\/wp\/v2\/media\/2452"}],"wp:attachment":[{"href":"https:\/\/www.regionalis.shop\/ricardart\/wp-json\/wp\/v2\/media?parent=2451"}],"wp:term":[{"taxonomy":"product_brand","embeddable":true,"href":"https:\/\/www.regionalis.shop\/ricardart\/wp-json\/wp\/v2\/product_brand?post=2451"},{"taxonomy":"product_cat","embeddable":true,"href":"https:\/\/www.regionalis.shop\/ricardart\/wp-json\/wp\/v2\/product_cat?post=2451"},{"taxonomy":"product_tag","embeddable":true,"href":"https:\/\/www.regionalis.shop\/ricardart\/wp-json\/wp\/v2\/product_tag?post=2451"}],"curies":[{"name":"wp","href":"https:\/\/api.w.org\/{rel}","templated":true}]}}