{"id":2461,"date":"2025-04-18T03:31:44","date_gmt":"2025-04-18T01:31:44","guid":{"rendered":"https:\/\/www.regionalis.shop\/ricardart\/product\/tigerauge-haematit-doppelarmband-mandala-gold\/"},"modified":"2025-04-18T03:31:44","modified_gmt":"2025-04-18T01:31:44","slug":"tigerauge-haematit-doppelarmband-mandala-gold","status":"publish","type":"product","link":"https:\/\/www.regionalis.shop\/ricardart\/shop\/tigerauge-haematit-doppelarmband-mandala-gold\/","title":{"rendered":"Tigerauge\/H\u00e4matit Doppelarmband *MANDALA gold&#8216;"},"content":{"rendered":"<p>Ein feiner Wegbegleiter f\u00fcr jeden Tag \u2661<br \/>\nDas Doppelarmband l\u00e4sst sich durch den l\u00e4ngenverstellbaren Schiebeknoten an jedes Handgelenk individuell anpassen. Aus gewachstem Makrameegarn (sehr widerstandsf\u00e4hig &#038; wassertauglich) von Hand gefertigt. Mandala aus Messing (14mm)<br \/>\nDas TIGERAUGE (Solarplexuschakra) gilt als &#8218;Entscheidungs-Stein&#8216;, der dich darin unterst\u00fctzen soll in un\u00fcberschaubaren Situationen den Durchblick zu bewahren Au\u00dferdem wird er dazu verwendet negative Energien fernzuhalten.<br \/>\nEin kraftvoller Wegbegleiter f\u00fcr dich oder einen deiner Lieben \u2661<\/p>\n","protected":false},"excerpt":{"rendered":"<p>Ein feiner Wegbegleiter f\u00fcr jeden Tag \u2661 Das Doppelarmband l\u00e4sst sich durch den l\u00e4ngenverstellbaren Schiebeknoten an jedes Handgelenk individuell anpassen. Aus gewachstem Makrameegarn (sehr widerstandsf\u00e4hig &#038; wassertauglich) von Hand gefertigt. Mandala aus Messing (14mm) Das TIGERAUGE (Solarplexuschakra) gilt als &#8218;Entscheidungs-Stein&#8216;, der dich darin unterst\u00fctzen soll in un\u00fcberschaubaren Situationen den Durchblick zu bewahren Au\u00dferdem wird er &hellip; <a href=\"https:\/\/www.regionalis.shop\/ricardart\/shop\/tigerauge-haematit-doppelarmband-mandala-gold\/\">Continued<\/a><\/p>\n","protected":false},"featured_media":2462,"template":"","meta":{"_acf_changed":false},"product_brand":[],"product_cat":[110,70],"product_tag":[],"class_list":{"0":"post-2461","1":"product","2":"type-product","3":"status-publish","4":"has-post-thumbnail","6":"product_cat-armbaender","7":"product_cat-schmuck","9":"first","10":"instock","11":"purchasable","12":"product-type-simple"},"acf":[],"_links":{"self":[{"href":"https:\/\/www.regionalis.shop\/ricardart\/wp-json\/wp\/v2\/product\/2461","targetHints":{"allow":["GET"]}}],"collection":[{"href":"https:\/\/www.regionalis.shop\/ricardart\/wp-json\/wp\/v2\/product"}],"about":[{"href":"https:\/\/www.regionalis.shop\/ricardart\/wp-json\/wp\/v2\/types\/product"}],"wp:featuredmedia":[{"embeddable":true,"href":"https:\/\/www.regionalis.shop\/ricardart\/wp-json\/wp\/v2\/media\/2462"}],"wp:attachment":[{"href":"https:\/\/www.regionalis.shop\/ricardart\/wp-json\/wp\/v2\/media?parent=2461"}],"wp:term":[{"taxonomy":"product_brand","embeddable":true,"href":"https:\/\/www.regionalis.shop\/ricardart\/wp-json\/wp\/v2\/product_brand?post=2461"},{"taxonomy":"product_cat","embeddable":true,"href":"https:\/\/www.regionalis.shop\/ricardart\/wp-json\/wp\/v2\/product_cat?post=2461"},{"taxonomy":"product_tag","embeddable":true,"href":"https:\/\/www.regionalis.shop\/ricardart\/wp-json\/wp\/v2\/product_tag?post=2461"}],"curies":[{"name":"wp","href":"https:\/\/api.w.org\/{rel}","templated":true}]}}