{"id":2475,"date":"2025-04-18T03:28:34","date_gmt":"2025-04-18T01:28:34","guid":{"rendered":"https:\/\/www.regionalis.shop\/ricardart\/product\/amazonit-aventurin-erdbeerquarz-lapislazuli-creolen-30mm-edelstahl\/"},"modified":"2025-04-18T03:28:34","modified_gmt":"2025-04-18T01:28:34","slug":"amazonit-aventurin-erdbeerquarz-lapislazuli-creolen-30mm-edelstahl","status":"publish","type":"product","link":"https:\/\/www.regionalis.shop\/ricardart\/shop\/amazonit-aventurin-erdbeerquarz-lapislazuli-creolen-30mm-edelstahl\/","title":{"rendered":"Amazonit\/Aventurin\/Erdbeerquarz\/Lapislazuli CREOLEN *30mm Edelstahl"},"content":{"rendered":"<p>Kraftvoller Ohrschmuck mit nat\u00fcrlichen Edelsteinen in unregelm\u00e4\u00dfiger Splitterform -> somit wird jedes St\u00fcck zu einem Unikat<br \/>\nDie Creolen sind hergestellt aus nickelfreiem Edelstahl und haben einen Durchmesser von ~30mm (auf Wunsch gerne auch gr\u00f6\u00dfer oder kleiner)<br \/>\n*du bekommst deine Sch\u00e4tze h\u00fcbsch verpackt in einer handbedruckten Box aus recyceltem Altpapier, mit pers\u00f6nlichem Steckbrief beigelegt auf dem du die wichtigsten Infos zu deinem neuen Begleiter nachlesen kannst<\/p>\n<p>AMAZONIT : Gelassenheit, Ruhe &#038; Balance, Ausgeglichenheit, Frieden<br \/>\nAVENTURIN:  Optimismus, Mut, Selbstbestimmung, innere Ruhe<br \/>\nERDBEERQUARZ: Humor, Selbstreflexion, Einsicht, G\u00fcte<br \/>\nLAPISLAZULI: Selbstvertrauen, Aufrichtigkeit, Wahrnehmung, Optimismus<\/p>\n","protected":false},"excerpt":{"rendered":"<p>Kraftvoller Ohrschmuck mit nat\u00fcrlichen Edelsteinen in unregelm\u00e4\u00dfiger Splitterform -> somit wird jedes St\u00fcck zu einem Unikat Die Creolen sind hergestellt aus nickelfreiem Edelstahl und haben einen Durchmesser von ~30mm (auf Wunsch gerne auch gr\u00f6\u00dfer oder kleiner) *du bekommst deine Sch\u00e4tze h\u00fcbsch verpackt in einer handbedruckten Box aus recyceltem Altpapier, mit pers\u00f6nlichem Steckbrief beigelegt auf dem &hellip; <a href=\"https:\/\/www.regionalis.shop\/ricardart\/shop\/amazonit-aventurin-erdbeerquarz-lapislazuli-creolen-30mm-edelstahl\/\">Continued<\/a><\/p>\n","protected":false},"featured_media":2476,"template":"","meta":{"_acf_changed":false},"product_brand":[],"product_cat":[163,70],"product_tag":[],"class_list":{"0":"post-2475","1":"product","2":"type-product","3":"status-publish","4":"has-post-thumbnail","6":"product_cat-ohrringe","7":"product_cat-schmuck","9":"first","10":"instock","11":"purchasable","12":"product-type-simple"},"acf":[],"_links":{"self":[{"href":"https:\/\/www.regionalis.shop\/ricardart\/wp-json\/wp\/v2\/product\/2475","targetHints":{"allow":["GET"]}}],"collection":[{"href":"https:\/\/www.regionalis.shop\/ricardart\/wp-json\/wp\/v2\/product"}],"about":[{"href":"https:\/\/www.regionalis.shop\/ricardart\/wp-json\/wp\/v2\/types\/product"}],"wp:featuredmedia":[{"embeddable":true,"href":"https:\/\/www.regionalis.shop\/ricardart\/wp-json\/wp\/v2\/media\/2476"}],"wp:attachment":[{"href":"https:\/\/www.regionalis.shop\/ricardart\/wp-json\/wp\/v2\/media?parent=2475"}],"wp:term":[{"taxonomy":"product_brand","embeddable":true,"href":"https:\/\/www.regionalis.shop\/ricardart\/wp-json\/wp\/v2\/product_brand?post=2475"},{"taxonomy":"product_cat","embeddable":true,"href":"https:\/\/www.regionalis.shop\/ricardart\/wp-json\/wp\/v2\/product_cat?post=2475"},{"taxonomy":"product_tag","embeddable":true,"href":"https:\/\/www.regionalis.shop\/ricardart\/wp-json\/wp\/v2\/product_tag?post=2475"}],"curies":[{"name":"wp","href":"https:\/\/api.w.org\/{rel}","templated":true}]}}